{"id":40899,"date":"2022-05-29T11:49:08","date_gmt":"2022-05-29T09:49:08","guid":{"rendered":"https:\/\/dev.authority.biz\/boj\/product\/b-step-up-stool-pink\/"},"modified":"2025-03-18T15:14:42","modified_gmt":"2025-03-18T14:14:42","slug":"b-step-up-stool-pink-2","status":"publish","type":"product","link":"https:\/\/www.bojungle.eu\/pl\/produkt\/b-step-up-stool-pink-2\/","title":{"rendered":"B-Step up Stool Pink"},"content":{"rendered":"<p>Sto\u0142ek Bo Jungle Step-Up w kolorze r\u00f3\u017cowym jest idealny dla ma\u0142ych dzieci, kt\u00f3re ucz\u0105 si\u0119 korzysta\u0107 z nocnika lub potrzebuj\u0105 pomocy w dotarciu do zlewu. Jest bezpieczny dzi\u0119ki bezpiecznemu systemowi blokowania i antypo\u015blizgowym n\u00f3\u017ckom, kt\u00f3re zapewniaj\u0105 stabilno\u015b\u0107 podczas u\u017cytkowania. <\/p>\n<p>Sto\u0142ek ma regulowan\u0105 wysoko\u015b\u0107 (15 cm &#8211; 26 cm), dzi\u0119ki czemu ro\u015bnie wraz z dzieckiem. Jest lekki i wyposa\u017cony w uchwyt transportowy, dzi\u0119ki czemu mo\u017cna go \u0142atwo przenosi\u0107. Ponadto jest \u0142atwy do czyszczenia, dzi\u0119ki czemu w domu panuje porz\u0105dek.  <\/p>\n<p>Dzi\u0119ki nowoczesnemu, czystemu designowi sto\u0142ek Bo Jungle Step-Up wygl\u0105da \u015bwietnie w ka\u017cdym pomieszczeniu. Wytrzymuje obci\u0105\u017cenie do 150 kg, wi\u0119c jest wystarczaj\u0105co mocny dla wszystkich cz\u0142onk\u00f3w rodziny. <\/p>\n<p>Bezpieczny, praktyczny i stylowy, sto\u0142ek Bo Jungle Step-Up jest niezb\u0119dny w ka\u017cdym domu.<\/p>\n","protected":false},"excerpt":{"rendered":"<div class=\"elementor-element elementor-element-80cf67d elementor-widget elementor-widget-jet-single-excerpt\" data-id=\"80cf67d\" data-element_type=\"widget\" data-widget_type=\"jet-single-excerpt.default\">\n<div class=\"elementor-widget-container\">\n<div class=\"elementor-jet-single-excerpt jet-woo-builder\">\n<div class=\"woocommerce-product-details__short-description\">\n<div class=\"flex-1 overflow-hidden @container\/thread translate-y-[1.5rem] -mt-[1.5rem] pb-[1.5rem]\">\n<div class=\"h-full\">\n<div class=\"react-scroll-to-bottom--css-wjdla-79elbk h-full\">\n<div class=\"react-scroll-to-bottom--css-wjdla-1n7m0yu\">\n<div class=\"flex flex-col text-sm\">\n<article class=\"w-full text-token-text-primary focus-visible:outline-2 focus-visible:outline-offset-[-4px]\" dir=\"auto\" data-testid=\"conversation-turn-7\" data-scroll-anchor=\"true\">\n<div class=\"m-auto text-base py-[18px] px-6\">\n<div class=\"mx-auto flex flex-1 gap-4 text-base md:gap-5 lg:gap-6 md:max-w-3xl\">\n<div class=\"group\/conversation-turn relative flex w-full min-w-0 flex-col agent-turn @xs\/thread:px-0 @sm\/thread:px-1.5 @md\/thread:px-4\">\n<div class=\"flex-col gap-1 md:gap-3\">\n<div class=\"flex max-w-full flex-col flex-grow\">\n<div class=\"min-h-8 text-message flex w-full flex-col items-end gap-2 whitespace-normal break-words text-start [.text-message+&amp;]:mt-5\" dir=\"auto\" data-message-author-role=\"assistant\" data-message-id=\"b4871a3b-8d97-4bd5-9e52-52989dc4a866\" data-message-model-slug=\"gpt-4o-mini\">\n<div class=\"flex w-full flex-col gap-1 empty:hidden first:pt-[3px]\">\n<div class=\"markdown prose w-full break-words dark:prose-invert light\">\n<p>Sto\u0142ek Bo Jungle Step-Up w kolorze r\u00f3\u017cowym jest idealny dla ma\u0142ych dzieci, pomagaj\u0105c w nauce korzystania z nocnika i si\u0119gania do zlewu. Jest bezpieczny, lekki i \u0142atwy do przenoszenia, z bezpiecznym systemem blokowania i antypo\u015blizgowymi n\u00f3\u017ckami. Regulowana wysoko\u015b\u0107 (15 cm &#8211; 26 cm) ro\u015bnie wraz z dzieckiem i mo\u017ce wytrzyma\u0107 obci\u0105\u017cenie do 150 kg. Nowoczesny design i \u0142atwa w czyszczeniu powierzchnia sprawiaj\u0105, \u017ce jest to idealny dodatek do ka\u017cdego domu!   <\/p>\n<\/div>\n<\/div>\n<\/div>\n<\/div>\n<\/div>\n<\/div>\n<\/div>\n<\/div>\n<\/article>\n<\/div>\n<\/div>\n<\/div>\n<\/div>\n<\/div>\n<\/div>\n<\/div>\n<\/div>\n<\/div>\n<div class=\"elementor-element elementor-element-8148547 elementor-widget elementor-widget-spacer\" data-id=\"8148547\" data-element_type=\"widget\" data-widget_type=\"spacer.default\">\n<div class=\"elementor-widget-container\">\n<div class=\"elementor-spacer\"><\/div>\n<\/div>\n<\/div>\n","protected":false},"featured_media":69625,"comment_status":"closed","ping_status":"closed","template":"","meta":{"_lmt_disableupdate":"","_lmt_disable":""},"product_brand":[],"product_cat":[550,522],"product_tag":[],"woo-feed-brand":[],"class_list":{"0":"post-40899","1":"product","2":"type-product","3":"status-publish","4":"has-post-thumbnail","6":"product_cat-artykuly-toaletowe","7":"product_cat-pielegnacja-skory","9":"first","10":"instock","11":"taxable","12":"shipping-taxable","13":"purchasable","14":"product-type-simple"},"_links":{"self":[{"href":"https:\/\/www.bojungle.eu\/pl\/wp-json\/wp\/v2\/product\/40899","targetHints":{"allow":["GET"]}}],"collection":[{"href":"https:\/\/www.bojungle.eu\/pl\/wp-json\/wp\/v2\/product"}],"about":[{"href":"https:\/\/www.bojungle.eu\/pl\/wp-json\/wp\/v2\/types\/product"}],"replies":[{"embeddable":true,"href":"https:\/\/www.bojungle.eu\/pl\/wp-json\/wp\/v2\/comments?post=40899"}],"version-history":[{"count":1,"href":"https:\/\/www.bojungle.eu\/pl\/wp-json\/wp\/v2\/product\/40899\/revisions"}],"predecessor-version":[{"id":79382,"href":"https:\/\/www.bojungle.eu\/pl\/wp-json\/wp\/v2\/product\/40899\/revisions\/79382"}],"wp:featuredmedia":[{"embeddable":true,"href":"https:\/\/www.bojungle.eu\/pl\/wp-json\/wp\/v2\/media\/69625"}],"wp:attachment":[{"href":"https:\/\/www.bojungle.eu\/pl\/wp-json\/wp\/v2\/media?parent=40899"}],"wp:term":[{"taxonomy":"product_brand","embeddable":true,"href":"https:\/\/www.bojungle.eu\/pl\/wp-json\/wp\/v2\/product_brand?post=40899"},{"taxonomy":"product_cat","embeddable":true,"href":"https:\/\/www.bojungle.eu\/pl\/wp-json\/wp\/v2\/product_cat?post=40899"},{"taxonomy":"product_tag","embeddable":true,"href":"https:\/\/www.bojungle.eu\/pl\/wp-json\/wp\/v2\/product_tag?post=40899"},{"taxonomy":"woo-feed-brand","embeddable":true,"href":"https:\/\/www.bojungle.eu\/pl\/wp-json\/wp\/v2\/woo-feed-brand?post=40899"}],"curies":[{"name":"wp","href":"https:\/\/api.w.org\/{rel}","templated":true}]}}