{"id":40924,"date":"2022-05-29T11:49:07","date_gmt":"2022-05-29T09:49:07","guid":{"rendered":"https:\/\/dev.authority.biz\/boj\/product\/b-soft-spoon-set-3-pcs-grey-white-pink\/"},"modified":"2022-05-29T11:49:07","modified_gmt":"2022-05-29T11:49:07","slug":"b-soft-spoon-set-3-pcs-grey-white-pink-2","status":"publish","type":"product","link":"https:\/\/www.bojungle.eu\/pl\/produkt\/b-soft-spoon-set-3-pcs-grey-white-pink-2\/","title":{"rendered":"B-Soft Spoon Set 3 pcs (Grey &#8211; White &#8211; Pink)"},"content":{"rendered":"<ul>\n<li>Idealna \u0142y\u017ceczka do pierwszych gryz\u00f3w Twojego dziecka!<\/li>\n<li>\u0141y\u017cka z wypustkami z mi\u0119kkiego silikonu, kt\u00f3ry chroni wra\u017cliwe dzi\u0105s\u0142a dziecka<\/li>\n<li>Mi\u0119kki i p\u0142aski prz\u00f3d, dzi\u0119ki czemu nawet ma\u0142e dzieci s\u0105 w stanie zdj\u0105\u0107 pokarm<\/li>\n<li>Plastikowa r\u0105czka zapewnia dobry chwyt<\/li>\n<li>Mo\u017cliwo\u015b\u0107 mycia w zmywarce<\/li>\n<li>Sprzedawane w zestawie 3 \u0142y\u017cek w kolorze bia\u0142ym, r\u00f3\u017cowym i szarym<\/li>\n<\/ul>\n","protected":false},"excerpt":{"rendered":"<p>Idealna \u0142y\u017ceczka do pierwszych gryz\u00f3w Twojego dziecka!<\/p>\n","protected":false},"featured_media":56983,"comment_status":"closed","ping_status":"closed","template":"","meta":{"_lmt_disableupdate":"","_lmt_disable":""},"product_brand":[],"product_cat":[567,441],"product_tag":[],"woo-feed-brand":[],"class_list":{"0":"post-40924","1":"product","2":"type-product","3":"status-publish","4":"has-post-thumbnail","6":"product_cat-czas-na-kolacje","7":"product_cat-zywnosc-i-napoje","9":"first","10":"outofstock","11":"taxable","12":"shipping-taxable","13":"purchasable","14":"product-type-simple"},"_links":{"self":[{"href":"https:\/\/www.bojungle.eu\/pl\/wp-json\/wp\/v2\/product\/40924","targetHints":{"allow":["GET"]}}],"collection":[{"href":"https:\/\/www.bojungle.eu\/pl\/wp-json\/wp\/v2\/product"}],"about":[{"href":"https:\/\/www.bojungle.eu\/pl\/wp-json\/wp\/v2\/types\/product"}],"replies":[{"embeddable":true,"href":"https:\/\/www.bojungle.eu\/pl\/wp-json\/wp\/v2\/comments?post=40924"}],"version-history":[{"count":0,"href":"https:\/\/www.bojungle.eu\/pl\/wp-json\/wp\/v2\/product\/40924\/revisions"}],"wp:featuredmedia":[{"embeddable":true,"href":"https:\/\/www.bojungle.eu\/pl\/wp-json\/wp\/v2\/media\/56983"}],"wp:attachment":[{"href":"https:\/\/www.bojungle.eu\/pl\/wp-json\/wp\/v2\/media?parent=40924"}],"wp:term":[{"taxonomy":"product_brand","embeddable":true,"href":"https:\/\/www.bojungle.eu\/pl\/wp-json\/wp\/v2\/product_brand?post=40924"},{"taxonomy":"product_cat","embeddable":true,"href":"https:\/\/www.bojungle.eu\/pl\/wp-json\/wp\/v2\/product_cat?post=40924"},{"taxonomy":"product_tag","embeddable":true,"href":"https:\/\/www.bojungle.eu\/pl\/wp-json\/wp\/v2\/product_tag?post=40924"},{"taxonomy":"woo-feed-brand","embeddable":true,"href":"https:\/\/www.bojungle.eu\/pl\/wp-json\/wp\/v2\/woo-feed-brand?post=40924"}],"curies":[{"name":"wp","href":"https:\/\/api.w.org\/{rel}","templated":true}]}}