{"id":40931,"date":"2022-05-29T11:49:08","date_gmt":"2022-05-29T09:49:08","guid":{"rendered":"https:\/\/dev.authority.biz\/boj\/product\/b-stroller-liner-turquoise\/"},"modified":"2022-05-29T11:49:08","modified_gmt":"2022-05-29T11:49:08","slug":"b-stroller-liner-turquoise-2","status":"publish","type":"product","link":"https:\/\/www.bojungle.eu\/pl\/produkt\/b-stroller-liner-turquoise-2\/","title":{"rendered":"B-Stroller liner Turquoise"},"content":{"rendered":"<ul>\n<li>Poniewa\u017c wi\u0119ksze niemowl\u0119ta lub dzieci, kt\u00f3re potrafi\u0105 ju\u017c siedzie\u0107 w w\u00f3zku, r\u00f3wnie\u017c zas\u0142uguj\u0105 na to, by mie\u0107 to, co najlepsze.<\/li>\n<li>Wk\u0142adka z super mi\u0119kk\u0105 stron\u0105 zimow\u0105 i absorbuj\u0105c\u0105 stron\u0105 letni\u0105<\/li>\n<li>Z otworami na pasy bezpiecze\u0144stwa<\/li>\n<li>Mo\u017cna pra\u0107 w pralce<\/li>\n<\/ul>\n","protected":false},"excerpt":{"rendered":"<p>Wk\u0142adka z super mi\u0119kk\u0105 stron\u0105 zimow\u0105 i absorbuj\u0105c\u0105 stron\u0105 letni\u0105<\/p>\n","protected":false},"featured_media":68412,"comment_status":"closed","ping_status":"closed","template":"","meta":{"_lmt_disableupdate":"","_lmt_disable":""},"product_brand":[],"product_cat":[630,629],"product_tag":[],"woo-feed-brand":[],"class_list":{"0":"post-40931","1":"product","2":"type-product","3":"status-publish","4":"has-post-thumbnail","6":"product_cat-akcesoria-zewnetrzne","7":"product_cat-na-zewnatrz","9":"first","10":"instock","11":"taxable","12":"shipping-taxable","13":"purchasable","14":"product-type-simple"},"_links":{"self":[{"href":"https:\/\/www.bojungle.eu\/pl\/wp-json\/wp\/v2\/product\/40931","targetHints":{"allow":["GET"]}}],"collection":[{"href":"https:\/\/www.bojungle.eu\/pl\/wp-json\/wp\/v2\/product"}],"about":[{"href":"https:\/\/www.bojungle.eu\/pl\/wp-json\/wp\/v2\/types\/product"}],"replies":[{"embeddable":true,"href":"https:\/\/www.bojungle.eu\/pl\/wp-json\/wp\/v2\/comments?post=40931"}],"version-history":[{"count":0,"href":"https:\/\/www.bojungle.eu\/pl\/wp-json\/wp\/v2\/product\/40931\/revisions"}],"wp:featuredmedia":[{"embeddable":true,"href":"https:\/\/www.bojungle.eu\/pl\/wp-json\/wp\/v2\/media\/68412"}],"wp:attachment":[{"href":"https:\/\/www.bojungle.eu\/pl\/wp-json\/wp\/v2\/media?parent=40931"}],"wp:term":[{"taxonomy":"product_brand","embeddable":true,"href":"https:\/\/www.bojungle.eu\/pl\/wp-json\/wp\/v2\/product_brand?post=40931"},{"taxonomy":"product_cat","embeddable":true,"href":"https:\/\/www.bojungle.eu\/pl\/wp-json\/wp\/v2\/product_cat?post=40931"},{"taxonomy":"product_tag","embeddable":true,"href":"https:\/\/www.bojungle.eu\/pl\/wp-json\/wp\/v2\/product_tag?post=40931"},{"taxonomy":"woo-feed-brand","embeddable":true,"href":"https:\/\/www.bojungle.eu\/pl\/wp-json\/wp\/v2\/woo-feed-brand?post=40931"}],"curies":[{"name":"wp","href":"https:\/\/api.w.org\/{rel}","templated":true}]}}