{"id":40977,"date":"2022-05-29T11:49:07","date_gmt":"2022-05-29T09:49:07","guid":{"rendered":"https:\/\/dev.authority.biz\/boj\/product\/b-silikonowy-zestaw-lyzka-widelec-noz-szary\/"},"modified":"2025-05-14T11:59:57","modified_gmt":"2025-05-14T09:59:57","slug":"b-silikonowy-zestaw-lyzek-do-noza-szary","status":"publish","type":"product","link":"https:\/\/www.bojungle.eu\/pl\/produkt\/b-silikonowy-zestaw-lyzek-do-noza-szary\/","title":{"rendered":"Silikonowy zestaw \u0142y\u017cka-widelec-n\u00f3\u017c szary"},"content":{"rendered":"<p data-pm-slice=\"1 1 []\">Spraw, by posi\u0142ki by\u0142y zabawne i bezpieczne dzi\u0119ki naszemu silikonowemu zestawowi \u0142y\u017cka-widelec-n\u00f3\u017c, idealnemu zestawowi sztu\u0107c\u00f3w dla ma\u0142ych r\u0105czek. Ten wspania\u0142y zestaw zawiera \u0142y\u017ck\u0119, widelec i n\u00f3\u017c, wszystkie wykonane z gumy silikonowej dopuszczonej do kontaktu z \u017cywno\u015bci\u0105. Zaprojektowane z my\u015bl\u0105 o \u0142atwym chwytaniu, ergonomiczne uchwyty s\u0105 specjalnie ukszta\u0142towane dla ma\u0142ych palc\u00f3w, promuj\u0105c samodzielne karmienie i buduj\u0105c pewno\u015b\u0107 siebie u maluch\u00f3w. Zestaw jest trwa\u0142y, lekki i delikatny dla wra\u017cliwych dzi\u0105se\u0142, co czyni go idealnym wyborem dla maluch\u00f3w i ma\u0142ych dzieci ucz\u0105cych si\u0119 samodzielnego jedzenia.   <\/p>\n<p>Kluczowe cechy:<\/p>\n<ul data-spread=\"false\">\n<li><strong>Konstrukcja przyjazna dzieciom: <\/strong>Mi\u0119kkie, zaokr\u0105glone kraw\u0119dzie i g\u0142adki silikonowy materia\u0142 zapewniaj\u0105 bezpieczne i wygodne u\u017cytkowanie.<\/li>\n<li><strong>Uchwyty Easy Grip<\/strong>: Specjalnie zaprojektowany, aby pasowa\u0142 do ma\u0142ych d\u0142oni, zach\u0119caj\u0105c do samodzielnego karmienia<\/li>\n<li><strong>Wysokiej jako\u015bci materia\u0142: <\/strong>Wykonane z silikonu spo\u017cywczego niezawieraj\u0105cego BPA, zapewniaj\u0105cego bezpiecze\u0144stwo i trwa\u0142o\u015b\u0107.<\/li>\n<li><strong>\u017bywe kolory: <\/strong>Dost\u0119pne w weso\u0142ych, zabawnych kolorach, kt\u00f3re anga\u017cuj\u0105 i zachwycaj\u0105 ma\u0142ych niejadk\u00f3w.<\/li>\n<li><strong>Mo\u017cna my\u0107 w zmywarce: <\/strong>\u0141atwy w czyszczeniu i konserwacji dla zapracowanych rodzic\u00f3w.<\/li>\n<\/ul>\n<p>Silikonowy zestaw \u0142y\u017cka-widelec-n\u00f3\u017c to praktyczny i zabawny zestaw sztu\u0107c\u00f3w dla dzieci zaprojektowany z my\u015bl\u0105 o ma\u0142ych r\u0105czkach i rosn\u0105cym apetycie.<\/p>\n","protected":false},"excerpt":{"rendered":"<p>Spraw, by posi\u0142ki by\u0142y \u0142atwe i przyjemne dzi\u0119ki naszemu silikonowemu zestawowi \u0142y\u017cka-widelec-n\u00f3\u017c &#8211; idealnemu zestawowi sztu\u0107c\u00f3w dla dzieci zaprojektowanemu z my\u015bl\u0105 o ma\u0142ych r\u0105czkach. Wykonany z silikonu spo\u017cywczego niezawieraj\u0105cego BPA, ten trwa\u0142y zestaw jest mi\u0119kki, bezpieczny i \u0142atwy do trzymania, pomagaj\u0105c maluchom w nauce samodzielnego jedzenia. <\/p>\n","protected":false},"featured_media":72342,"comment_status":"closed","ping_status":"closed","template":"","meta":{"_lmt_disableupdate":"","_lmt_disable":""},"product_brand":[],"product_cat":[567,443,441],"product_tag":[],"woo-feed-brand":[],"class_list":{"0":"post-40977","1":"product","2":"type-product","3":"status-publish","4":"has-post-thumbnail","6":"product_cat-czas-na-kolacje","7":"product_cat-gama-silikonow","8":"product_cat-zywnosc-i-napoje","10":"first","11":"instock","12":"taxable","13":"shipping-taxable","14":"purchasable","15":"product-type-simple"},"_links":{"self":[{"href":"https:\/\/www.bojungle.eu\/pl\/wp-json\/wp\/v2\/product\/40977","targetHints":{"allow":["GET"]}}],"collection":[{"href":"https:\/\/www.bojungle.eu\/pl\/wp-json\/wp\/v2\/product"}],"about":[{"href":"https:\/\/www.bojungle.eu\/pl\/wp-json\/wp\/v2\/types\/product"}],"replies":[{"embeddable":true,"href":"https:\/\/www.bojungle.eu\/pl\/wp-json\/wp\/v2\/comments?post=40977"}],"version-history":[{"count":1,"href":"https:\/\/www.bojungle.eu\/pl\/wp-json\/wp\/v2\/product\/40977\/revisions"}],"predecessor-version":[{"id":79679,"href":"https:\/\/www.bojungle.eu\/pl\/wp-json\/wp\/v2\/product\/40977\/revisions\/79679"}],"wp:featuredmedia":[{"embeddable":true,"href":"https:\/\/www.bojungle.eu\/pl\/wp-json\/wp\/v2\/media\/72342"}],"wp:attachment":[{"href":"https:\/\/www.bojungle.eu\/pl\/wp-json\/wp\/v2\/media?parent=40977"}],"wp:term":[{"taxonomy":"product_brand","embeddable":true,"href":"https:\/\/www.bojungle.eu\/pl\/wp-json\/wp\/v2\/product_brand?post=40977"},{"taxonomy":"product_cat","embeddable":true,"href":"https:\/\/www.bojungle.eu\/pl\/wp-json\/wp\/v2\/product_cat?post=40977"},{"taxonomy":"product_tag","embeddable":true,"href":"https:\/\/www.bojungle.eu\/pl\/wp-json\/wp\/v2\/product_tag?post=40977"},{"taxonomy":"woo-feed-brand","embeddable":true,"href":"https:\/\/www.bojungle.eu\/pl\/wp-json\/wp\/v2\/woo-feed-brand?post=40977"}],"curies":[{"name":"wp","href":"https:\/\/api.w.org\/{rel}","templated":true}]}}