{"id":40992,"date":"2022-05-29T11:49:07","date_gmt":"2022-05-29T09:49:07","guid":{"rendered":"https:\/\/dev.authority.biz\/boj\/product\/b-step-up-stool-blue\/"},"modified":"2025-03-18T13:50:32","modified_gmt":"2025-03-18T12:50:32","slug":"b-step-up-stool-blue-2","status":"publish","type":"product","link":"https:\/\/www.bojungle.eu\/pl\/produkt\/b-step-up-stool-blue-2\/","title":{"rendered":"B-Step up Stool Blue"},"content":{"rendered":"<p>Sto\u0142ek Bo Jungle Step-Up w kolorze niebieskim jest idealny dla ma\u0142ych dzieci, kt\u00f3re ucz\u0105 si\u0119 korzysta\u0107 z nocnika lub potrzebuj\u0105 pomocy w dotarciu do zlewu. Jest bezpieczny dzi\u0119ki bezpiecznemu systemowi blokowania i antypo\u015blizgowym n\u00f3\u017ckom, kt\u00f3re zapewniaj\u0105 stabilno\u015b\u0107 podczas u\u017cytkowania. <\/p>\n<p>Sto\u0142ek ma regulowan\u0105 wysoko\u015b\u0107 (15 cm &#8211; 26 cm), dzi\u0119ki czemu ro\u015bnie wraz z dzieckiem. Jest lekki i wyposa\u017cony w uchwyt transportowy, dzi\u0119ki czemu mo\u017cna go \u0142atwo przenosi\u0107. Ponadto jest \u0142atwy do czyszczenia, dzi\u0119ki czemu w domu panuje porz\u0105dek.  <\/p>\n<p>Dzi\u0119ki nowoczesnemu, czystemu designowi sto\u0142ek Bo Jungle Step-Up wygl\u0105da \u015bwietnie w ka\u017cdym pomieszczeniu. Wytrzymuje obci\u0105\u017cenie do 150 kg, wi\u0119c jest wystarczaj\u0105co mocny dla wszystkich cz\u0142onk\u00f3w rodziny. <\/p>\n<p>Bezpieczny, praktyczny i stylowy, sto\u0142ek Bo Jungle Step-Up jest niezb\u0119dny w ka\u017cdym domu.<\/p>\n","protected":false},"excerpt":{"rendered":"<p>Sto\u0142ek Bo Jungle Step-Up w kolorze niebieskim jest idealny dla ma\u0142ych dzieci, pomagaj\u0105c w nauce korzystania z nocnika i si\u0119gania do zlewu. Jest bezpieczny, lekki i \u0142atwy do przenoszenia, z bezpiecznym systemem blokowania i antypo\u015blizgowymi n\u00f3\u017ckami. Regulowana wysoko\u015b\u0107 (15 cm &#8211; 26 cm) ro\u015bnie wraz z dzieckiem i mo\u017ce wytrzyma\u0107 obci\u0105\u017cenie do 150 kg. Nowoczesny design i \u0142atwa do czyszczenia powierzchnia sprawiaj\u0105, \u017ce jest to idealny dodatek do ka\u017cdego domu!   <\/p>\n","protected":false},"featured_media":69755,"comment_status":"closed","ping_status":"closed","template":"","meta":{"_lmt_disableupdate":"","_lmt_disable":""},"product_brand":[],"product_cat":[550,522],"product_tag":[],"woo-feed-brand":[],"class_list":{"0":"post-40992","1":"product","2":"type-product","3":"status-publish","4":"has-post-thumbnail","6":"product_cat-artykuly-toaletowe","7":"product_cat-pielegnacja-skory","9":"first","10":"outofstock","11":"taxable","12":"shipping-taxable","13":"purchasable","14":"product-type-simple"},"_links":{"self":[{"href":"https:\/\/www.bojungle.eu\/pl\/wp-json\/wp\/v2\/product\/40992","targetHints":{"allow":["GET"]}}],"collection":[{"href":"https:\/\/www.bojungle.eu\/pl\/wp-json\/wp\/v2\/product"}],"about":[{"href":"https:\/\/www.bojungle.eu\/pl\/wp-json\/wp\/v2\/types\/product"}],"replies":[{"embeddable":true,"href":"https:\/\/www.bojungle.eu\/pl\/wp-json\/wp\/v2\/comments?post=40992"}],"version-history":[{"count":1,"href":"https:\/\/www.bojungle.eu\/pl\/wp-json\/wp\/v2\/product\/40992\/revisions"}],"predecessor-version":[{"id":79368,"href":"https:\/\/www.bojungle.eu\/pl\/wp-json\/wp\/v2\/product\/40992\/revisions\/79368"}],"wp:featuredmedia":[{"embeddable":true,"href":"https:\/\/www.bojungle.eu\/pl\/wp-json\/wp\/v2\/media\/69755"}],"wp:attachment":[{"href":"https:\/\/www.bojungle.eu\/pl\/wp-json\/wp\/v2\/media?parent=40992"}],"wp:term":[{"taxonomy":"product_brand","embeddable":true,"href":"https:\/\/www.bojungle.eu\/pl\/wp-json\/wp\/v2\/product_brand?post=40992"},{"taxonomy":"product_cat","embeddable":true,"href":"https:\/\/www.bojungle.eu\/pl\/wp-json\/wp\/v2\/product_cat?post=40992"},{"taxonomy":"product_tag","embeddable":true,"href":"https:\/\/www.bojungle.eu\/pl\/wp-json\/wp\/v2\/product_tag?post=40992"},{"taxonomy":"woo-feed-brand","embeddable":true,"href":"https:\/\/www.bojungle.eu\/pl\/wp-json\/wp\/v2\/woo-feed-brand?post=40992"}],"curies":[{"name":"wp","href":"https:\/\/api.w.org\/{rel}","templated":true}]}}