{"id":41009,"date":"2022-05-29T11:49:06","date_gmt":"2022-05-29T09:49:06","guid":{"rendered":"https:\/\/dev.authority.biz\/boj\/product\/b-pierscienie-silikonowe-6-szt\/"},"modified":"2022-05-29T11:49:06","modified_gmt":"2022-05-29T11:49:06","slug":"b-silikonowe-pierscienie-6-szt","status":"publish","type":"product","link":"https:\/\/www.bojungle.eu\/pl\/produkt\/b-silikonowe-pierscienie-6-szt\/","title":{"rendered":"B &#8211; pier\u015bcienie silikonowe (6 szt.)"},"content":{"rendered":"<ul>\n<li>Te silikonowe pier\u015bcienie w modnych kolorach b\u0119d\u0105 towarzyszy\u0107 Twojemu dziecku wsz\u0119dzie.<\/li>\n<li>Dziecko mo\u017ce je \u017cu\u0107, aby ukoi\u0107 swoje dzi\u0105s\u0142a podczas z\u0105bkowania, a sk\u0142adaj\u0105c je b\u0119dzie rozwija\u0107 swoje umiej\u0119tno\u015bci motoryczne.<\/li>\n<li>Ale te pier\u015bcienie s\u0105 r\u00f3wnie\u017c bardzo praktyczne do mocowania zabawek i mi\u0119kkich zabawek, aby zapobiec ich wypadni\u0119ciu z w\u00f3zka lub do przywi\u0105zania ich w kojcu.<\/li>\n<li>Dla zachowania idealnej higieny zabawk\u0119 mo\u017cna my\u0107 w zmywarce i sterylizowa\u0107.<\/li>\n<li>Wysokiej jako\u015bci silikonowa zabawka.<\/li>\n<\/ul>\n","protected":false},"excerpt":{"rendered":"<p>Te silikonowe pier\u015bcienie w modnych kolorach b\u0119d\u0105 towarzyszy\u0107 Twojemu dziecku wsz\u0119dzie.<\/p>\n<p>&nbsp;<\/p>\n","protected":false},"featured_media":84852,"comment_status":"closed","ping_status":"closed","template":"","meta":{"_lmt_disableupdate":"","_lmt_disable":""},"product_brand":[],"product_cat":[474,494,493],"product_tag":[],"woo-feed-brand":[],"class_list":{"0":"post-41009","1":"product","2":"type-product","3":"status-publish","4":"has-post-thumbnail","6":"product_cat-playtime-pl","7":"product_cat-zabawki-silikonowe","8":"product_cat-zawies-zabawki","10":"first","11":"instock","12":"taxable","13":"shipping-taxable","14":"purchasable","15":"product-type-simple"},"_links":{"self":[{"href":"https:\/\/www.bojungle.eu\/pl\/wp-json\/wp\/v2\/product\/41009","targetHints":{"allow":["GET"]}}],"collection":[{"href":"https:\/\/www.bojungle.eu\/pl\/wp-json\/wp\/v2\/product"}],"about":[{"href":"https:\/\/www.bojungle.eu\/pl\/wp-json\/wp\/v2\/types\/product"}],"replies":[{"embeddable":true,"href":"https:\/\/www.bojungle.eu\/pl\/wp-json\/wp\/v2\/comments?post=41009"}],"version-history":[{"count":0,"href":"https:\/\/www.bojungle.eu\/pl\/wp-json\/wp\/v2\/product\/41009\/revisions"}],"wp:featuredmedia":[{"embeddable":true,"href":"https:\/\/www.bojungle.eu\/pl\/wp-json\/wp\/v2\/media\/84852"}],"wp:attachment":[{"href":"https:\/\/www.bojungle.eu\/pl\/wp-json\/wp\/v2\/media?parent=41009"}],"wp:term":[{"taxonomy":"product_brand","embeddable":true,"href":"https:\/\/www.bojungle.eu\/pl\/wp-json\/wp\/v2\/product_brand?post=41009"},{"taxonomy":"product_cat","embeddable":true,"href":"https:\/\/www.bojungle.eu\/pl\/wp-json\/wp\/v2\/product_cat?post=41009"},{"taxonomy":"product_tag","embeddable":true,"href":"https:\/\/www.bojungle.eu\/pl\/wp-json\/wp\/v2\/product_tag?post=41009"},{"taxonomy":"woo-feed-brand","embeddable":true,"href":"https:\/\/www.bojungle.eu\/pl\/wp-json\/wp\/v2\/woo-feed-brand?post=41009"}],"curies":[{"name":"wp","href":"https:\/\/api.w.org\/{rel}","templated":true}]}}