{"id":41020,"date":"2022-05-29T11:49:06","date_gmt":"2022-05-29T09:49:06","guid":{"rendered":"https:\/\/dev.authority.biz\/boj\/product\/b-snooze-3-w-1-bialy-szary\/"},"modified":"2024-02-12T12:48:40","modified_gmt":"2024-02-12T11:48:40","slug":"b-snooze-3-in-1-white-grey-2","status":"publish","type":"product","link":"https:\/\/www.bojungle.eu\/pl\/produkt\/b-snooze-3-in-1-white-grey-2\/","title":{"rendered":"B-Snooze 3 w 1 Bia\u0142y\/szary"},"content":{"rendered":"<p>Poduszka B-Snooze 3 w 1 White \/ grey zosta\u0142a stworzona z my\u015bl\u0105 o wszechstronno\u015bci. Mo\u017ce by\u0107 u\u017cywany w trzech r\u00f3\u017cnych konfiguracjach, z kt\u00f3rych ka\u017cda oferuje wsparcie dostosowane do r\u00f3\u017cnych pozycji snu i potrzeb.  Niezale\u017cnie od tego, czy chodzi o delikatne uniesienie g\u0142\u00f3wki dziecka, ko\u0142ysanie jego delikatnego cia\u0142a, czy te\u017c zapewnienie wsparcia podczas podr\u00f3\u017cy, poduszka ta bez trudu dostosowuje si\u0119 do zmieniaj\u0105cych si\u0119 wymaga\u0144 dziecka. Jedn\u0105 z wyr\u00f3\u017cniaj\u0105cych si\u0119 cech B-Snooze 3 in 1 jest regulowany zag\u0142\u00f3wek, zaprojektowany tak, aby dostosowa\u0107 si\u0119 do wzrostu i rozwoju dziecka. W miar\u0119 jak maluch ro\u015bnie, wystarczy zmodyfikowa\u0107 zag\u0142\u00f3wek, aby zapewni\u0107 optymalny komfort i u\u0142o\u017cenie, promuj\u0105c zdrowe nawyki snu od niemowl\u0119ctwa do wieku dzieci\u0119cego. Zaprojektowany z materia\u0142\u00f3w wentylacyjnych, ten le\u017caczek promuje przep\u0142yw powietrza i oddychalno\u015b\u0107, zapewniaj\u0105c dziecku ch\u0142\u00f3d i wygod\u0119 o ka\u017cdej porze roku. Zastosowanie wysokiej jako\u015bci, oddychaj\u0105cych tkanin nie tylko zwi\u0119ksza komfort, ale tak\u017ce priorytetowo traktuje bezpiecze\u0144stwo, zapewniaj\u0105c dziecku spokojny sen bez przegrzania. Bezpiecze\u0144stwo jest najwa\u017cniejsze, dlatego B-Snooze 3 w 1 jest wyposa\u017cony w otwory na pasy bezpiecze\u0144stwa, zapewniaj\u0105c bezpieczne i dok\u0142adne dopasowanie podczas podr\u00f3\u017cy lub podczas korzystania z w\u00f3zka lub fotelika samochodowego. Dodatkowo, dolna cz\u0119\u015b\u0107 jest wodoodporna, oferuj\u0105c dodatkow\u0105 ochron\u0119 przed wypadkami z pieluch\u0105 i rozlanymi p\u0142ynami, dzi\u0119ki czemu mo\u017cesz by\u0107 spokojny, wiedz\u0105c, \u017ce \u015brodowisko snu Twojego dziecka pozostaje czyste i higieniczne.<\/p>\n<p>Zwi\u0119ksz komfort podr\u00f3\u017cy i snu swojego dziecka dzi\u0119ki le\u017caczkowi B-Snooze 3 w 1 bia\u0142y\/szary. Zaprojektowany z my\u015bl\u0105 o wszechstronno\u015bci, wygodzie i bezpiecze\u0144stwie, jest idealnym towarzyszem podr\u00f3\u017cy Twojego malucha!<\/p>\n<ul>\n<li>Uniwersalna poduszka zapewniaj\u0105ca wsparcie dla ca\u0142ego cia\u0142a dziecka<\/li>\n<li>3 cz\u0119\u015bci mog\u0105 by\u0107 r\u00f3wnie\u017c u\u017cywane pojedynczo<\/li>\n<li>Zag\u0142\u00f3wek mo\u017cna regulowa\u0107 w miar\u0119 wzrostu dziecka<\/li>\n<li>Substancje wentyluj\u0105ce zapewniaj\u0105 wi\u0119kszy komfort i bezpiecze\u0144stwo o ka\u017cdej porze roku<\/li>\n<li>Z otworami na pasy bezpiecze\u0144stwa<\/li>\n<li>Dolna cz\u0119\u015b\u0107 jest odporna na wod\u0119, aby zapewni\u0107 ochron\u0119 przed wypadkami przy zanurzeniu.<\/li>\n<\/ul>\n","protected":false},"excerpt":{"rendered":"<p>Odkryj B-Snooze 3 w 1 White\/Grey, najlepsze rozwi\u0105zanie zapewniaj\u0105ce dziecku komfort i bezpiecze\u0144stwo podczas snu i podr\u00f3\u017cy. Ta innowacyjna, uniwersalna poduszka zosta\u0142a starannie zaprojektowana, aby zapewni\u0107 kompleksowe wsparcie dla ca\u0142ego cia\u0142a malucha, zapewniaj\u0105c przytulny i bezpieczny wypoczynek za ka\u017cdym razem.<\/p>\n","protected":false},"featured_media":56941,"comment_status":"closed","ping_status":"closed","template":"","meta":{"_lmt_disableupdate":"","_lmt_disable":""},"product_brand":[],"product_cat":[630,629],"product_tag":[],"woo-feed-brand":[],"class_list":{"0":"post-41020","1":"product","2":"type-product","3":"status-publish","4":"has-post-thumbnail","6":"product_cat-akcesoria-zewnetrzne","7":"product_cat-na-zewnatrz","9":"first","10":"instock","11":"taxable","12":"shipping-taxable","13":"purchasable","14":"product-type-simple"},"_links":{"self":[{"href":"https:\/\/www.bojungle.eu\/pl\/wp-json\/wp\/v2\/product\/41020","targetHints":{"allow":["GET"]}}],"collection":[{"href":"https:\/\/www.bojungle.eu\/pl\/wp-json\/wp\/v2\/product"}],"about":[{"href":"https:\/\/www.bojungle.eu\/pl\/wp-json\/wp\/v2\/types\/product"}],"replies":[{"embeddable":true,"href":"https:\/\/www.bojungle.eu\/pl\/wp-json\/wp\/v2\/comments?post=41020"}],"version-history":[{"count":1,"href":"https:\/\/www.bojungle.eu\/pl\/wp-json\/wp\/v2\/product\/41020\/revisions"}],"predecessor-version":[{"id":65856,"href":"https:\/\/www.bojungle.eu\/pl\/wp-json\/wp\/v2\/product\/41020\/revisions\/65856"}],"wp:featuredmedia":[{"embeddable":true,"href":"https:\/\/www.bojungle.eu\/pl\/wp-json\/wp\/v2\/media\/56941"}],"wp:attachment":[{"href":"https:\/\/www.bojungle.eu\/pl\/wp-json\/wp\/v2\/media?parent=41020"}],"wp:term":[{"taxonomy":"product_brand","embeddable":true,"href":"https:\/\/www.bojungle.eu\/pl\/wp-json\/wp\/v2\/product_brand?post=41020"},{"taxonomy":"product_cat","embeddable":true,"href":"https:\/\/www.bojungle.eu\/pl\/wp-json\/wp\/v2\/product_cat?post=41020"},{"taxonomy":"product_tag","embeddable":true,"href":"https:\/\/www.bojungle.eu\/pl\/wp-json\/wp\/v2\/product_tag?post=41020"},{"taxonomy":"woo-feed-brand","embeddable":true,"href":"https:\/\/www.bojungle.eu\/pl\/wp-json\/wp\/v2\/woo-feed-brand?post=41020"}],"curies":[{"name":"wp","href":"https:\/\/api.w.org\/{rel}","templated":true}]}}