{"id":41039,"date":"2022-05-29T11:49:00","date_gmt":"2022-05-29T09:49:00","guid":{"rendered":"https:\/\/dev.authority.biz\/boj\/product\/b-silikonowe-krazki-do-ukladania-w-stos\/"},"modified":"2022-05-29T11:49:00","modified_gmt":"2022-05-29T11:49:00","slug":"b-silikonowe-ukladanie-zabawek-kola","status":"publish","type":"product","link":"https:\/\/www.bojungle.eu\/pl\/produkt\/b-silikonowe-ukladanie-zabawek-kola\/","title":{"rendered":"B-Silikonowe kr\u0105\u017cki do uk\u0142adania w stos"},"content":{"rendered":"<ul>\n<li>Wielki klasyk na nowo, wielobarwna wie\u017ca do uk\u0142adania w stosy w silikonie dla trwa\u0142ego i zdrowego produktu.<\/li>\n<li>Jest to idealna zabawka do rozwijania drobnych umiej\u0119tno\u015bci motorycznych dziecka.<\/li>\n<li>Zabawka designerska i modne kolory, kt\u00f3re spodobaj\u0105 si\u0119 zar\u00f3wno dziecku jak i rodzicom!<\/li>\n<li>Dla zachowania idealnej higieny zabawk\u0119 mo\u017cna my\u0107 w zmywarce i mo\u017cna j\u0105 sterylizowa\u0107.<\/li>\n<li>Wysokiej jako\u015bci silikonowa zabawka.<\/li>\n<\/ul>\n","protected":false},"excerpt":{"rendered":"<p>Wielki klasyk na nowo, wielobarwna wie\u017ca do uk\u0142adania w stosy w silikonie dla trwa\u0142ego i zdrowego produktu.<\/p>\n","protected":false},"featured_media":71193,"comment_status":"closed","ping_status":"closed","template":"","meta":{"_lmt_disableupdate":"","_lmt_disable":""},"product_brand":[],"product_cat":[474,494],"product_tag":[],"woo-feed-brand":[],"class_list":{"0":"post-41039","1":"product","2":"type-product","3":"status-publish","4":"has-post-thumbnail","6":"product_cat-playtime-pl","7":"product_cat-zabawki-silikonowe","9":"first","10":"instock","11":"taxable","12":"shipping-taxable","13":"purchasable","14":"product-type-simple"},"_links":{"self":[{"href":"https:\/\/www.bojungle.eu\/pl\/wp-json\/wp\/v2\/product\/41039","targetHints":{"allow":["GET"]}}],"collection":[{"href":"https:\/\/www.bojungle.eu\/pl\/wp-json\/wp\/v2\/product"}],"about":[{"href":"https:\/\/www.bojungle.eu\/pl\/wp-json\/wp\/v2\/types\/product"}],"replies":[{"embeddable":true,"href":"https:\/\/www.bojungle.eu\/pl\/wp-json\/wp\/v2\/comments?post=41039"}],"version-history":[{"count":0,"href":"https:\/\/www.bojungle.eu\/pl\/wp-json\/wp\/v2\/product\/41039\/revisions"}],"wp:featuredmedia":[{"embeddable":true,"href":"https:\/\/www.bojungle.eu\/pl\/wp-json\/wp\/v2\/media\/71193"}],"wp:attachment":[{"href":"https:\/\/www.bojungle.eu\/pl\/wp-json\/wp\/v2\/media?parent=41039"}],"wp:term":[{"taxonomy":"product_brand","embeddable":true,"href":"https:\/\/www.bojungle.eu\/pl\/wp-json\/wp\/v2\/product_brand?post=41039"},{"taxonomy":"product_cat","embeddable":true,"href":"https:\/\/www.bojungle.eu\/pl\/wp-json\/wp\/v2\/product_cat?post=41039"},{"taxonomy":"product_tag","embeddable":true,"href":"https:\/\/www.bojungle.eu\/pl\/wp-json\/wp\/v2\/product_tag?post=41039"},{"taxonomy":"woo-feed-brand","embeddable":true,"href":"https:\/\/www.bojungle.eu\/pl\/wp-json\/wp\/v2\/woo-feed-brand?post=41039"}],"curies":[{"name":"wp","href":"https:\/\/api.w.org\/{rel}","templated":true}]}}