{"id":41074,"date":"2022-05-29T11:47:33","date_gmt":"2022-05-29T09:47:33","guid":{"rendered":"https:\/\/dev.authority.biz\/boj\/product\/sliniak-b-silikon-szary\/"},"modified":"2022-05-29T11:47:33","modified_gmt":"2022-05-29T11:47:33","slug":"b-silikon-bib-szary","status":"publish","type":"product","link":"https:\/\/www.bojungle.eu\/pl\/produkt\/b-silikon-bib-szary\/","title":{"rendered":"\u015aliniak B-Silikon Szary"},"content":{"rendered":"<ul>\n<li>Wykonane w silikonie<\/li>\n<li>Mi\u0119kki i wygodny dla dzieci do chwytania, \u0142atwy do czyszczenia, mo\u017ce by\u0107 sterylizowany w wysokich temperaturach.<\/li>\n<li>Elastyczny i przeno\u015bny, \u0142atwy do przechowywania i transportu.<\/li>\n<li>Z\u0142ap jedzenie, kiedy spada<\/li>\n<\/ul>\n","protected":false},"excerpt":{"rendered":"<p>Elastyczny i przeno\u015bny, \u0142atwy do przechowywania i transportu.<\/p>\n","protected":false},"featured_media":73979,"comment_status":"closed","ping_status":"closed","template":"","meta":{"_lmt_disableupdate":"","_lmt_disable":""},"product_brand":[],"product_cat":[567,443,441],"product_tag":[],"woo-feed-brand":[],"class_list":{"0":"post-41074","1":"product","2":"type-product","3":"status-publish","4":"has-post-thumbnail","6":"product_cat-czas-na-kolacje","7":"product_cat-gama-silikonow","8":"product_cat-zywnosc-i-napoje","10":"first","11":"instock","12":"taxable","13":"shipping-taxable","14":"purchasable","15":"product-type-simple"},"_links":{"self":[{"href":"https:\/\/www.bojungle.eu\/pl\/wp-json\/wp\/v2\/product\/41074","targetHints":{"allow":["GET"]}}],"collection":[{"href":"https:\/\/www.bojungle.eu\/pl\/wp-json\/wp\/v2\/product"}],"about":[{"href":"https:\/\/www.bojungle.eu\/pl\/wp-json\/wp\/v2\/types\/product"}],"replies":[{"embeddable":true,"href":"https:\/\/www.bojungle.eu\/pl\/wp-json\/wp\/v2\/comments?post=41074"}],"version-history":[{"count":0,"href":"https:\/\/www.bojungle.eu\/pl\/wp-json\/wp\/v2\/product\/41074\/revisions"}],"wp:featuredmedia":[{"embeddable":true,"href":"https:\/\/www.bojungle.eu\/pl\/wp-json\/wp\/v2\/media\/73979"}],"wp:attachment":[{"href":"https:\/\/www.bojungle.eu\/pl\/wp-json\/wp\/v2\/media?parent=41074"}],"wp:term":[{"taxonomy":"product_brand","embeddable":true,"href":"https:\/\/www.bojungle.eu\/pl\/wp-json\/wp\/v2\/product_brand?post=41074"},{"taxonomy":"product_cat","embeddable":true,"href":"https:\/\/www.bojungle.eu\/pl\/wp-json\/wp\/v2\/product_cat?post=41074"},{"taxonomy":"product_tag","embeddable":true,"href":"https:\/\/www.bojungle.eu\/pl\/wp-json\/wp\/v2\/product_tag?post=41074"},{"taxonomy":"woo-feed-brand","embeddable":true,"href":"https:\/\/www.bojungle.eu\/pl\/wp-json\/wp\/v2\/woo-feed-brand?post=41074"}],"curies":[{"name":"wp","href":"https:\/\/api.w.org\/{rel}","templated":true}]}}