{"id":41112,"date":"2022-05-29T11:46:49","date_gmt":"2022-05-29T11:46:49","guid":{"rendered":"https:\/\/dev.authority.biz\/boj\/product\/b-secure-hot-cold-gel-packs\/"},"modified":"2024-02-14T11:48:06","modified_gmt":"2024-02-14T10:48:06","slug":"b-secure-hot-cold-gel-packs","status":"publish","type":"product","link":"https:\/\/www.bojungle.eu\/pl\/produkt\/b-secure-hot-cold-gel-packs\/","title":{"rendered":"B-Secure Hot &amp; Cold Gel Packs"},"content":{"rendered":"<ul>\n<li>Te urocze postacie mo\u017cna sch\u0142odzi\u0107, aby z\u0142agodzi\u0107 b\u00f3l po ma\u0142ym wypadku lub zmniejszy\u0107 gor\u0105czk\u0119 czy opuchlizn\u0119 po uk\u0105szeniu owada.<\/li>\n<li>Mo\u017cna je r\u00f3wnie\u017c podgrzewa\u0107, aby z\u0142agodzi\u0107 np. bolesno\u015b\u0107 mi\u0119\u015bni.<\/li>\n<li>Ok\u0142ady \u017celowe B-Secure Hot &amp; Cold spe\u0142niaj\u0105 wszystkie normy europejskie i nie zawieraj\u0105 \u017cadnych szkodliwych substancji, takich jak ftalany.<\/li>\n<li>Ka\u017cde zwierz\u0119 jest sprzedawane indywidualnie<\/li>\n<\/ul>\n","protected":false},"excerpt":{"rendered":"<div class=\"flex-1 overflow-hidden\">\n<div class=\"react-scroll-to-bottom--css-gdsgq-79elbk h-full\">\n<div class=\"react-scroll-to-bottom--css-gdsgq-1n7m0yu\">\n<div class=\"flex flex-col pb-9 text-sm\">\n<div class=\"w-full text-token-text-primary\" data-testid=\"conversation-turn-3\">\n<div class=\"px-4 py-2 justify-center text-base md:gap-6 m-auto\">\n<div class=\"flex flex-1 text-base mx-auto gap-3 md:px-5 lg:px-1 xl:px-5 md:max-w-3xl lg:max-w-[40rem] xl:max-w-[48rem] group final-completion\">\n<div class=\"relative flex w-full flex-col agent-turn\">\n<div class=\"flex-col gap-1 md:gap-3\">\n<div class=\"flex flex-grow flex-col max-w-full\">\n<div class=\"min-h-[20px] text-message flex flex-col items-start gap-3 whitespace-pre-wrap break-words [.text-message+&amp;]:mt-5 overflow-x-auto\" data-message-author-role=\"assistant\" data-message-id=\"d656732c-ab35-47f6-9aef-4e9b6f585ad8\">\n<div class=\"markdown prose w-full break-words dark:prose-invert light\">\n<p>Zdob\u0105d\u017a B-Secure Hot &amp; Cold Gel Packs w kszta\u0142cie zwierz\u0105tek &#8211; uroczych towarzyszy szybkiej ulgi! Te urocze postacie zosta\u0142y zaprojektowane tak, aby \u0142agodzi\u0107 dyskomfort dzi\u0119ki podw\u00f3jnej funkcjonalno\u015bci. Chcesz och\u0142odzi\u0107 si\u0119 po drobnym wypadku lub z\u0142agodzi\u0107 obrz\u0119k? Wystarczy sch\u0142odzi\u0107 te ok\u0142ady. Zmagasz si\u0119 z b\u00f3lem mi\u0119\u015bni? Podgrzej je, aby uzyska\u0107 komfortowe ciep\u0142o. Mo\u017cesz spa\u0107 spokojnie, wiedz\u0105c, \u017ce spe\u0142niaj\u0105 one rygorystyczne normy europejskie i s\u0105 wolne od szkodliwych substancji, takich jak ftalany. Kup je ju\u017c dzi\u015b i pozw\u00f3l tym uroczym zwierzakom przynie\u015b\u0107 Ci ukojenie, gdy tylko b\u0119dziesz go potrzebowa\u0107. Dla Twojej wygody ka\u017cde opakowanie jest sprzedawane osobno.        <\/p>\n<\/div>\n<\/div>\n<\/div>\n<\/div>\n<\/div>\n<\/div>\n<\/div>\n<\/div>\n<\/div>\n<\/div>\n<\/div>\n<\/div>\n<div class=\"w-full pt-2 md:pt-0 dark:border-white\/20 md:border-transparent md:dark:border-transparent md:w-[calc(100%-.5rem)]\">\n<form class=\"stretch mx-2 flex flex-row gap-3 last:mb-2 md:mx-4 md:last:mb-6 lg:mx-auto lg:max-w-2xl xl:max-w-3xl\">\n<div class=\"relative flex h-full flex-1 items-stretch md:flex-col\">\n<div class=\"flex w-full items-center\"><\/div>\n<\/div>\n<\/form>\n<\/div>\n","protected":false},"featured_media":44469,"comment_status":"closed","ping_status":"closed","template":"","meta":{"_lmt_disableupdate":"","_lmt_disable":""},"product_brand":[],"product_cat":[522,591],"product_tag":[],"woo-feed-brand":[],"class_list":{"0":"post-41112","1":"product","2":"type-product","3":"status-publish","4":"has-post-thumbnail","6":"product_cat-pielegnacja-skory","7":"product_cat-uroda-i-zdrowie-dziecka","9":"first","10":"instock","11":"taxable","12":"shipping-taxable","13":"purchasable","14":"product-type-variable"},"_links":{"self":[{"href":"https:\/\/www.bojungle.eu\/pl\/wp-json\/wp\/v2\/product\/41112","targetHints":{"allow":["GET"]}}],"collection":[{"href":"https:\/\/www.bojungle.eu\/pl\/wp-json\/wp\/v2\/product"}],"about":[{"href":"https:\/\/www.bojungle.eu\/pl\/wp-json\/wp\/v2\/types\/product"}],"replies":[{"embeddable":true,"href":"https:\/\/www.bojungle.eu\/pl\/wp-json\/wp\/v2\/comments?post=41112"}],"version-history":[{"count":1,"href":"https:\/\/www.bojungle.eu\/pl\/wp-json\/wp\/v2\/product\/41112\/revisions"}],"predecessor-version":[{"id":66294,"href":"https:\/\/www.bojungle.eu\/pl\/wp-json\/wp\/v2\/product\/41112\/revisions\/66294"}],"wp:featuredmedia":[{"embeddable":true,"href":"https:\/\/www.bojungle.eu\/pl\/wp-json\/wp\/v2\/media\/44469"}],"wp:attachment":[{"href":"https:\/\/www.bojungle.eu\/pl\/wp-json\/wp\/v2\/media?parent=41112"}],"wp:term":[{"taxonomy":"product_brand","embeddable":true,"href":"https:\/\/www.bojungle.eu\/pl\/wp-json\/wp\/v2\/product_brand?post=41112"},{"taxonomy":"product_cat","embeddable":true,"href":"https:\/\/www.bojungle.eu\/pl\/wp-json\/wp\/v2\/product_cat?post=41112"},{"taxonomy":"product_tag","embeddable":true,"href":"https:\/\/www.bojungle.eu\/pl\/wp-json\/wp\/v2\/product_tag?post=41112"},{"taxonomy":"woo-feed-brand","embeddable":true,"href":"https:\/\/www.bojungle.eu\/pl\/wp-json\/wp\/v2\/woo-feed-brand?post=41112"}],"curies":[{"name":"wp","href":"https:\/\/api.w.org\/{rel}","templated":true}]}}