{"id":41127,"date":"2022-05-29T11:46:49","date_gmt":"2022-05-29T09:46:49","guid":{"rendered":"https:\/\/dev.authority.biz\/boj\/product\/b-rocket-silicone-red\/"},"modified":"2022-05-29T11:46:49","modified_gmt":"2022-05-29T11:46:49","slug":"b-rocket-silicone-pink-2","status":"publish","type":"product","link":"https:\/\/www.bojungle.eu\/pl\/produkt\/b-rocket-silicone-pink-2\/","title":{"rendered":"B-Rocket Silicone Red"},"content":{"rendered":"<ul>\n<li>Nasza silikonowa rakietka pobudza zar\u00f3wno zmys\u0142y gryzienia jak i chwytania. Zapewnia z\u0142agodzenie b\u00f3lu i dyskomfortu zwi\u0105zanego z przechodzeniem przez z\u0119by do takiego stopnia, a tak\u017ce stymuluje wargi i j\u0119zyk ze wzgl\u0119du na r\u00f3\u017cne powierzchnie zgryzu. Masuje si\u0119 z\u0119by, a tak\u017ce zmi\u0119kcza dzi\u0105s\u0142a. Idealny dla ma\u0142ych r\u0105czek i nadchodz\u0105cych z\u0105bk\u00f3w!<\/li>\n<li>\u0141atwy w utrzymaniu, mo\u017cna go pra\u0107 w pralce<\/li>\n<li>Wykonane w silikonie<\/li>\n<\/ul>\n","protected":false},"excerpt":{"rendered":"<p>Nasza silikonowa rakietka pobudza zar\u00f3wno zmys\u0142y gryzienia jak i chwytania. Zapewnia z\u0142agodzenie b\u00f3lu i dyskomfortu zwi\u0105zanego z przechodzeniem przez z\u0119by do takiego stopnia, a tak\u017ce stymuluje wargi i j\u0119zyk ze wzgl\u0119du na r\u00f3\u017cne powierzchnie zgryzu. Masuje si\u0119 z\u0119by, a tak\u017ce zmi\u0119kcza dzi\u0105s\u0142a. Idealny dla ma\u0142ych r\u0105czek i nadchodz\u0105cych z\u0105bk\u00f3w!<\/p>\n","protected":false},"featured_media":73158,"comment_status":"closed","ping_status":"closed","template":"","meta":{"_lmt_disableupdate":"","_lmt_disable":""},"product_brand":[],"product_cat":[474,494,598],"product_tag":[],"woo-feed-brand":[],"class_list":{"0":"post-41127","1":"product","2":"type-product","3":"status-publish","4":"has-post-thumbnail","6":"product_cat-playtime-pl","7":"product_cat-zabawki-silikonowe","8":"product_cat-zabawki-z-gryzakiem","10":"first","11":"instock","12":"taxable","13":"shipping-taxable","14":"purchasable","15":"product-type-simple"},"_links":{"self":[{"href":"https:\/\/www.bojungle.eu\/pl\/wp-json\/wp\/v2\/product\/41127","targetHints":{"allow":["GET"]}}],"collection":[{"href":"https:\/\/www.bojungle.eu\/pl\/wp-json\/wp\/v2\/product"}],"about":[{"href":"https:\/\/www.bojungle.eu\/pl\/wp-json\/wp\/v2\/types\/product"}],"replies":[{"embeddable":true,"href":"https:\/\/www.bojungle.eu\/pl\/wp-json\/wp\/v2\/comments?post=41127"}],"version-history":[{"count":0,"href":"https:\/\/www.bojungle.eu\/pl\/wp-json\/wp\/v2\/product\/41127\/revisions"}],"wp:featuredmedia":[{"embeddable":true,"href":"https:\/\/www.bojungle.eu\/pl\/wp-json\/wp\/v2\/media\/73158"}],"wp:attachment":[{"href":"https:\/\/www.bojungle.eu\/pl\/wp-json\/wp\/v2\/media?parent=41127"}],"wp:term":[{"taxonomy":"product_brand","embeddable":true,"href":"https:\/\/www.bojungle.eu\/pl\/wp-json\/wp\/v2\/product_brand?post=41127"},{"taxonomy":"product_cat","embeddable":true,"href":"https:\/\/www.bojungle.eu\/pl\/wp-json\/wp\/v2\/product_cat?post=41127"},{"taxonomy":"product_tag","embeddable":true,"href":"https:\/\/www.bojungle.eu\/pl\/wp-json\/wp\/v2\/product_tag?post=41127"},{"taxonomy":"woo-feed-brand","embeddable":true,"href":"https:\/\/www.bojungle.eu\/pl\/wp-json\/wp\/v2\/woo-feed-brand?post=41127"}],"curies":[{"name":"wp","href":"https:\/\/api.w.org\/{rel}","templated":true}]}}