{"id":41139,"date":"2022-05-29T11:46:49","date_gmt":"2022-05-29T09:46:49","guid":{"rendered":"https:\/\/dev.authority.biz\/boj\/product\/oczyszczacz-b-sensy-humi\/"},"modified":"2024-01-22T13:33:41","modified_gmt":"2024-01-22T12:33:41","slug":"b-sensy-humi-purifier-2","status":"publish","type":"product","link":"https:\/\/www.bojungle.eu\/pl\/produkt\/b-sensy-humi-purifier-2\/","title":{"rendered":"B-Sensy Humi Oczyszczacz"},"content":{"rendered":"<h2>Wybierz oczyszczacz Sensy Humi dla komfortu i zdrowia swojego dziecka<\/h2>\n<p>Podaruj swojemu dziecku koj\u0105c\u0105 i zdrow\u0105 atmosfer\u0119 dzi\u0119ki oczyszczaczowi Sensy Humi. Ten cyfrowy nawil\u017cacz, zaprojektowany specjalnie z my\u015bl\u0105 o Twoim male\u0144stwie, oferuje niezr\u00f3wnane korzy\u015bci dla dobrego samopoczucia Twojego dziecka. Walcz z wyzwaniami zwi\u0105zanymi z suchym powietrzem, kt\u00f3re cz\u0119sto prowadz\u0105 do sucho\u015bci sk\u00f3ry, podra\u017cnienia oczu i dyskomfortu oddechowego, tworz\u0105c przestrze\u0144 do piel\u0119gnacji, w kt\u00f3rej Twoje dziecko mo\u017ce si\u0119 rozwija\u0107. Oczyszczacz Sensy Humi Purifier wykorzystuje technologi\u0119 jonizacji, kt\u00f3ra zapewnia optymalne nawil\u017cenie, dzi\u0119ki czemu powietrze w pokoju dziecka pozostaje na idealnym poziomie nawil\u017cenia. Opr\u00f3cz nawil\u017cania filtr HEPA aktywnie usuwa alergeny, kurz i zanieczyszczenia, przyczyniaj\u0105c si\u0119 do czystszego i zdrowszego \u015brodowiska. Po\u017cegnaj si\u0119 z obawami o problemy z oddychaniem i powitaj spokojne noce zar\u00f3wno dla siebie, jak i dla swojego dziecka. Wybierz oczyszczacz Sensy Humi, poniewa\u017c komfort i zdrowie Twojego dziecka zas\u0142uguj\u0105 na najwy\u017csz\u0105 trosk\u0119 \u2013 to niezb\u0119dny dodatek, aby stworzy\u0107 bezpieczn\u0105 przysta\u0144, w kt\u00f3rej maluch mo\u017ce swobodnie oddycha\u0107 i spa\u0107 spokojnie.  <\/p>\n<p><button type=\"button\"><a href=\"https:\/\/www.bojungle.eu\/why-should-i-buy-a-humidifier-baby-bedroom\/\" target=\"_blank\" rel=\"noopener\">Przeczytaj nasz wpis na blogu o nawil\u017caczach powietrza<\/a><\/button><\/p>\n<h2>Kluczowe cechy<\/h2>\n<ul>\n<li><strong>Nawil\u017canie przez jonizacj\u0119:<\/strong> Wykorzystuj\u0105c zaawansowan\u0105 technologi\u0119 jonizacji, nawil\u017cacz ten zapewnia wydajne i skuteczne nawil\u017canie powietrza, przyczyniaj\u0105c si\u0119 do komfortowego i zdrowego \u015brodowiska.<\/li>\n<li><strong>Filtr HEPA do oczyszczania powietrza:<\/strong> Wyposa\u017cony w filtr HEPA oczyszczacz Sensy Humi aktywnie usuwa z powietrza zanieczyszczenia, takie jak kurz, chemikalia, alergeny i nikotyna, zapewniaj\u0105c czystsze i \u015bwie\u017csze powietrze.<\/li>\n<li><strong>Du\u017cy zbiornik na wod\u0119:<\/strong> Dzi\u0119ki imponuj\u0105cej pojemno\u015bci zbiornika na wod\u0119 wynosz\u0105cej 5 litr\u00f3w, ten nawil\u017cacz zapewnia d\u0142ugotrwa\u0142e nawil\u017cenie przestrzeni \u017cyciowej, zmniejszaj\u0105c potrzeb\u0119 cz\u0119stego uzupe\u0142niania wody.<\/li>\n<li><strong>Wysoka wydajno\u015b\u0107:<\/strong> Wydajno\u015b\u0107 nawil\u017cania wynosz\u0105ca 300 ml na godzin\u0119 sprawia, \u017ce oczyszczacz Sensy Humi skutecznie utrzymuje optymalny poziom wilgotno\u015bci, co jest szczeg\u00f3lnie wa\u017cne dla zdrowego snu.<\/li>\n<li><strong>Taca Aroma Pad do aromaterapii:<\/strong> Wzboga\u0107 swoj\u0105 przestrze\u0144 terapeutycznymi korzy\u015bciami aromaterapii. Specjalna taca na podk\u0142adki zapachowe pozwala cieszy\u0107 si\u0119 uspokajaj\u0105cymi zapachami ulubionych olejk\u00f3w eterycznych. <\/li>\n<li><strong>Automatyczny higrostat<\/strong>: Wbudowany automatyczny higrostat zapewnia precyzyjn\u0105 kontrol\u0119 poziomu wilgotno\u015bci, dostosowuj\u0105c si\u0119 do potrzeb otoczenia w celu zapewnienia optymalnego komfortu.<\/li>\n<li><strong>Funkcja o\u015bwietlenia nocnego:<\/strong> Stw\u00f3rz relaksuj\u0105c\u0105 atmosfer\u0119 w ka\u017cdym pomieszczeniu dzi\u0119ki subtelnej funkcji o\u015bwietlenia nocnego, kt\u00f3ra zapewnia delikatny blask i uspokajaj\u0105c\u0105 atmosfer\u0119.<\/li>\n<li><strong>Dysza obrotowa:<\/strong> Regulowana dysza obrotowa pozwala skierowa\u0107 mgie\u0142k\u0119 w dowolne miejsce, zapewniaj\u0105c r\u00f3wnomierne rozprowadzenie nawil\u017conego powietrza w pomieszczeniu.<\/li>\n<li><strong>Funkcja programowalnego timera:<\/strong> Dostosuj swoje wra\u017cenia dzi\u0119ki funkcji programowalnego timera, kt\u00f3ra pozwala ustawi\u0107 urz\u0105dzenie tak, aby dzia\u0142a\u0142o o okre\u015blonych porach, optymalizuj\u0105c wygod\u0119 i efektywno\u015b\u0107 energetyczn\u0105.<\/li>\n<li><strong>Wskazanie temperatury, czasu i poziomu wilgotno\u015bci:<\/strong> B\u0105d\u017a na bie\u017c\u0105co z otoczeniem w pomieszczeniu dzi\u0119ki wyra\u017anemu wy\u015bwietlaczowi wskazuj\u0105cemu temperatur\u0119, czas i aktualny poziom wilgotno\u015bci<\/li>\n<\/ul>\n","protected":false},"excerpt":{"rendered":"<p>Stw\u00f3rz zdrowsz\u0105 przestrze\u0144 \u017cyciow\u0105 dla siebie i swojej rodziny dzi\u0119ki Sensy Humi Purifier firmy Bo Jungle \u2013 wielofunkcyjnemu cyfrowemu nawil\u017caczowi zaprojektowanemu, aby poprawi\u0107 jako\u015b\u0107 powietrza w pomieszczeniach. To innowacyjne urz\u0105dzenie nie tylko nawil\u017ca powietrze, ale tak\u017ce je oczyszcza i wprowadza koj\u0105ce aromaty poprzez dyfuzj\u0119 olejk\u00f3w eterycznych. <\/p>\n<p>Pilot zdalnego sterowania w zestawie.<\/p>\n<p>&nbsp;<\/p>\n","protected":false},"featured_media":64645,"comment_status":"closed","ping_status":"closed","template":"","meta":{"_lmt_disableupdate":"","_lmt_disable":""},"product_brand":[],"product_cat":[524],"product_tag":[],"woo-feed-brand":[],"class_list":{"0":"post-41139","1":"product","2":"type-product","3":"status-publish","4":"has-post-thumbnail","6":"product_cat-sen","8":"first","9":"instock","10":"featured","11":"taxable","12":"shipping-taxable","13":"purchasable","14":"product-type-simple"},"_links":{"self":[{"href":"https:\/\/www.bojungle.eu\/pl\/wp-json\/wp\/v2\/product\/41139","targetHints":{"allow":["GET"]}}],"collection":[{"href":"https:\/\/www.bojungle.eu\/pl\/wp-json\/wp\/v2\/product"}],"about":[{"href":"https:\/\/www.bojungle.eu\/pl\/wp-json\/wp\/v2\/types\/product"}],"replies":[{"embeddable":true,"href":"https:\/\/www.bojungle.eu\/pl\/wp-json\/wp\/v2\/comments?post=41139"}],"version-history":[{"count":1,"href":"https:\/\/www.bojungle.eu\/pl\/wp-json\/wp\/v2\/product\/41139\/revisions"}],"predecessor-version":[{"id":64693,"href":"https:\/\/www.bojungle.eu\/pl\/wp-json\/wp\/v2\/product\/41139\/revisions\/64693"}],"wp:featuredmedia":[{"embeddable":true,"href":"https:\/\/www.bojungle.eu\/pl\/wp-json\/wp\/v2\/media\/64645"}],"wp:attachment":[{"href":"https:\/\/www.bojungle.eu\/pl\/wp-json\/wp\/v2\/media?parent=41139"}],"wp:term":[{"taxonomy":"product_brand","embeddable":true,"href":"https:\/\/www.bojungle.eu\/pl\/wp-json\/wp\/v2\/product_brand?post=41139"},{"taxonomy":"product_cat","embeddable":true,"href":"https:\/\/www.bojungle.eu\/pl\/wp-json\/wp\/v2\/product_cat?post=41139"},{"taxonomy":"product_tag","embeddable":true,"href":"https:\/\/www.bojungle.eu\/pl\/wp-json\/wp\/v2\/product_tag?post=41139"},{"taxonomy":"woo-feed-brand","embeddable":true,"href":"https:\/\/www.bojungle.eu\/pl\/wp-json\/wp\/v2\/woo-feed-brand?post=41139"}],"curies":[{"name":"wp","href":"https:\/\/api.w.org\/{rel}","templated":true}]}}