{"id":41210,"date":"2022-05-29T11:46:13","date_gmt":"2022-05-29T09:46:13","guid":{"rendered":"https:\/\/dev.authority.biz\/boj\/product\/b-powder-mixer-grey\/"},"modified":"2025-07-10T15:44:27","modified_gmt":"2025-07-10T13:44:27","slug":"b-powder-mixer-grey-2","status":"publish","type":"product","link":"https:\/\/www.bojungle.eu\/pl\/produkt\/b-powder-mixer-grey-2\/","title":{"rendered":"B-Powder Mixer Grey"},"content":{"rendered":"\t\t<div data-elementor-type=\"product-post\" data-elementor-id=\"41210\" class=\"elementor elementor-41210 elementor-22995\" data-elementor-post-type=\"product\">\n\t\t\t\t<div class=\"elementor-element elementor-element-e240817 e-flex e-con-boxed rael-particle-no e-con e-parent\" data-id=\"e240817\" data-element_type=\"container\" data-e-type=\"container\" data-settings=\"{&quot;rae_animations_entrance&quot;:&quot;none&quot;}\">\n\t\t\t\t\t<div class=\"e-con-inner\">\n\t\t\t\t<div class=\"elementor-element elementor-element-70f0e18c elementor-widget elementor-widget-text-editor\" data-id=\"70f0e18c\" data-element_type=\"widget\" data-e-type=\"widget\" data-widget_type=\"text-editor.default\">\n\t\t\t\t<div class=\"elementor-widget-container\">\n\t\t\t\t\t\t\t\t\t<ul><li>Przygotuj swoje jedzenie dla dziecka bez grudek w kr\u00f3tkim czasie z naszym mikserem B-Powder!<\/li><li>Kompaktowy rozmiar: \u0142atwy do przenoszenia, \u0142atwy w u\u017cyciu<\/li><li>Ubijaczka nie uszkadza naczy\u0144 kuchennych ani misek<\/li><li>\u0141atwy do czyszczenia za pomoc\u0105 wilgotnej szmatki<\/li><li>Dzia\u0142a na baterie: 2 x baterie AA (nie do\u0142\u0105czone)<\/li><li>Rozmiar: 40 x 215 mm<\/li><\/ul>\t\t\t\t\t\t\t\t<\/div>\n\t\t\t\t<\/div>\n\t\t\t\t\t<\/div>\n\t\t\t\t<\/div>\n\t\t\t\t<\/div>\n\t\t","protected":false},"excerpt":{"rendered":"<p style=\"font-weight: 400;\">Przygotuj swoje jedzenie dla dziecka bez grudek w kr\u00f3tkim czasie z naszym mikserem B-Powder!<\/p>\n","protected":false},"featured_media":73959,"comment_status":"closed","ping_status":"closed","template":"","meta":{"_lmt_disableupdate":"","_lmt_disable":""},"product_brand":[],"product_cat":[444,441],"product_tag":[],"woo-feed-brand":[],"class_list":{"0":"post-41210","1":"product","2":"type-product","3":"status-publish","4":"has-post-thumbnail","6":"product_cat-przygotowanie-posilkow","7":"product_cat-zywnosc-i-napoje","9":"first","10":"instock","11":"taxable","12":"shipping-taxable","13":"purchasable","14":"product-type-simple"},"_links":{"self":[{"href":"https:\/\/www.bojungle.eu\/pl\/wp-json\/wp\/v2\/product\/41210","targetHints":{"allow":["GET"]}}],"collection":[{"href":"https:\/\/www.bojungle.eu\/pl\/wp-json\/wp\/v2\/product"}],"about":[{"href":"https:\/\/www.bojungle.eu\/pl\/wp-json\/wp\/v2\/types\/product"}],"replies":[{"embeddable":true,"href":"https:\/\/www.bojungle.eu\/pl\/wp-json\/wp\/v2\/comments?post=41210"}],"version-history":[{"count":2,"href":"https:\/\/www.bojungle.eu\/pl\/wp-json\/wp\/v2\/product\/41210\/revisions"}],"predecessor-version":[{"id":80685,"href":"https:\/\/www.bojungle.eu\/pl\/wp-json\/wp\/v2\/product\/41210\/revisions\/80685"}],"wp:featuredmedia":[{"embeddable":true,"href":"https:\/\/www.bojungle.eu\/pl\/wp-json\/wp\/v2\/media\/73959"}],"wp:attachment":[{"href":"https:\/\/www.bojungle.eu\/pl\/wp-json\/wp\/v2\/media?parent=41210"}],"wp:term":[{"taxonomy":"product_brand","embeddable":true,"href":"https:\/\/www.bojungle.eu\/pl\/wp-json\/wp\/v2\/product_brand?post=41210"},{"taxonomy":"product_cat","embeddable":true,"href":"https:\/\/www.bojungle.eu\/pl\/wp-json\/wp\/v2\/product_cat?post=41210"},{"taxonomy":"product_tag","embeddable":true,"href":"https:\/\/www.bojungle.eu\/pl\/wp-json\/wp\/v2\/product_tag?post=41210"},{"taxonomy":"woo-feed-brand","embeddable":true,"href":"https:\/\/www.bojungle.eu\/pl\/wp-json\/wp\/v2\/woo-feed-brand?post=41210"}],"curies":[{"name":"wp","href":"https:\/\/api.w.org\/{rel}","templated":true}]}}