{"id":41214,"date":"2022-05-29T11:46:14","date_gmt":"2022-05-29T09:46:14","guid":{"rendered":"https:\/\/dev.authority.biz\/boj\/product\/b-rattle-sowa-symfoniczna\/"},"modified":"2022-05-29T11:46:14","modified_gmt":"2022-05-29T11:46:14","slug":"b-rattle-symphony-uil-2","status":"publish","type":"product","link":"https:\/\/www.bojungle.eu\/pl\/produkt\/b-rattle-symphony-uil-2\/","title":{"rendered":"B-Rattle Sowa Symfoniczna"},"content":{"rendered":"<ul>\n<li>Potrz\u0105\u015bnij zwierz\u0105tkiem, aby u\u017cy\u0107 go jako grzechotki, lub dotknij zabawki, aby si\u0119 obr\u00f3ci\u0142a i wyda\u0142a d\u017awi\u0119k.<\/li>\n<li>Bezpieczna konstrukcja.<\/li>\n<\/ul>\n","protected":false},"excerpt":{"rendered":"<p>Potrz\u0105\u015bnij zwierz\u0105tkiem, aby u\u017cy\u0107 go jako grzechotki, lub dotknij zabawki, aby si\u0119 obr\u00f3ci\u0142a i wyda\u0142a d\u017awi\u0119k.<\/p>\n","protected":false},"featured_media":73620,"comment_status":"closed","ping_status":"closed","template":"","meta":{"_lmt_disableupdate":"","_lmt_disable":""},"product_brand":[],"product_cat":[672,491,474,613],"product_tag":[],"woo-feed-brand":[],"class_list":{"0":"post-41214","1":"product","2":"type-product","3":"status-publish","4":"has-post-thumbnail","6":"product_cat-grzechotki","7":"product_cat-kolorowe-zabawki","8":"product_cat-playtime-pl","9":"product_cat-zabawki-ruchowe","11":"first","12":"instock","13":"taxable","14":"shipping-taxable","15":"purchasable","16":"product-type-simple"},"_links":{"self":[{"href":"https:\/\/www.bojungle.eu\/pl\/wp-json\/wp\/v2\/product\/41214","targetHints":{"allow":["GET"]}}],"collection":[{"href":"https:\/\/www.bojungle.eu\/pl\/wp-json\/wp\/v2\/product"}],"about":[{"href":"https:\/\/www.bojungle.eu\/pl\/wp-json\/wp\/v2\/types\/product"}],"replies":[{"embeddable":true,"href":"https:\/\/www.bojungle.eu\/pl\/wp-json\/wp\/v2\/comments?post=41214"}],"version-history":[{"count":0,"href":"https:\/\/www.bojungle.eu\/pl\/wp-json\/wp\/v2\/product\/41214\/revisions"}],"wp:featuredmedia":[{"embeddable":true,"href":"https:\/\/www.bojungle.eu\/pl\/wp-json\/wp\/v2\/media\/73620"}],"wp:attachment":[{"href":"https:\/\/www.bojungle.eu\/pl\/wp-json\/wp\/v2\/media?parent=41214"}],"wp:term":[{"taxonomy":"product_brand","embeddable":true,"href":"https:\/\/www.bojungle.eu\/pl\/wp-json\/wp\/v2\/product_brand?post=41214"},{"taxonomy":"product_cat","embeddable":true,"href":"https:\/\/www.bojungle.eu\/pl\/wp-json\/wp\/v2\/product_cat?post=41214"},{"taxonomy":"product_tag","embeddable":true,"href":"https:\/\/www.bojungle.eu\/pl\/wp-json\/wp\/v2\/product_tag?post=41214"},{"taxonomy":"woo-feed-brand","embeddable":true,"href":"https:\/\/www.bojungle.eu\/pl\/wp-json\/wp\/v2\/woo-feed-brand?post=41214"}],"curies":[{"name":"wp","href":"https:\/\/api.w.org\/{rel}","templated":true}]}}