{"id":41267,"date":"2022-05-29T11:41:41","date_gmt":"2022-05-29T09:41:41","guid":{"rendered":"https:\/\/dev.authority.biz\/boj\/product\/b-pluszowa-zabawka-z-kocykiem-zimbe-slon\/"},"modified":"2022-05-29T11:41:41","modified_gmt":"2022-05-29T11:41:41","slug":"b-plush-toy-with-blanket-zimbe-the-elephant-2","status":"publish","type":"product","link":"https:\/\/www.bojungle.eu\/pl\/produkt\/b-plush-toy-with-blanket-zimbe-the-elephant-2\/","title":{"rendered":"B-Pluszowa zabawka z kocykiem Zimbe s\u0142o\u0144"},"content":{"rendered":"<ul>\n<li>Zestaw sk\u0142ada si\u0119 z pluszaka z super mi\u0119kkiej tkaniny frotte i kocyka\/r\u0119cznika k\u0105pielowego.<\/li>\n<li>Jedna strona koca wykonana jest z tkaniny frotte, kt\u00f3ra mo\u017ce s\u0142u\u017cy\u0107 jako r\u0119cznik, druga strona wykonana jest w mi\u0119kkiego polaru i mo\u017ce s\u0142u\u017cy\u0107 jako koc<\/li>\n<li>\u0141atwy w utrzymaniu, mo\u017cna go pra\u0107 w pralce<\/li>\n<li>Wymiary wypchanego zwierz\u0119cia: +- 45 cm w pozycji otwartej<\/li>\n<li>Wymiary koca: 75 x 95 cm<\/li>\n<\/ul>\n","protected":false},"excerpt":{"rendered":"<p>Zestaw sk\u0142ada si\u0119 z pluszaka z super mi\u0119kkiej tkaniny frotte i kocyka\/r\u0119cznika k\u0105pielowego.<\/p>\n","protected":false},"featured_media":56146,"comment_status":"closed","ping_status":"closed","template":"","meta":{"_lmt_disableupdate":"","_lmt_disable":""},"product_brand":[],"product_cat":[474,475],"product_tag":[],"woo-feed-brand":[],"class_list":{"0":"post-41267","1":"product","2":"type-product","3":"status-publish","4":"has-post-thumbnail","6":"product_cat-playtime-pl","7":"product_cat-zabawki-pluszowe","9":"first","10":"instock","11":"taxable","12":"shipping-taxable","13":"purchasable","14":"product-type-simple"},"_links":{"self":[{"href":"https:\/\/www.bojungle.eu\/pl\/wp-json\/wp\/v2\/product\/41267","targetHints":{"allow":["GET"]}}],"collection":[{"href":"https:\/\/www.bojungle.eu\/pl\/wp-json\/wp\/v2\/product"}],"about":[{"href":"https:\/\/www.bojungle.eu\/pl\/wp-json\/wp\/v2\/types\/product"}],"replies":[{"embeddable":true,"href":"https:\/\/www.bojungle.eu\/pl\/wp-json\/wp\/v2\/comments?post=41267"}],"version-history":[{"count":0,"href":"https:\/\/www.bojungle.eu\/pl\/wp-json\/wp\/v2\/product\/41267\/revisions"}],"wp:featuredmedia":[{"embeddable":true,"href":"https:\/\/www.bojungle.eu\/pl\/wp-json\/wp\/v2\/media\/56146"}],"wp:attachment":[{"href":"https:\/\/www.bojungle.eu\/pl\/wp-json\/wp\/v2\/media?parent=41267"}],"wp:term":[{"taxonomy":"product_brand","embeddable":true,"href":"https:\/\/www.bojungle.eu\/pl\/wp-json\/wp\/v2\/product_brand?post=41267"},{"taxonomy":"product_cat","embeddable":true,"href":"https:\/\/www.bojungle.eu\/pl\/wp-json\/wp\/v2\/product_cat?post=41267"},{"taxonomy":"product_tag","embeddable":true,"href":"https:\/\/www.bojungle.eu\/pl\/wp-json\/wp\/v2\/product_tag?post=41267"},{"taxonomy":"woo-feed-brand","embeddable":true,"href":"https:\/\/www.bojungle.eu\/pl\/wp-json\/wp\/v2\/woo-feed-brand?post=41267"}],"curies":[{"name":"wp","href":"https:\/\/api.w.org\/{rel}","templated":true}]}}