{"id":41272,"date":"2022-05-29T11:42:35","date_gmt":"2022-05-29T09:42:35","guid":{"rendered":"https:\/\/dev.authority.biz\/boj\/product\/b-portable-changing-pad\/"},"modified":"2022-05-29T11:42:35","modified_gmt":"2022-05-29T11:42:35","slug":"b-portable-changing-pad-2","status":"publish","type":"product","link":"https:\/\/www.bojungle.eu\/pl\/produkt\/b-portable-changing-pad-2\/","title":{"rendered":"B-Portable Changing Pad"},"content":{"rendered":"<ul>\n<li>Podk\u0142adka do przewijania B-Mini<\/li>\n<li>Z piank\u0105 z pami\u0119ci\u0105!<\/li>\n<li>Bardzo wygodna i mi\u0119kka dla dziecka: zawiera piank\u0119 memory!<\/li>\n<li>Bardzo higieniczna i \u0142atwa do wytarcia powierzchnia<\/li>\n<li>Bardzo d\u0142uga konstrukcja<\/li>\n<li>Wyjmowane schowki na pieluchy, mokre chusteczki itp.<\/li>\n<li>Mocowanie do w\u00f3zk\u00f3w, toreb na pieluchy itp. za pomoc\u0105 systemu zaciskowego<\/li>\n<li>Podk\u0142adka z pianki poliuretanowej 100%<\/li>\n<\/ul>\n","protected":false},"excerpt":{"rendered":"<p>Bardzo wygodna i mi\u0119kka dla dziecka: zawiera piank\u0119 memory!<\/p>\n","protected":false},"featured_media":75426,"comment_status":"closed","ping_status":"closed","template":"","meta":{"_lmt_disableupdate":"","_lmt_disable":""},"product_brand":[],"product_cat":[630,629,522,591],"product_tag":[],"woo-feed-brand":[],"class_list":{"0":"post-41272","1":"product","2":"type-product","3":"status-publish","4":"has-post-thumbnail","6":"product_cat-akcesoria-zewnetrzne","7":"product_cat-na-zewnatrz","8":"product_cat-pielegnacja-skory","9":"product_cat-uroda-i-zdrowie-dziecka","11":"first","12":"outofstock","13":"taxable","14":"shipping-taxable","15":"purchasable","16":"product-type-simple"},"_links":{"self":[{"href":"https:\/\/www.bojungle.eu\/pl\/wp-json\/wp\/v2\/product\/41272","targetHints":{"allow":["GET"]}}],"collection":[{"href":"https:\/\/www.bojungle.eu\/pl\/wp-json\/wp\/v2\/product"}],"about":[{"href":"https:\/\/www.bojungle.eu\/pl\/wp-json\/wp\/v2\/types\/product"}],"replies":[{"embeddable":true,"href":"https:\/\/www.bojungle.eu\/pl\/wp-json\/wp\/v2\/comments?post=41272"}],"version-history":[{"count":0,"href":"https:\/\/www.bojungle.eu\/pl\/wp-json\/wp\/v2\/product\/41272\/revisions"}],"wp:featuredmedia":[{"embeddable":true,"href":"https:\/\/www.bojungle.eu\/pl\/wp-json\/wp\/v2\/media\/75426"}],"wp:attachment":[{"href":"https:\/\/www.bojungle.eu\/pl\/wp-json\/wp\/v2\/media?parent=41272"}],"wp:term":[{"taxonomy":"product_brand","embeddable":true,"href":"https:\/\/www.bojungle.eu\/pl\/wp-json\/wp\/v2\/product_brand?post=41272"},{"taxonomy":"product_cat","embeddable":true,"href":"https:\/\/www.bojungle.eu\/pl\/wp-json\/wp\/v2\/product_cat?post=41272"},{"taxonomy":"product_tag","embeddable":true,"href":"https:\/\/www.bojungle.eu\/pl\/wp-json\/wp\/v2\/product_tag?post=41272"},{"taxonomy":"woo-feed-brand","embeddable":true,"href":"https:\/\/www.bojungle.eu\/pl\/wp-json\/wp\/v2\/woo-feed-brand?post=41272"}],"curies":[{"name":"wp","href":"https:\/\/api.w.org\/{rel}","templated":true}]}}