{"id":41315,"date":"2022-05-29T11:38:15","date_gmt":"2022-05-29T09:38:15","guid":{"rendered":"https:\/\/dev.authority.biz\/boj\/product\/b-plush-zabawka-senna-zyrafa\/"},"modified":"2022-05-29T11:38:15","modified_gmt":"2022-05-29T11:38:15","slug":"b-plush-toy-senna-the-giraffe-2","status":"publish","type":"product","link":"https:\/\/www.bojungle.eu\/pl\/produkt\/b-plush-toy-senna-the-giraffe-2\/","title":{"rendered":"B-Plush zabawka Senna \u017cyrafa"},"content":{"rendered":"<ul>\n<li>Wspania\u0142a wypchana \u017cyrafa w super mi\u0119kkiej tkaninie frotte<\/li>\n<li>\u0141atwy w utrzymaniu, mo\u017cna go pra\u0107 w pralce<\/li>\n<li>Wymiary: +-30 cm<\/li>\n<\/ul>\n","protected":false},"excerpt":{"rendered":"<p>Wspania\u0142a wypchana \u017cyrafa w super mi\u0119kkiej tkaninie frotte<\/p>\n","protected":false},"featured_media":55962,"comment_status":"closed","ping_status":"closed","template":"","meta":{"_lmt_disableupdate":"","_lmt_disable":""},"product_brand":[],"product_cat":[474,475],"product_tag":[],"woo-feed-brand":[],"class_list":{"0":"post-41315","1":"product","2":"type-product","3":"status-publish","4":"has-post-thumbnail","6":"product_cat-playtime-pl","7":"product_cat-zabawki-pluszowe","9":"first","10":"instock","11":"taxable","12":"shipping-taxable","13":"purchasable","14":"product-type-simple"},"_links":{"self":[{"href":"https:\/\/www.bojungle.eu\/pl\/wp-json\/wp\/v2\/product\/41315","targetHints":{"allow":["GET"]}}],"collection":[{"href":"https:\/\/www.bojungle.eu\/pl\/wp-json\/wp\/v2\/product"}],"about":[{"href":"https:\/\/www.bojungle.eu\/pl\/wp-json\/wp\/v2\/types\/product"}],"replies":[{"embeddable":true,"href":"https:\/\/www.bojungle.eu\/pl\/wp-json\/wp\/v2\/comments?post=41315"}],"version-history":[{"count":0,"href":"https:\/\/www.bojungle.eu\/pl\/wp-json\/wp\/v2\/product\/41315\/revisions"}],"wp:featuredmedia":[{"embeddable":true,"href":"https:\/\/www.bojungle.eu\/pl\/wp-json\/wp\/v2\/media\/55962"}],"wp:attachment":[{"href":"https:\/\/www.bojungle.eu\/pl\/wp-json\/wp\/v2\/media?parent=41315"}],"wp:term":[{"taxonomy":"product_brand","embeddable":true,"href":"https:\/\/www.bojungle.eu\/pl\/wp-json\/wp\/v2\/product_brand?post=41315"},{"taxonomy":"product_cat","embeddable":true,"href":"https:\/\/www.bojungle.eu\/pl\/wp-json\/wp\/v2\/product_cat?post=41315"},{"taxonomy":"product_tag","embeddable":true,"href":"https:\/\/www.bojungle.eu\/pl\/wp-json\/wp\/v2\/product_tag?post=41315"},{"taxonomy":"woo-feed-brand","embeddable":true,"href":"https:\/\/www.bojungle.eu\/pl\/wp-json\/wp\/v2\/woo-feed-brand?post=41315"}],"curies":[{"name":"wp","href":"https:\/\/api.w.org\/{rel}","templated":true}]}}