{"id":41330,"date":"2022-05-29T11:36:33","date_gmt":"2022-05-29T09:36:33","guid":{"rendered":"https:\/\/dev.authority.biz\/boj\/product\/b-plush-grzechotka-zimbe-slon\/"},"modified":"2022-05-29T11:36:33","modified_gmt":"2022-05-29T11:36:33","slug":"b-plush-rattle-zimbe-the-elephant-2","status":"publish","type":"product","link":"https:\/\/www.bojungle.eu\/pl\/produkt\/b-plush-rattle-zimbe-the-elephant-2\/","title":{"rendered":"B-Plush Grzechotka Zimbe S\u0142o\u0144"},"content":{"rendered":"<ul>\n<li>Grzechotki z super mi\u0119kkiego materia\u0142u frotte, kt\u00f3ry z pewno\u015bci\u0105 zabawi Twoje dziecko<\/li>\n<li>Mi\u0119kkie dzwoneczki od wewn\u0105trz<\/li>\n<\/ul>\n","protected":false},"excerpt":{"rendered":"<p>Grzechotki z super mi\u0119kkiego materia\u0142u frotte, kt\u00f3ry z pewno\u015bci\u0105 zabawi Twoje dziecko<\/p>\n","protected":false},"featured_media":55900,"comment_status":"closed","ping_status":"closed","template":"","meta":{"_lmt_disableupdate":"","_lmt_disable":""},"product_brand":[],"product_cat":[474,475],"product_tag":[],"woo-feed-brand":[],"class_list":{"0":"post-41330","1":"product","2":"type-product","3":"status-publish","4":"has-post-thumbnail","6":"product_cat-playtime-pl","7":"product_cat-zabawki-pluszowe","9":"first","10":"instock","11":"taxable","12":"shipping-taxable","13":"purchasable","14":"product-type-simple"},"_links":{"self":[{"href":"https:\/\/www.bojungle.eu\/pl\/wp-json\/wp\/v2\/product\/41330","targetHints":{"allow":["GET"]}}],"collection":[{"href":"https:\/\/www.bojungle.eu\/pl\/wp-json\/wp\/v2\/product"}],"about":[{"href":"https:\/\/www.bojungle.eu\/pl\/wp-json\/wp\/v2\/types\/product"}],"replies":[{"embeddable":true,"href":"https:\/\/www.bojungle.eu\/pl\/wp-json\/wp\/v2\/comments?post=41330"}],"version-history":[{"count":0,"href":"https:\/\/www.bojungle.eu\/pl\/wp-json\/wp\/v2\/product\/41330\/revisions"}],"wp:featuredmedia":[{"embeddable":true,"href":"https:\/\/www.bojungle.eu\/pl\/wp-json\/wp\/v2\/media\/55900"}],"wp:attachment":[{"href":"https:\/\/www.bojungle.eu\/pl\/wp-json\/wp\/v2\/media?parent=41330"}],"wp:term":[{"taxonomy":"product_brand","embeddable":true,"href":"https:\/\/www.bojungle.eu\/pl\/wp-json\/wp\/v2\/product_brand?post=41330"},{"taxonomy":"product_cat","embeddable":true,"href":"https:\/\/www.bojungle.eu\/pl\/wp-json\/wp\/v2\/product_cat?post=41330"},{"taxonomy":"product_tag","embeddable":true,"href":"https:\/\/www.bojungle.eu\/pl\/wp-json\/wp\/v2\/product_tag?post=41330"},{"taxonomy":"woo-feed-brand","embeddable":true,"href":"https:\/\/www.bojungle.eu\/pl\/wp-json\/wp\/v2\/woo-feed-brand?post=41330"}],"curies":[{"name":"wp","href":"https:\/\/api.w.org\/{rel}","templated":true}]}}