{"id":41348,"date":"2022-05-29T11:36:24","date_gmt":"2022-05-29T09:36:24","guid":{"rendered":"https:\/\/dev.authority.biz\/boj\/product\/b-plush-grzechotka-tambo-malpka\/"},"modified":"2022-05-29T11:36:24","modified_gmt":"2022-05-29T11:36:24","slug":"b-plush-rattle-tambo-the-monkey-2","status":"publish","type":"product","link":"https:\/\/www.bojungle.eu\/pl\/produkt\/b-plush-rattle-tambo-the-monkey-2\/","title":{"rendered":"B-Plush Grzechotka Tambo ma\u0142pka"},"content":{"rendered":"<ul>\n<li>Grzechotki z super mi\u0119kkiego materia\u0142u frotte, kt\u00f3ry z pewno\u015bci\u0105 zabawi Twoje dziecko<\/li>\n<li>Mi\u0119kkie dzwoneczki od wewn\u0105trz<\/li>\n<\/ul>\n","protected":false},"excerpt":{"rendered":"<p>Grzechotki z super mi\u0119kkiego materia\u0142u frotte, kt\u00f3ry z pewno\u015bci\u0105 zabawi Twoje dziecko<\/p>\n","protected":false},"featured_media":55889,"comment_status":"closed","ping_status":"closed","template":"","meta":{"_lmt_disableupdate":"","_lmt_disable":""},"product_brand":[],"product_cat":[474,475],"product_tag":[],"woo-feed-brand":[],"class_list":{"0":"post-41348","1":"product","2":"type-product","3":"status-publish","4":"has-post-thumbnail","6":"product_cat-playtime-pl","7":"product_cat-zabawki-pluszowe","9":"first","10":"instock","11":"taxable","12":"shipping-taxable","13":"purchasable","14":"product-type-simple"},"_links":{"self":[{"href":"https:\/\/www.bojungle.eu\/pl\/wp-json\/wp\/v2\/product\/41348","targetHints":{"allow":["GET"]}}],"collection":[{"href":"https:\/\/www.bojungle.eu\/pl\/wp-json\/wp\/v2\/product"}],"about":[{"href":"https:\/\/www.bojungle.eu\/pl\/wp-json\/wp\/v2\/types\/product"}],"replies":[{"embeddable":true,"href":"https:\/\/www.bojungle.eu\/pl\/wp-json\/wp\/v2\/comments?post=41348"}],"version-history":[{"count":0,"href":"https:\/\/www.bojungle.eu\/pl\/wp-json\/wp\/v2\/product\/41348\/revisions"}],"wp:featuredmedia":[{"embeddable":true,"href":"https:\/\/www.bojungle.eu\/pl\/wp-json\/wp\/v2\/media\/55889"}],"wp:attachment":[{"href":"https:\/\/www.bojungle.eu\/pl\/wp-json\/wp\/v2\/media?parent=41348"}],"wp:term":[{"taxonomy":"product_brand","embeddable":true,"href":"https:\/\/www.bojungle.eu\/pl\/wp-json\/wp\/v2\/product_brand?post=41348"},{"taxonomy":"product_cat","embeddable":true,"href":"https:\/\/www.bojungle.eu\/pl\/wp-json\/wp\/v2\/product_cat?post=41348"},{"taxonomy":"product_tag","embeddable":true,"href":"https:\/\/www.bojungle.eu\/pl\/wp-json\/wp\/v2\/product_tag?post=41348"},{"taxonomy":"woo-feed-brand","embeddable":true,"href":"https:\/\/www.bojungle.eu\/pl\/wp-json\/wp\/v2\/woo-feed-brand?post=41348"}],"curies":[{"name":"wp","href":"https:\/\/api.w.org\/{rel}","templated":true}]}}