{"id":41366,"date":"2022-05-29T11:36:02","date_gmt":"2022-05-29T09:36:02","guid":{"rendered":"https:\/\/dev.authority.biz\/boj\/product\/b-play-gym-grey-apple\/"},"modified":"2022-05-29T11:36:02","modified_gmt":"2022-05-29T11:36:02","slug":"b-play-gym-grey-apple-2","status":"publish","type":"product","link":"https:\/\/www.bojungle.eu\/pl\/produkt\/b-play-gym-grey-apple-2\/","title":{"rendered":"B-Play Gym Grey Apple"},"content":{"rendered":"<p>Ta mata do zabawy nie wymaga wiele zamieszania. Ju\u017c na zdj\u0119ciu wida\u0107, \u017ce ta mata do zabawy zosta\u0142a wykonana z wielk\u0105 staranno\u015bci\u0105 i umiej\u0119tno\u015bciami. W kokardkach znajduj\u0105 si\u0119 4 przytulanki, ponadto na macie do zabawy znajdziesz listki krakers\u00f3w, kt\u00f3re z pewno\u015bci\u0105 pobudz\u0105 zmys\u0142y Twojego malucha. Dzi\u0119ki velboa Twoje dziecko b\u0119dzie le\u017ca\u0142o na niezwykle mi\u0119kkiej i przyjemnej macie do zabawy.<\/p>\n","protected":false},"excerpt":{"rendered":"<p>Ta mata do zabawy nie wymaga wiele zamieszania. Ju\u017c na zdj\u0119ciu wida\u0107, \u017ce ta mata do zabawy zosta\u0142a wykonana z wielk\u0105 staranno\u015bci\u0105 i umiej\u0119tno\u015bciami. W kokardkach znajduj\u0105 si\u0119 4 przytulanki, ponadto na macie do zabawy znajdziesz listki krakers\u00f3w, kt\u00f3re z pewno\u015bci\u0105 pobudz\u0105 zmys\u0142y Twojego malucha. Dzi\u0119ki velboa Twoje dziecko b\u0119dzie le\u017ca\u0142o na niezwykle mi\u0119kkiej i przyjemnej macie do zabawy.<\/p>\n","protected":false},"featured_media":74844,"comment_status":"closed","ping_status":"closed","template":"","meta":{"_lmt_disableupdate":"","_lmt_disable":""},"product_brand":[],"product_cat":[474,613],"product_tag":[],"woo-feed-brand":[],"class_list":{"0":"post-41366","1":"product","2":"type-product","3":"status-publish","4":"has-post-thumbnail","6":"product_cat-playtime-pl","7":"product_cat-zabawki-ruchowe","9":"first","10":"instock","11":"taxable","12":"shipping-taxable","13":"purchasable","14":"product-type-simple"},"_links":{"self":[{"href":"https:\/\/www.bojungle.eu\/pl\/wp-json\/wp\/v2\/product\/41366","targetHints":{"allow":["GET"]}}],"collection":[{"href":"https:\/\/www.bojungle.eu\/pl\/wp-json\/wp\/v2\/product"}],"about":[{"href":"https:\/\/www.bojungle.eu\/pl\/wp-json\/wp\/v2\/types\/product"}],"replies":[{"embeddable":true,"href":"https:\/\/www.bojungle.eu\/pl\/wp-json\/wp\/v2\/comments?post=41366"}],"version-history":[{"count":0,"href":"https:\/\/www.bojungle.eu\/pl\/wp-json\/wp\/v2\/product\/41366\/revisions"}],"wp:featuredmedia":[{"embeddable":true,"href":"https:\/\/www.bojungle.eu\/pl\/wp-json\/wp\/v2\/media\/74844"}],"wp:attachment":[{"href":"https:\/\/www.bojungle.eu\/pl\/wp-json\/wp\/v2\/media?parent=41366"}],"wp:term":[{"taxonomy":"product_brand","embeddable":true,"href":"https:\/\/www.bojungle.eu\/pl\/wp-json\/wp\/v2\/product_brand?post=41366"},{"taxonomy":"product_cat","embeddable":true,"href":"https:\/\/www.bojungle.eu\/pl\/wp-json\/wp\/v2\/product_cat?post=41366"},{"taxonomy":"product_tag","embeddable":true,"href":"https:\/\/www.bojungle.eu\/pl\/wp-json\/wp\/v2\/product_tag?post=41366"},{"taxonomy":"woo-feed-brand","embeddable":true,"href":"https:\/\/www.bojungle.eu\/pl\/wp-json\/wp\/v2\/woo-feed-brand?post=41366"}],"curies":[{"name":"wp","href":"https:\/\/api.w.org\/{rel}","templated":true}]}}