{"id":41380,"date":"2022-05-29T11:33:09","date_gmt":"2022-05-29T09:33:09","guid":{"rendered":"https:\/\/dev.authority.biz\/boj\/product\/b-para-skarpetek-senna-zyrafa\/"},"modified":"2022-05-29T11:33:09","modified_gmt":"2022-05-29T11:33:09","slug":"b-pair-of-socks-senna-the-giraffe-2","status":"publish","type":"product","link":"https:\/\/www.bojungle.eu\/pl\/produkt\/b-pair-of-socks-senna-the-giraffe-2\/","title":{"rendered":"B &#8211; para skarpetek Senna \u017cyrafa"},"content":{"rendered":"<ul>\n<li>Z super mi\u0119kk\u0105 i komfortowo ciep\u0142\u0105 podszewk\u0105 z polaru<\/li>\n<li>Urocze g\u0142owy zwierz\u0105t do zabawy i odkrywania<\/li>\n<li>Pobudzi rozw\u00f3j sensoryczny Twojego dziecka<\/li>\n<\/ul>\n","protected":false},"excerpt":{"rendered":"<p>Z super mi\u0119kk\u0105 i komfortowo ciep\u0142\u0105 podszewk\u0105 z polaru<\/p>\n","protected":false},"featured_media":55696,"comment_status":"closed","ping_status":"closed","template":"","meta":{"_lmt_disableupdate":"","_lmt_disable":""},"product_brand":[],"product_cat":[474,1344,475],"product_tag":[],"woo-feed-brand":[],"class_list":{"0":"post-41380","1":"product","2":"type-product","3":"status-publish","4":"has-post-thumbnail","6":"product_cat-playtime-pl","7":"product_cat-sprzedaz-pl","8":"product_cat-zabawki-pluszowe","10":"first","11":"instock","12":"sale","13":"taxable","14":"shipping-taxable","15":"purchasable","16":"product-type-simple"},"_links":{"self":[{"href":"https:\/\/www.bojungle.eu\/pl\/wp-json\/wp\/v2\/product\/41380","targetHints":{"allow":["GET"]}}],"collection":[{"href":"https:\/\/www.bojungle.eu\/pl\/wp-json\/wp\/v2\/product"}],"about":[{"href":"https:\/\/www.bojungle.eu\/pl\/wp-json\/wp\/v2\/types\/product"}],"replies":[{"embeddable":true,"href":"https:\/\/www.bojungle.eu\/pl\/wp-json\/wp\/v2\/comments?post=41380"}],"version-history":[{"count":0,"href":"https:\/\/www.bojungle.eu\/pl\/wp-json\/wp\/v2\/product\/41380\/revisions"}],"wp:featuredmedia":[{"embeddable":true,"href":"https:\/\/www.bojungle.eu\/pl\/wp-json\/wp\/v2\/media\/55696"}],"wp:attachment":[{"href":"https:\/\/www.bojungle.eu\/pl\/wp-json\/wp\/v2\/media?parent=41380"}],"wp:term":[{"taxonomy":"product_brand","embeddable":true,"href":"https:\/\/www.bojungle.eu\/pl\/wp-json\/wp\/v2\/product_brand?post=41380"},{"taxonomy":"product_cat","embeddable":true,"href":"https:\/\/www.bojungle.eu\/pl\/wp-json\/wp\/v2\/product_cat?post=41380"},{"taxonomy":"product_tag","embeddable":true,"href":"https:\/\/www.bojungle.eu\/pl\/wp-json\/wp\/v2\/product_tag?post=41380"},{"taxonomy":"woo-feed-brand","embeddable":true,"href":"https:\/\/www.bojungle.eu\/pl\/wp-json\/wp\/v2\/woo-feed-brand?post=41380"}],"curies":[{"name":"wp","href":"https:\/\/api.w.org\/{rel}","templated":true}]}}