{"id":41410,"date":"2022-05-29T11:30:39","date_gmt":"2022-05-29T09:30:39","guid":{"rendered":"https:\/\/dev.authority.biz\/boj\/product\/b-pacifier-chain-blue\/"},"modified":"2022-05-29T11:30:39","modified_gmt":"2022-05-29T11:30:39","slug":"b-pacifier-chain-blue-2","status":"publish","type":"product","link":"https:\/\/www.bojungle.eu\/pl\/produkt\/b-pacifier-chain-blue-2\/","title":{"rendered":"B-Pacifier Chain Blue"},"content":{"rendered":"<ul>\n<li>Najs\u0142odsze \u0142a\u0144cuszki na smoczek, jakie kiedykolwiek widzia\u0142e\u015b!<\/li>\n<li>Dziecko ju\u017c nigdy nie zgubi swojego smoczka dzi\u0119ki tym uroczym \u0142a\u0144cuszkom na smoczki.<\/li>\n<li>Wykonane w naturalnym drewnie bukowym i prz\u0119dzy<\/li>\n<li>Zatwierdzony przez CE klips bezpieczny dla dziecka<\/li>\n<\/ul>\n","protected":false},"excerpt":{"rendered":"<p>Najs\u0142odsze \u0142a\u0144cuszki na smoczek, jakie kiedykolwiek widzia\u0142e\u015b!<\/p>\n","protected":false},"featured_media":74764,"comment_status":"closed","ping_status":"closed","template":"","meta":{"_lmt_disableupdate":"","_lmt_disable":""},"product_brand":[],"product_cat":[598],"product_tag":[],"woo-feed-brand":[],"class_list":{"0":"post-41410","1":"product","2":"type-product","3":"status-publish","4":"has-post-thumbnail","6":"product_cat-zabawki-z-gryzakiem","8":"first","9":"instock","10":"taxable","11":"shipping-taxable","12":"purchasable","13":"product-type-simple"},"_links":{"self":[{"href":"https:\/\/www.bojungle.eu\/pl\/wp-json\/wp\/v2\/product\/41410","targetHints":{"allow":["GET"]}}],"collection":[{"href":"https:\/\/www.bojungle.eu\/pl\/wp-json\/wp\/v2\/product"}],"about":[{"href":"https:\/\/www.bojungle.eu\/pl\/wp-json\/wp\/v2\/types\/product"}],"replies":[{"embeddable":true,"href":"https:\/\/www.bojungle.eu\/pl\/wp-json\/wp\/v2\/comments?post=41410"}],"version-history":[{"count":0,"href":"https:\/\/www.bojungle.eu\/pl\/wp-json\/wp\/v2\/product\/41410\/revisions"}],"wp:featuredmedia":[{"embeddable":true,"href":"https:\/\/www.bojungle.eu\/pl\/wp-json\/wp\/v2\/media\/74764"}],"wp:attachment":[{"href":"https:\/\/www.bojungle.eu\/pl\/wp-json\/wp\/v2\/media?parent=41410"}],"wp:term":[{"taxonomy":"product_brand","embeddable":true,"href":"https:\/\/www.bojungle.eu\/pl\/wp-json\/wp\/v2\/product_brand?post=41410"},{"taxonomy":"product_cat","embeddable":true,"href":"https:\/\/www.bojungle.eu\/pl\/wp-json\/wp\/v2\/product_cat?post=41410"},{"taxonomy":"product_tag","embeddable":true,"href":"https:\/\/www.bojungle.eu\/pl\/wp-json\/wp\/v2\/product_tag?post=41410"},{"taxonomy":"woo-feed-brand","embeddable":true,"href":"https:\/\/www.bojungle.eu\/pl\/wp-json\/wp\/v2\/woo-feed-brand?post=41410"}],"curies":[{"name":"wp","href":"https:\/\/api.w.org\/{rel}","templated":true}]}}