{"id":41481,"date":"2022-05-29T11:29:51","date_gmt":"2022-05-29T09:29:51","guid":{"rendered":"https:\/\/dev.authority.biz\/boj\/product\/b-nomadic-puderniczka-terracotta\/"},"modified":"2025-07-09T11:16:33","modified_gmt":"2025-07-09T09:16:33","slug":"b-nomadic-powder-box-terracotta-2","status":"publish","type":"product","link":"https:\/\/www.bojungle.eu\/pl\/produkt\/b-nomadic-powder-box-terracotta-2\/","title":{"rendered":"Nomadic Powder Box Terracotta"},"content":{"rendered":"<p>Nomadic Powder Box jest idealnym towarzyszem dla rodzic\u00f3w w podr\u00f3\u017cy. Zaprojektowany do przechowywania mleka w proszku lub innych suplement\u00f3w w proszku, ten pojemnik zapewnia najwy\u017csz\u0105 wygod\u0119. Jego kompaktowa, przeno\u015bna konstrukcja sprawia, \u017ce jest \u0142atwy do przenoszenia, gdziekolwiek zabierze Ci\u0119 \u017cycie. Niezale\u017cnie od tego, czy jeste\u015b w podr\u00f3\u017cy, w parku, czy po prostu za\u0142atwiasz sprawy, Nomadic Powder Box zapewnia \u015bwie\u017co\u015b\u0107 i dost\u0119pno\u015b\u0107 proszku.   <\/p>\n<p>Kluczowe cechy:<\/p>\n<ul>\n<li><strong>Przechowywanie mleka w proszku: <\/strong>Idealny do przechowywania mleka w proszku lub innych produkt\u00f3w spo\u017cywczych w proszku.<\/li>\n<li><strong>Przeno\u015bny i por\u0119czny:<\/strong> Lekka i \u0142atwa do przenoszenia, idealnie pasuje do torby lub w\u00f3zka.<\/li>\n<li><strong>\u0141atwo\u015b\u0107 czyszczenia<\/strong>: \u0141atwe do czyszczenia, zapewniaj\u0105ce higien\u0119 i wygod\u0119.<\/li>\n<li><strong>\u0141y\u017cka w zestawie: <\/strong>W zestawie wygodna \u0142y\u017cka u\u0142atwiaj\u0105ca nabieranie i odmierzanie.<\/li>\n<\/ul>\n<p>Pude\u0142ko na proszek Nomadic Powder Box to niezb\u0119dnik ka\u017cdego zapracowanego rodzica!<\/p>\n","protected":false},"excerpt":{"rendered":"<div class=\"elementor-element elementor-element-80cf67d elementor-widget elementor-widget-jet-single-excerpt\" data-id=\"80cf67d\" data-element_type=\"widget\" data-widget_type=\"jet-single-excerpt.default\">\n<div class=\"elementor-widget-container\">\n<div class=\"elementor-jet-single-excerpt jet-woo-builder\">\n<div class=\"woocommerce-product-details__short-description\">\n<p>Nomadic Powder Box to kompaktowe, przeno\u015bne rozwi\u0105zanie do przechowywania mleka w proszku. Lekki i \u0142atwy do przenoszenia, zawiera \u0142y\u017ceczk\u0119 dla wygody i jest \u0142atwy do czyszczenia, dzi\u0119ki czemu jest idealny dla rodzic\u00f3w w podr\u00f3\u017cy. <\/p>\n<\/div>\n<\/div>\n<\/div>\n<\/div>\n<div class=\"elementor-element elementor-element-c5d7d93 elementor-widget elementor-widget-spacer\" data-id=\"c5d7d93\" data-element_type=\"widget\" data-widget_type=\"spacer.default\">\n<div class=\"elementor-widget-container\">\n<div class=\"elementor-spacer\"><\/div>\n<\/div>\n<\/div>\n","protected":false},"featured_media":71033,"comment_status":"closed","ping_status":"closed","template":"","meta":{"_lmt_disableupdate":"","_lmt_disable":""},"product_brand":[],"product_cat":[444,441],"product_tag":[],"woo-feed-brand":[],"class_list":{"0":"post-41481","1":"product","2":"type-product","3":"status-publish","4":"has-post-thumbnail","6":"product_cat-przygotowanie-posilkow","7":"product_cat-zywnosc-i-napoje","9":"first","10":"instock","11":"featured","12":"taxable","13":"shipping-taxable","14":"purchasable","15":"product-type-simple"},"_links":{"self":[{"href":"https:\/\/www.bojungle.eu\/pl\/wp-json\/wp\/v2\/product\/41481","targetHints":{"allow":["GET"]}}],"collection":[{"href":"https:\/\/www.bojungle.eu\/pl\/wp-json\/wp\/v2\/product"}],"about":[{"href":"https:\/\/www.bojungle.eu\/pl\/wp-json\/wp\/v2\/types\/product"}],"replies":[{"embeddable":true,"href":"https:\/\/www.bojungle.eu\/pl\/wp-json\/wp\/v2\/comments?post=41481"}],"version-history":[{"count":2,"href":"https:\/\/www.bojungle.eu\/pl\/wp-json\/wp\/v2\/product\/41481\/revisions"}],"predecessor-version":[{"id":80658,"href":"https:\/\/www.bojungle.eu\/pl\/wp-json\/wp\/v2\/product\/41481\/revisions\/80658"}],"wp:featuredmedia":[{"embeddable":true,"href":"https:\/\/www.bojungle.eu\/pl\/wp-json\/wp\/v2\/media\/71033"}],"wp:attachment":[{"href":"https:\/\/www.bojungle.eu\/pl\/wp-json\/wp\/v2\/media?parent=41481"}],"wp:term":[{"taxonomy":"product_brand","embeddable":true,"href":"https:\/\/www.bojungle.eu\/pl\/wp-json\/wp\/v2\/product_brand?post=41481"},{"taxonomy":"product_cat","embeddable":true,"href":"https:\/\/www.bojungle.eu\/pl\/wp-json\/wp\/v2\/product_cat?post=41481"},{"taxonomy":"product_tag","embeddable":true,"href":"https:\/\/www.bojungle.eu\/pl\/wp-json\/wp\/v2\/product_tag?post=41481"},{"taxonomy":"woo-feed-brand","embeddable":true,"href":"https:\/\/www.bojungle.eu\/pl\/wp-json\/wp\/v2\/woo-feed-brand?post=41481"}],"curies":[{"name":"wp","href":"https:\/\/api.w.org\/{rel}","templated":true}]}}