{"id":41528,"date":"2022-05-29T11:29:48","date_gmt":"2022-05-29T09:29:48","guid":{"rendered":"https:\/\/dev.authority.biz\/boj\/product\/b-my-first-smart-phone-red\/"},"modified":"2022-05-29T11:29:48","modified_gmt":"2022-05-29T11:29:48","slug":"b-my-first-smart-phone-rood-2","status":"publish","type":"product","link":"https:\/\/www.bojungle.eu\/pl\/produkt\/b-my-first-smart-phone-rood-2\/","title":{"rendered":"B-My First Smart Phone Red"},"content":{"rendered":"<p>Zabawka jest odpowiednia dla dzieci w wieku 12 miesi\u0119cy i starszych.<\/p>\n<p>W tym wieku dzieci rozwijaj\u0105 silne poczucie ciekawo\u015bci i lubi\u0105 na\u015bladowa\u0107 rodzic\u00f3w. Ten zabawkowy smartfon z pewno\u015bci\u0105 zabawi Twojego malucha, a jego funkcje pomog\u0105 dziecku w nauce podczas zabawy.<\/p>\n","protected":false},"excerpt":{"rendered":"<p>Ten zabawkowy smartfon z pewno\u015bci\u0105 zabawi Twojego malucha, a jego funkcje pomog\u0105 dziecku w nauce podczas zabawy.<\/p>\n","protected":false},"featured_media":71577,"comment_status":"closed","ping_status":"closed","template":"","meta":{"_lmt_disableupdate":"","_lmt_disable":""},"product_brand":[],"product_cat":[491,474,614,613],"product_tag":[],"woo-feed-brand":[],"class_list":{"0":"post-41528","1":"product","2":"type-product","3":"status-publish","4":"has-post-thumbnail","6":"product_cat-kolorowe-zabawki","7":"product_cat-playtime-pl","8":"product_cat-zabawki-muzyczne","9":"product_cat-zabawki-ruchowe","11":"first","12":"instock","13":"taxable","14":"shipping-taxable","15":"purchasable","16":"product-type-simple"},"_links":{"self":[{"href":"https:\/\/www.bojungle.eu\/pl\/wp-json\/wp\/v2\/product\/41528","targetHints":{"allow":["GET"]}}],"collection":[{"href":"https:\/\/www.bojungle.eu\/pl\/wp-json\/wp\/v2\/product"}],"about":[{"href":"https:\/\/www.bojungle.eu\/pl\/wp-json\/wp\/v2\/types\/product"}],"replies":[{"embeddable":true,"href":"https:\/\/www.bojungle.eu\/pl\/wp-json\/wp\/v2\/comments?post=41528"}],"version-history":[{"count":0,"href":"https:\/\/www.bojungle.eu\/pl\/wp-json\/wp\/v2\/product\/41528\/revisions"}],"wp:featuredmedia":[{"embeddable":true,"href":"https:\/\/www.bojungle.eu\/pl\/wp-json\/wp\/v2\/media\/71577"}],"wp:attachment":[{"href":"https:\/\/www.bojungle.eu\/pl\/wp-json\/wp\/v2\/media?parent=41528"}],"wp:term":[{"taxonomy":"product_brand","embeddable":true,"href":"https:\/\/www.bojungle.eu\/pl\/wp-json\/wp\/v2\/product_brand?post=41528"},{"taxonomy":"product_cat","embeddable":true,"href":"https:\/\/www.bojungle.eu\/pl\/wp-json\/wp\/v2\/product_cat?post=41528"},{"taxonomy":"product_tag","embeddable":true,"href":"https:\/\/www.bojungle.eu\/pl\/wp-json\/wp\/v2\/product_tag?post=41528"},{"taxonomy":"woo-feed-brand","embeddable":true,"href":"https:\/\/www.bojungle.eu\/pl\/wp-json\/wp\/v2\/woo-feed-brand?post=41528"}],"curies":[{"name":"wp","href":"https:\/\/api.w.org\/{rel}","templated":true}]}}