{"id":41569,"date":"2022-05-29T11:29:48","date_gmt":"2022-05-29T09:29:48","guid":{"rendered":"https:\/\/dev.authority.biz\/boj\/product\/b-nightlight\/"},"modified":"2025-05-14T15:08:58","modified_gmt":"2025-05-14T13:08:58","slug":"b-nightlight-2","status":"publish","type":"product","link":"https:\/\/www.bojungle.eu\/pl\/produkt\/b-nightlight-2\/","title":{"rendered":"B-Nightlight"},"content":{"rendered":"<ul>\n<li>Energooszcz\u0119dne, d\u0142ugotrwa\u0142e \u015bwiat\u0142o LED<\/li>\n<li>Do 10 000 godzin pracy!<\/li>\n<li>Dwie opcje: automatyczny czujnik dzie\u0144\/noc lub r\u0119czny przycisk w\u0142\u0105czania\/wy\u0142\u0105czania<\/li>\n<li>Unikalna funkcja: urz\u0105dzenie automatycznie dostosowuje jasno\u015b\u0107 \u015bwiat\u0142a do ciemno\u015bci panuj\u0105cej w pomieszczeniu; im ciemniej w pomieszczeniu, tym ja\u015bniejsze \u015bwiat\u0142o b\u0119dzie \u015bwieci\u0107!<\/li>\n<\/ul>\n<p>&nbsp;<\/p>\n<table border=\"1\">\n<tbody>\n<tr>\n<td>Podr\u0119cznik<\/td>\n<td><a href=\"https:\/\/www.bojungle.eu\/wp-content\/uploads\/2025\/05\/B-Nightlight.pdf\" target=\"_blank\" rel=\"noopener\">Kliknij tutaj<\/a><\/td>\n<\/tr>\n<\/tbody>\n<\/table>\n","protected":false},"excerpt":{"rendered":"<p>Nasza lampka nocna dla najm\u0142odszych to najlepszy towarzysz przed snem! Dzi\u0119ki automatycznej adaptacyjnej jasno\u015bci dostosowuje si\u0119 do ciemno\u015bci w pomieszczeniu, zapewniaj\u0105c odpowiedni blask. Wyposa\u017cona w energooszcz\u0119dn\u0105 technologi\u0119 LED o \u017cywotno\u015bci do 10 000 godzin, jest zar\u00f3wno przyjazna dla \u015brodowiska, jak i dla portfela. Wyb\u00f3r pomi\u0119dzy automatycznym czujnikiem a sterowaniem r\u0119cznym zapewnia \u0142atwo\u015b\u0107 u\u017cytkowania. \u0141agodny dla ma\u0142ych oczu, zapewnia komfortow\u0105 atmosfer\u0119 bez ciep\u0142a. Zapewnij spok\u00f3j i wyciszenie przed snem dzi\u0119ki naszej wszechstronnej i przyjaznej dzieciom lampce nocnej.     <\/p>\n","protected":false},"featured_media":66430,"comment_status":"closed","ping_status":"closed","template":"","meta":{"_lmt_disableupdate":"","_lmt_disable":""},"product_brand":[],"product_cat":[524],"product_tag":[],"woo-feed-brand":[],"class_list":{"0":"post-41569","1":"product","2":"type-product","3":"status-publish","4":"has-post-thumbnail","6":"product_cat-sen","8":"first","9":"instock","10":"taxable","11":"shipping-taxable","12":"purchasable","13":"product-type-simple"},"_links":{"self":[{"href":"https:\/\/www.bojungle.eu\/pl\/wp-json\/wp\/v2\/product\/41569","targetHints":{"allow":["GET"]}}],"collection":[{"href":"https:\/\/www.bojungle.eu\/pl\/wp-json\/wp\/v2\/product"}],"about":[{"href":"https:\/\/www.bojungle.eu\/pl\/wp-json\/wp\/v2\/types\/product"}],"replies":[{"embeddable":true,"href":"https:\/\/www.bojungle.eu\/pl\/wp-json\/wp\/v2\/comments?post=41569"}],"version-history":[{"count":2,"href":"https:\/\/www.bojungle.eu\/pl\/wp-json\/wp\/v2\/product\/41569\/revisions"}],"predecessor-version":[{"id":79696,"href":"https:\/\/www.bojungle.eu\/pl\/wp-json\/wp\/v2\/product\/41569\/revisions\/79696"}],"wp:featuredmedia":[{"embeddable":true,"href":"https:\/\/www.bojungle.eu\/pl\/wp-json\/wp\/v2\/media\/66430"}],"wp:attachment":[{"href":"https:\/\/www.bojungle.eu\/pl\/wp-json\/wp\/v2\/media?parent=41569"}],"wp:term":[{"taxonomy":"product_brand","embeddable":true,"href":"https:\/\/www.bojungle.eu\/pl\/wp-json\/wp\/v2\/product_brand?post=41569"},{"taxonomy":"product_cat","embeddable":true,"href":"https:\/\/www.bojungle.eu\/pl\/wp-json\/wp\/v2\/product_cat?post=41569"},{"taxonomy":"product_tag","embeddable":true,"href":"https:\/\/www.bojungle.eu\/pl\/wp-json\/wp\/v2\/product_tag?post=41569"},{"taxonomy":"woo-feed-brand","embeddable":true,"href":"https:\/\/www.bojungle.eu\/pl\/wp-json\/wp\/v2\/woo-feed-brand?post=41569"}],"curies":[{"name":"wp","href":"https:\/\/api.w.org\/{rel}","templated":true}]}}