{"id":41636,"date":"2022-05-29T11:29:11","date_gmt":"2022-05-29T09:29:11","guid":{"rendered":"https:\/\/dev.authority.biz\/boj\/product\/b-light-music-grzechotka-krolik\/"},"modified":"2023-07-10T11:17:22","modified_gmt":"2023-07-10T09:17:22","slug":"b-light-music-rattle-rabbit","status":"publish","type":"product","link":"https:\/\/www.bojungle.eu\/pl\/produkt\/b-light-music-rattle-rabbit\/","title":{"rendered":"B-Light &amp; Music Grzechotka Kr\u00f3lik"},"content":{"rendered":"<ul>\n<li>Lekka konstrukcja z materia\u0142em nie zawieraj\u0105cym farby i wbudowanym akcesorium do gryzienia<\/li>\n<li>Cztery tryby<\/li>\n<li>\u015awiat\u0142o migaj\u0105ce<\/li>\n<li>Wbudowany czujnik<\/li>\n<li>Zabawka do gryzienia<\/li>\n<\/ul>\n","protected":false},"excerpt":{"rendered":"<p>Wystarczy potrz\u0105sn\u0105\u0107 t\u0105 urocz\u0105 grzechotk\u0105, aby \u015bwiate\u0142ka zamigota\u0142y i zacz\u0119\u0142a gra\u0107 muzyka. Dzi\u0119ki mi\u0119kkim uszom do gryzienia, ta grzechotka stanie si\u0119 ulubie\u0144cem Twojego dziecka!<\/p>\n","protected":false},"featured_media":55041,"comment_status":"closed","ping_status":"closed","template":"","meta":{"_lmt_disableupdate":"","_lmt_disable":""},"product_brand":[],"product_cat":[672,491,474,614,613],"product_tag":[1170,1172,1171,1058,1057],"woo-feed-brand":[],"class_list":{"0":"post-41636","1":"product","2":"type-product","3":"status-publish","4":"has-post-thumbnail","6":"product_cat-grzechotki","7":"product_cat-kolorowe-zabawki","8":"product_cat-playtime-pl","9":"product_cat-zabawki-muzyczne","10":"product_cat-zabawki-ruchowe","11":"product_tag-dziecko","12":"product_tag-grajacy","13":"product_tag-grzechotka","14":"product_tag-muzyka","15":"product_tag-swiatla","17":"first","18":"instock","19":"taxable","20":"shipping-taxable","21":"purchasable","22":"product-type-simple"},"_links":{"self":[{"href":"https:\/\/www.bojungle.eu\/pl\/wp-json\/wp\/v2\/product\/41636","targetHints":{"allow":["GET"]}}],"collection":[{"href":"https:\/\/www.bojungle.eu\/pl\/wp-json\/wp\/v2\/product"}],"about":[{"href":"https:\/\/www.bojungle.eu\/pl\/wp-json\/wp\/v2\/types\/product"}],"replies":[{"embeddable":true,"href":"https:\/\/www.bojungle.eu\/pl\/wp-json\/wp\/v2\/comments?post=41636"}],"version-history":[{"count":0,"href":"https:\/\/www.bojungle.eu\/pl\/wp-json\/wp\/v2\/product\/41636\/revisions"}],"wp:featuredmedia":[{"embeddable":true,"href":"https:\/\/www.bojungle.eu\/pl\/wp-json\/wp\/v2\/media\/55041"}],"wp:attachment":[{"href":"https:\/\/www.bojungle.eu\/pl\/wp-json\/wp\/v2\/media?parent=41636"}],"wp:term":[{"taxonomy":"product_brand","embeddable":true,"href":"https:\/\/www.bojungle.eu\/pl\/wp-json\/wp\/v2\/product_brand?post=41636"},{"taxonomy":"product_cat","embeddable":true,"href":"https:\/\/www.bojungle.eu\/pl\/wp-json\/wp\/v2\/product_cat?post=41636"},{"taxonomy":"product_tag","embeddable":true,"href":"https:\/\/www.bojungle.eu\/pl\/wp-json\/wp\/v2\/product_tag?post=41636"},{"taxonomy":"woo-feed-brand","embeddable":true,"href":"https:\/\/www.bojungle.eu\/pl\/wp-json\/wp\/v2\/woo-feed-brand?post=41636"}],"curies":[{"name":"wp","href":"https:\/\/api.w.org\/{rel}","templated":true}]}}