{"id":42814,"date":"2022-05-29T11:29:10","date_gmt":"2022-05-29T09:29:10","guid":{"rendered":"https:\/\/bojungle.eu\/shop\/product\/b-keys-silicone-greywhitebluepink\/"},"modified":"2024-04-11T13:55:49","modified_gmt":"2024-04-11T11:55:49","slug":"b-keys-silicone-greywhitebluepink","status":"publish","type":"product","link":"https:\/\/www.bojungle.eu\/pl\/produkt\/b-keys-silicone-greywhitebluepink\/","title":{"rendered":"Klawisze silikonowe (szary, bia\u0142y, niebieski, r\u00f3\u017cowy)"},"content":{"rendered":"<p>Sprawd\u017a nasze silikonowe klucze (szary, bia\u0142y, niebieski, r\u00f3\u017cowy) &#8211; to obowi\u0105zkowy element zabawy Twojego malucha! Wykonane z ekologicznego silikonu klucze to co\u015b wi\u0119cej ni\u017c tylko zabawki na z\u0105bkowanie. Z lu\u017anymi kluczami otaczaj\u0105cymi centralny gryzak, oferuj\u0105 \u0142atw\u0105 do uchwycenia konstrukcj\u0119, kt\u00f3ra jest idealna dla ma\u0142ych r\u0105czek do odkrywania i zabawy. Nie tylko zapewniaj\u0105 ulg\u0119 w dyskomforcie zwi\u0105zanym z z\u0105bkowaniem, ale tak\u017ce stymuluj\u0105 zmys\u0142y dziecka dzi\u0119ki \u017cywym kolorom i r\u00f3\u017cnorodnym kszta\u0142tom. Wyobra\u017a sobie rado\u015b\u0107 na twarzy swojego malucha, gdy odkrywa r\u00f3\u017cne tekstury i odcienie! A oto wisienka na torcie: Zestaw silikonowy Keys jest nie tylko bezpieczny dla dziecka, ale tak\u017ce dla naszej planety. Wykonany z wysokiej jako\u015bci silikonu, mo\u017cesz mie\u0107 pewno\u015b\u0107, \u017ce zabawa Twojego dziecka b\u0119dzie zar\u00f3wno przyjemna, jak i ekologiczna. Po co wi\u0119c zadowala\u0107 si\u0119 zwyk\u0142ymi zabawkami, skoro mo\u017cna podnie\u015b\u0107 jako\u015b\u0107 zabawy dziecka dzi\u0119ki naszemu silikonowemu zestawowi kluczy? Dodaj odrobin\u0119 koloru, komfortu i przyjazno\u015bci dla \u015brodowiska do \u015bwiata swojego dziecka ju\u017c dzi\u015b!  <\/p>\n","protected":false},"excerpt":{"rendered":"<div class=\"w-full text-token-text-primary\" dir=\"auto\" data-testid=\"conversation-turn-5\">\n<div class=\"px-4 py-2 justify-center text-base md:gap-6 m-auto\">\n<div class=\"flex flex-1 text-base mx-auto gap-3 juice:gap-4 juice:md:gap-6 md:px-5 lg:px-1 xl:px-5 md:max-w-3xl lg:max-w-[40rem] xl:max-w-[48rem] group\">\n<div class=\"relative flex w-full flex-col agent-turn\">\n<div class=\"flex-col gap-1 md:gap-3\">\n<div class=\"flex flex-grow flex-col max-w-full\">\n<div class=\"min-h-[20px] text-message flex flex-col items-start gap-3 whitespace-pre-wrap break-words [.text-message+&amp;]:mt-5 overflow-x-auto\" dir=\"auto\" data-message-author-role=\"assistant\" data-message-id=\"17b7d7b6-b91e-4499-b753-bc31b4cdf645\">\n<div class=\"markdown prose w-full break-words dark:prose-invert light\">\n<p>Sprawd\u017a nasze klucze silikonowe (szary, bia\u0142y, niebieski, r\u00f3\u017cowy) &#8211; s\u0105 fantastyczne dla Twojego malucha! Wykonane z przyjaznego dla \u015brodowiska silikonu, te klucze s\u0142u\u017c\u0105 nie tylko do z\u0105bkowania. \u015awietnie sprawdzaj\u0105 si\u0119 r\u00f3wnie\u017c jako zabawki do chwytania, poniewa\u017c wok\u00f3\u0142 g\u0142\u00f3wnego gryzaka znajduj\u0105 si\u0119 lu\u017ane klucze. Ponadto s\u0105 dost\u0119pne w r\u00f3\u017cnych kolorach i kszta\u0142tach, co jest super zabaw\u0105 dla zmys\u0142\u00f3w dziecka. A co najlepsze? S\u0105 bezpieczne dla dziecka i \u015brodowiska. Dlaczego wi\u0119c czeka\u0107? Kup sw\u00f3j silikonowy zestaw kluczy ju\u017c dzi\u015b!       <\/p>\n<\/div>\n<\/div>\n<\/div>\n<\/div>\n<div class=\"absolute\">\n<div class=\"flex w-full gap-2 items-center justify-center\"><\/div>\n<\/div>\n<\/div>\n<\/div>\n<\/div>\n<\/div>\n<div class=\"w-full text-token-text-primary\" dir=\"auto\" data-testid=\"conversation-turn-6\">\n<div class=\"px-4 py-2 justify-center text-base md:gap-6 m-auto\">\n<div class=\"flex flex-1 text-base mx-auto gap-3 juice:gap-4 juice:md:gap-6 md:px-5 lg:px-1 xl:px-5 md:max-w-3xl lg:max-w-[40rem] xl:max-w-[48rem] group\">\n<div class=\"flex-shrink-0 flex flex-col relative items-end\">\n<div>\n<div class=\"pt-0.5\">\n<div class=\"gizmo-shadow-stroke flex h-6 w-6 items-center justify-center overflow-hidden rounded-full\"><\/div>\n<\/div>\n<\/div>\n<\/div>\n<\/div>\n<\/div>\n<\/div>\n","protected":false},"featured_media":73016,"comment_status":"closed","ping_status":"closed","template":"","meta":{"_lmt_disableupdate":"","_lmt_disable":""},"product_brand":[],"product_cat":[474,494],"product_tag":[],"woo-feed-brand":[],"class_list":{"0":"post-42814","1":"product","2":"type-product","3":"status-publish","4":"has-post-thumbnail","6":"product_cat-playtime-pl","7":"product_cat-zabawki-silikonowe","9":"first","10":"instock","11":"taxable","12":"shipping-taxable","13":"purchasable","14":"product-type-simple"},"_links":{"self":[{"href":"https:\/\/www.bojungle.eu\/pl\/wp-json\/wp\/v2\/product\/42814","targetHints":{"allow":["GET"]}}],"collection":[{"href":"https:\/\/www.bojungle.eu\/pl\/wp-json\/wp\/v2\/product"}],"about":[{"href":"https:\/\/www.bojungle.eu\/pl\/wp-json\/wp\/v2\/types\/product"}],"replies":[{"embeddable":true,"href":"https:\/\/www.bojungle.eu\/pl\/wp-json\/wp\/v2\/comments?post=42814"}],"version-history":[{"count":1,"href":"https:\/\/www.bojungle.eu\/pl\/wp-json\/wp\/v2\/product\/42814\/revisions"}],"predecessor-version":[{"id":73038,"href":"https:\/\/www.bojungle.eu\/pl\/wp-json\/wp\/v2\/product\/42814\/revisions\/73038"}],"wp:featuredmedia":[{"embeddable":true,"href":"https:\/\/www.bojungle.eu\/pl\/wp-json\/wp\/v2\/media\/73016"}],"wp:attachment":[{"href":"https:\/\/www.bojungle.eu\/pl\/wp-json\/wp\/v2\/media?parent=42814"}],"wp:term":[{"taxonomy":"product_brand","embeddable":true,"href":"https:\/\/www.bojungle.eu\/pl\/wp-json\/wp\/v2\/product_brand?post=42814"},{"taxonomy":"product_cat","embeddable":true,"href":"https:\/\/www.bojungle.eu\/pl\/wp-json\/wp\/v2\/product_cat?post=42814"},{"taxonomy":"product_tag","embeddable":true,"href":"https:\/\/www.bojungle.eu\/pl\/wp-json\/wp\/v2\/product_tag?post=42814"},{"taxonomy":"woo-feed-brand","embeddable":true,"href":"https:\/\/www.bojungle.eu\/pl\/wp-json\/wp\/v2\/woo-feed-brand?post=42814"}],"curies":[{"name":"wp","href":"https:\/\/api.w.org\/{rel}","templated":true}]}}