{"id":42855,"date":"2022-05-29T11:29:10","date_gmt":"2022-05-29T09:29:10","guid":{"rendered":"https:\/\/bojungle.eu\/shop\/product\/b-light-music-grzechotka-kurczak\/"},"modified":"2022-05-29T11:29:10","modified_gmt":"2022-05-29T11:29:10","slug":"b-light-music-rattle-kip","status":"publish","type":"product","link":"https:\/\/www.bojungle.eu\/pl\/produkt\/b-light-music-rattle-kip\/","title":{"rendered":"B-Light &amp; Music Grzechotka Kurczak"},"content":{"rendered":"<ul>\n<li>Lekka konstrukcja z materia\u0142em nie zawieraj\u0105cym farby i wbudowanym akcesorium do gryzienia<\/li>\n<li>Cztery tryby<\/li>\n<li>\u015awiat\u0142o migaj\u0105ce<\/li>\n<li>Wbudowany czujnik<\/li>\n<li>Zabawka do gryzienia<\/li>\n<\/ul>\n","protected":false},"excerpt":{"rendered":"<p>Lekka konstrukcja z materia\u0142em nie zawieraj\u0105cym farby i wbudowanym akcesorium do gryzienia<\/p>\n","protected":false},"featured_media":55008,"comment_status":"closed","ping_status":"closed","template":"","meta":{"_lmt_disableupdate":"","_lmt_disable":""},"product_brand":[],"product_cat":[672,491,474,614,613],"product_tag":[],"woo-feed-brand":[],"class_list":{"0":"post-42855","1":"product","2":"type-product","3":"status-publish","4":"has-post-thumbnail","6":"product_cat-grzechotki","7":"product_cat-kolorowe-zabawki","8":"product_cat-playtime-pl","9":"product_cat-zabawki-muzyczne","10":"product_cat-zabawki-ruchowe","12":"first","13":"instock","14":"taxable","15":"shipping-taxable","16":"purchasable","17":"product-type-simple"},"_links":{"self":[{"href":"https:\/\/www.bojungle.eu\/pl\/wp-json\/wp\/v2\/product\/42855","targetHints":{"allow":["GET"]}}],"collection":[{"href":"https:\/\/www.bojungle.eu\/pl\/wp-json\/wp\/v2\/product"}],"about":[{"href":"https:\/\/www.bojungle.eu\/pl\/wp-json\/wp\/v2\/types\/product"}],"replies":[{"embeddable":true,"href":"https:\/\/www.bojungle.eu\/pl\/wp-json\/wp\/v2\/comments?post=42855"}],"version-history":[{"count":0,"href":"https:\/\/www.bojungle.eu\/pl\/wp-json\/wp\/v2\/product\/42855\/revisions"}],"wp:featuredmedia":[{"embeddable":true,"href":"https:\/\/www.bojungle.eu\/pl\/wp-json\/wp\/v2\/media\/55008"}],"wp:attachment":[{"href":"https:\/\/www.bojungle.eu\/pl\/wp-json\/wp\/v2\/media?parent=42855"}],"wp:term":[{"taxonomy":"product_brand","embeddable":true,"href":"https:\/\/www.bojungle.eu\/pl\/wp-json\/wp\/v2\/product_brand?post=42855"},{"taxonomy":"product_cat","embeddable":true,"href":"https:\/\/www.bojungle.eu\/pl\/wp-json\/wp\/v2\/product_cat?post=42855"},{"taxonomy":"product_tag","embeddable":true,"href":"https:\/\/www.bojungle.eu\/pl\/wp-json\/wp\/v2\/product_tag?post=42855"},{"taxonomy":"woo-feed-brand","embeddable":true,"href":"https:\/\/www.bojungle.eu\/pl\/wp-json\/wp\/v2\/woo-feed-brand?post=42855"}],"curies":[{"name":"wp","href":"https:\/\/api.w.org\/{rel}","templated":true}]}}