{"id":42865,"date":"2022-05-29T11:29:10","date_gmt":"2022-05-29T09:29:10","guid":{"rendered":"https:\/\/bojungle.eu\/shop\/product\/b-light-music-rattle-poes\/"},"modified":"2024-10-03T16:42:23","modified_gmt":"2024-10-03T14:42:23","slug":"b-light-music-rattle-poes","status":"publish","type":"product","link":"https:\/\/www.bojungle.eu\/pl\/produkt\/b-light-music-rattle-poes\/","title":{"rendered":"B-Light &amp; Music Rattle Poes"},"content":{"rendered":"<p>Wprowad\u017a swoje dziecko w \u015bwiat sensorycznej zabawy z grzechotk\u0105 Light  Music! Zaprojektowana z my\u015bl\u0105 o najm\u0142odszych, ta urocza grzechotka migocze weso\u0142ymi \u015bwiate\u0142kami i odtwarza muzyk\u0119 za pomoc\u0105 prostego potrz\u0105\u015bni\u0119cia. Dziecko pokocha \u017cucie jej mi\u0119kkich, bezpiecznych uszu, dzi\u0119ki czemu stanie si\u0119 ona jego nowym ulubionym towarzyszem!   Kluczowe cechy: <\/p>\n<ul>\n<li><strong>Lekka i \u0142atwa do trzymania: <\/strong>idealna dla ma\u0142ych r\u0105czek do chwytania i potrz\u0105sania bez wysi\u0142ku.<\/li>\n<li><strong>Bezpieczny materia\u0142 niezawieraj\u0105cy farby: <\/strong>Wykonana z nietoksycznych materia\u0142\u00f3w, bezpiecznych dla niemowl\u0105t.<\/li>\n<li><strong>Cztery tryby zabawy: <\/strong>Wybierz spo\u015br\u00f3d migaj\u0105cych \u015bwiate\u0142, muzyki lub kombinacji, aby bawi\u0107 i uspokaja\u0107.<\/li>\n<li><strong>Wbudowany czujnik: <\/strong>Automatycznie aktywuje \u015bwiat\u0142a i d\u017awi\u0119ki po potrz\u0105\u015bni\u0119ciu.<\/li>\n<li><strong>Mi\u0119kka zabawka do gryzienia:<\/strong> delikatna dla dzi\u0105se\u0142, idealna dla z\u0105bkuj\u0105cych dzieci.<\/li>\n<\/ul>\n<p> Idealne po\u0142\u0105czenie zabawy i funkcjonalno\u015bci, ta grzechotka z pewno\u015bci\u0105 zapewni dziecku rozrywk\u0119 i zaanga\u017cowanie!<\/p>\n","protected":false},"excerpt":{"rendered":"<div class=\"flex max-w-full flex-col flex-grow\">\n<div class=\"min-h-8 text-message flex w-full flex-col items-end gap-2 whitespace-normal break-words [.text-message+&amp;]:mt-5\" dir=\"auto\" data-message-author-role=\"assistant\" data-message-id=\"cf1fb747-2e09-4348-b15e-3b3c290653a5\">\n<div class=\"flex w-full flex-col gap-1 empty:hidden first:pt-[3px]\">\n<div class=\"markdown prose w-full break-words dark:prose-invert light\"> Potrz\u0105\u015bnij, aby roz\u015bwietli\u0107 \u015bwiat swojego dziecka! Grzechotka Light  Music migocze kolorowymi \u015bwiate\u0142kami i gra muzyk\u0119, a jej mi\u0119kkie, nadaj\u0105ce si\u0119 do \u017cucia uszy \u0142agodz\u0105 z\u0105bkowanie. Wykonana z bezpiecznego, niezawieraj\u0105cego farby materia\u0142u o lekkiej konstrukcji, jest \u0142atwa do uchwycenia i pe\u0142na sensorycznej zabawy!   <\/div>\n<\/div>\n<\/div>\n<\/div>\n<div class=\"mb-2 flex gap-3 empty:hidden -ml-2\">\n<div class=\"items-center justify-start rounded-xl p-1 flex\">\n<div class=\"flex items-center\">\n<div class=\"flex\"><\/div>\n<\/div>\n<\/div>\n<\/div>\n","protected":false},"featured_media":54997,"comment_status":"closed","ping_status":"closed","template":"","meta":{"_lmt_disableupdate":"","_lmt_disable":""},"product_brand":[],"product_cat":[672,491,474,614,613],"product_tag":[],"woo-feed-brand":[],"class_list":{"0":"post-42865","1":"product","2":"type-product","3":"status-publish","4":"has-post-thumbnail","6":"product_cat-grzechotki","7":"product_cat-kolorowe-zabawki","8":"product_cat-playtime-pl","9":"product_cat-zabawki-muzyczne","10":"product_cat-zabawki-ruchowe","12":"first","13":"instock","14":"taxable","15":"shipping-taxable","16":"purchasable","17":"product-type-simple"},"_links":{"self":[{"href":"https:\/\/www.bojungle.eu\/pl\/wp-json\/wp\/v2\/product\/42865","targetHints":{"allow":["GET"]}}],"collection":[{"href":"https:\/\/www.bojungle.eu\/pl\/wp-json\/wp\/v2\/product"}],"about":[{"href":"https:\/\/www.bojungle.eu\/pl\/wp-json\/wp\/v2\/types\/product"}],"replies":[{"embeddable":true,"href":"https:\/\/www.bojungle.eu\/pl\/wp-json\/wp\/v2\/comments?post=42865"}],"version-history":[{"count":1,"href":"https:\/\/www.bojungle.eu\/pl\/wp-json\/wp\/v2\/product\/42865\/revisions"}],"predecessor-version":[{"id":78235,"href":"https:\/\/www.bojungle.eu\/pl\/wp-json\/wp\/v2\/product\/42865\/revisions\/78235"}],"wp:featuredmedia":[{"embeddable":true,"href":"https:\/\/www.bojungle.eu\/pl\/wp-json\/wp\/v2\/media\/54997"}],"wp:attachment":[{"href":"https:\/\/www.bojungle.eu\/pl\/wp-json\/wp\/v2\/media?parent=42865"}],"wp:term":[{"taxonomy":"product_brand","embeddable":true,"href":"https:\/\/www.bojungle.eu\/pl\/wp-json\/wp\/v2\/product_brand?post=42865"},{"taxonomy":"product_cat","embeddable":true,"href":"https:\/\/www.bojungle.eu\/pl\/wp-json\/wp\/v2\/product_cat?post=42865"},{"taxonomy":"product_tag","embeddable":true,"href":"https:\/\/www.bojungle.eu\/pl\/wp-json\/wp\/v2\/product_tag?post=42865"},{"taxonomy":"woo-feed-brand","embeddable":true,"href":"https:\/\/www.bojungle.eu\/pl\/wp-json\/wp\/v2\/woo-feed-brand?post=42865"}],"curies":[{"name":"wp","href":"https:\/\/api.w.org\/{rel}","templated":true}]}}