{"id":42955,"date":"2022-05-29T11:26:15","date_gmt":"2022-05-29T09:26:15","guid":{"rendered":"https:\/\/bojungle.eu\/shop\/product\/b-podparcie-glowy-poduszka-grey\/"},"modified":"2025-03-13T15:37:17","modified_gmt":"2025-03-13T14:37:17","slug":"b-head-support-pillow-grey","status":"publish","type":"product","link":"https:\/\/www.bojungle.eu\/pl\/produkt\/b-head-support-pillow-grey\/","title":{"rendered":"B-Podparcie g\u0142owy Poduszka Grey"},"content":{"rendered":"<p data-start=\"99\" data-end=\"346\">Zapewnij swojemu maluszkowi komfort i wsparcie, kt\u00f3rych potrzebuje, dzi\u0119ki naszej poduszce pod g\u0142ow\u0119 dziecka. Ta mi\u0119kka i ergonomiczna poduszka zosta\u0142a zaprojektowana tak, aby wspiera\u0107 prawid\u0142owe ustawienie g\u0142owy i szyi, a dzi\u0119ki temu pomaga zmniejszy\u0107 obci\u0105\u017cenie, dzi\u0119ki czemu idealnie nadaje si\u0119 do u\u017cytku w domu lub w podr\u00f3\u017cy. <\/p>\n<p data-start=\"62\" data-end=\"338\"><strong>Kluczowe cechy<\/strong><\/p>\n<ul>\n<li data-start=\"62\" data-end=\"338\"><strong data-start=\"375\" data-end=\"395\">Ergonomiczna konstrukcja \u2013<\/strong> delikatnie podtrzymuje g\u0142\u00f3wk\u0119 dziecka, wspieraj\u0105c jego zdrowy rozw\u00f3j.<\/li>\n<li data-start=\"62\" data-end=\"338\"><strong data-start=\"467\" data-end=\"488\">Mi\u0119kkie i oddychaj\u0105ce <\/strong>\u2013 wykonane z hipoalergicznego, oddychaj\u0105cego materia\u0142u, kt\u00f3ry zapewni Twojemu dziecku ch\u0142\u00f3d i wygod\u0119.<\/li>\n<li data-start=\"62\" data-end=\"338\"><strong data-start=\"581\" data-end=\"603\">Delikatna pianka Memory Foam <\/strong>\u2013 zapewnia mi\u0119kkie, dopasowuj\u0105ce si\u0119 wsparcie dla najwy\u017cszego komfortu.<\/li>\n<li data-start=\"62\" data-end=\"338\"><strong data-start=\"665\" data-end=\"693\" data-is-only-node=\"\">Idealny do codziennego u\u017cytku<\/strong> \u2013 idealny do \u0142\u00f3\u017ceczek dzieci\u0119cych, gondoli, w\u00f3zk\u00f3w dzieci\u0119cych i fotelik\u00f3w samochodowych.<\/li>\n<li data-start=\"62\" data-end=\"338\"><strong data-start=\"755\" data-end=\"781\">Lekki i przeno\u015bny <\/strong>\u2013 idealny w podr\u00f3\u017cy, zapewnia wygod\u0119 niezale\u017cnie od miejsca odpoczynku dziecka.<\/li>\n<\/ul>\n<p data-start=\"848\" data-end=\"978\">Zapewnij swojemu dziecku wygod\u0119 i dobre samopoczucie dzi\u0119ki poduszce pod g\u0142ow\u0119 dziecka \u2013 niezb\u0119dnej dla spokojnych drzemek i przyjemnych podr\u00f3\u017cy!<\/p>\n","protected":false},"excerpt":{"rendered":"<div class=\"flex max-w-full flex-col flex-grow\">\n<div class=\"min-h-8 text-message relative flex w-full flex-col items-end gap-2 whitespace-normal break-words text-start [.text-message+&amp;]:mt-5\" dir=\"auto\" data-message-author-role=\"assistant\" data-message-id=\"954ae71e-5acd-4af3-bb72-15859359c1da\" data-message-model-slug=\"gpt-4o\">\n<div class=\"flex w-full flex-col gap-1 empty:hidden first:pt-[3px]\">\n<div class=\"markdown prose w-full break-words dark:prose-invert light\">\n<p data-start=\"62\" data-end=\"315\" data-is-last-node=\"\" data-is-only-node=\"\">Ciesz si\u0119 idealnym podparciem szyi dzi\u0119ki poduszce Head Support Pillow! Jej ergonomiczna konstrukcja i pianka memory dopasowuj\u0105 si\u0119 do Twojego kszta\u0142tu, redukuj\u0105c obci\u0105\u017cenie i poprawiaj\u0105c postaw\u0119. Lekka, oddychaj\u0105ca i idealna do u\u017cytku w domu, w podr\u00f3\u017cy lub w biurze \u2014 zachowaj wygod\u0119 wsz\u0119dzie!  <\/p>\n<\/div>\n<\/div>\n<\/div>\n<\/div>\n","protected":false},"featured_media":68442,"comment_status":"closed","ping_status":"closed","template":"","meta":{"_lmt_disableupdate":"","_lmt_disable":""},"product_brand":[],"product_cat":[630,629,804,524],"product_tag":[],"woo-feed-brand":[],"class_list":{"0":"post-42955","1":"product","2":"type-product","3":"status-publish","4":"has-post-thumbnail","6":"product_cat-akcesoria-zewnetrzne","7":"product_cat-na-zewnatrz","8":"product_cat-poduszki","9":"product_cat-sen","11":"first","12":"instock","13":"taxable","14":"shipping-taxable","15":"purchasable","16":"product-type-simple"},"_links":{"self":[{"href":"https:\/\/www.bojungle.eu\/pl\/wp-json\/wp\/v2\/product\/42955","targetHints":{"allow":["GET"]}}],"collection":[{"href":"https:\/\/www.bojungle.eu\/pl\/wp-json\/wp\/v2\/product"}],"about":[{"href":"https:\/\/www.bojungle.eu\/pl\/wp-json\/wp\/v2\/types\/product"}],"replies":[{"embeddable":true,"href":"https:\/\/www.bojungle.eu\/pl\/wp-json\/wp\/v2\/comments?post=42955"}],"version-history":[{"count":1,"href":"https:\/\/www.bojungle.eu\/pl\/wp-json\/wp\/v2\/product\/42955\/revisions"}],"predecessor-version":[{"id":79344,"href":"https:\/\/www.bojungle.eu\/pl\/wp-json\/wp\/v2\/product\/42955\/revisions\/79344"}],"wp:featuredmedia":[{"embeddable":true,"href":"https:\/\/www.bojungle.eu\/pl\/wp-json\/wp\/v2\/media\/68442"}],"wp:attachment":[{"href":"https:\/\/www.bojungle.eu\/pl\/wp-json\/wp\/v2\/media?parent=42955"}],"wp:term":[{"taxonomy":"product_brand","embeddable":true,"href":"https:\/\/www.bojungle.eu\/pl\/wp-json\/wp\/v2\/product_brand?post=42955"},{"taxonomy":"product_cat","embeddable":true,"href":"https:\/\/www.bojungle.eu\/pl\/wp-json\/wp\/v2\/product_cat?post=42955"},{"taxonomy":"product_tag","embeddable":true,"href":"https:\/\/www.bojungle.eu\/pl\/wp-json\/wp\/v2\/product_tag?post=42955"},{"taxonomy":"woo-feed-brand","embeddable":true,"href":"https:\/\/www.bojungle.eu\/pl\/wp-json\/wp\/v2\/woo-feed-brand?post=42955"}],"curies":[{"name":"wp","href":"https:\/\/api.w.org\/{rel}","templated":true}]}}