{"id":42974,"date":"2022-05-29T11:24:02","date_gmt":"2022-05-29T09:24:02","guid":{"rendered":"https:\/\/bojungle.eu\/shop\/product\/filtr-b-do-oczyszczacza-sensy\/"},"modified":"2024-01-31T13:48:27","modified_gmt":"2024-01-31T12:48:27","slug":"b-filtr-dla-humi-purifier-sensy","status":"publish","type":"product","link":"https:\/\/www.bojungle.eu\/pl\/produkt\/b-filtr-dla-humi-purifier-sensy\/","title":{"rendered":"Filtr do nawil\u017cacza Sensy"},"content":{"rendered":"<p>Ten filtr jest odpowiedni dla Humi-Purifier Sensy i naszych poprzednich nawil\u017caczy cyfrowych.<\/p>\n","protected":false},"excerpt":{"rendered":"<p>Filtr do Humi-Purifier Sensy zosta\u0142 zaprojektowany w celu poprawy jako\u015bci powietrza w przestrzeni mieszkalnej, tworz\u0105c zdrowsze \u015brodowisko. Ten wysokiej jako\u015bci filtr zosta\u0142 specjalnie zaprojektowany do u\u017cytku z Humi-Purifier Sensy, zapewniaj\u0105c skuteczn\u0105 filtracj\u0119 cz\u0105stek kurzu, alergen\u00f3w i innych zanieczyszcze\u0144 unosz\u0105cych si\u0119 w powietrzu. <\/p>\n","protected":false},"featured_media":65196,"comment_status":"closed","ping_status":"closed","template":"","meta":{"_lmt_disableupdate":"","_lmt_disable":""},"product_brand":[],"product_cat":[524],"product_tag":[],"woo-feed-brand":[],"class_list":{"0":"post-42974","1":"product","2":"type-product","3":"status-publish","4":"has-post-thumbnail","6":"product_cat-sen","8":"first","9":"instock","10":"taxable","11":"shipping-taxable","12":"purchasable","13":"product-type-simple"},"_links":{"self":[{"href":"https:\/\/www.bojungle.eu\/pl\/wp-json\/wp\/v2\/product\/42974","targetHints":{"allow":["GET"]}}],"collection":[{"href":"https:\/\/www.bojungle.eu\/pl\/wp-json\/wp\/v2\/product"}],"about":[{"href":"https:\/\/www.bojungle.eu\/pl\/wp-json\/wp\/v2\/types\/product"}],"replies":[{"embeddable":true,"href":"https:\/\/www.bojungle.eu\/pl\/wp-json\/wp\/v2\/comments?post=42974"}],"version-history":[{"count":1,"href":"https:\/\/www.bojungle.eu\/pl\/wp-json\/wp\/v2\/product\/42974\/revisions"}],"predecessor-version":[{"id":65205,"href":"https:\/\/www.bojungle.eu\/pl\/wp-json\/wp\/v2\/product\/42974\/revisions\/65205"}],"wp:featuredmedia":[{"embeddable":true,"href":"https:\/\/www.bojungle.eu\/pl\/wp-json\/wp\/v2\/media\/65196"}],"wp:attachment":[{"href":"https:\/\/www.bojungle.eu\/pl\/wp-json\/wp\/v2\/media?parent=42974"}],"wp:term":[{"taxonomy":"product_brand","embeddable":true,"href":"https:\/\/www.bojungle.eu\/pl\/wp-json\/wp\/v2\/product_brand?post=42974"},{"taxonomy":"product_cat","embeddable":true,"href":"https:\/\/www.bojungle.eu\/pl\/wp-json\/wp\/v2\/product_cat?post=42974"},{"taxonomy":"product_tag","embeddable":true,"href":"https:\/\/www.bojungle.eu\/pl\/wp-json\/wp\/v2\/product_tag?post=42974"},{"taxonomy":"woo-feed-brand","embeddable":true,"href":"https:\/\/www.bojungle.eu\/pl\/wp-json\/wp\/v2\/woo-feed-brand?post=42974"}],"curies":[{"name":"wp","href":"https:\/\/api.w.org\/{rel}","templated":true}]}}