{"id":42977,"date":"2022-05-29T11:24:19","date_gmt":"2022-05-29T09:24:19","guid":{"rendered":"https:\/\/bojungle.eu\/shop\/product\/skladana-wanna-prysznicowa-b-grey-white\/"},"modified":"2025-05-26T16:47:55","modified_gmt":"2025-05-26T14:47:55","slug":"b-foldable-shower-bath-grey-white","status":"publish","type":"product","link":"https:\/\/www.bojungle.eu\/pl\/produkt\/b-foldable-shower-bath-grey-white\/","title":{"rendered":"Sk\u0142adana wanna prysznicowa B Grey\/White"},"content":{"rendered":"<p>Sk\u0142adana wanna prysznicowa jest wykonana z wysokiej jako\u015bci silikonu i solidnej aluminiowej ramy, dzi\u0119ki czemu oferuje wyj\u0105tkow\u0105 trwa\u0142o\u015b\u0107 i mo\u017cliwo\u015b\u0107 regulacji. Regulowana wysoko\u015b\u0107 zapewnia optymalny komfort u\u017cytkownikom w ka\u017cdym wieku i o r\u00f3\u017cnych umiej\u0119tno\u015bciach. <\/p>\n<p>Wyposa\u017cona w wygodne siedzisko z przyssawkami zapewniaj\u0105cymi dodatkow\u0105 stabilno\u015b\u0107 i wsparcie, nasza wanna zapewnia bezpieczne \u015brodowisko do relaksu lub orze\u017awiaj\u0105cego prysznica.<\/p>\n<p>Czyszczenie jest dziecinnie proste dzi\u0119ki przyjaznej dla u\u017cytkownika nasadce odp\u0142ywowej, umo\u017cliwiaj\u0105cej szybkie i skuteczne usuwanie wody po ka\u017cdym u\u017cyciu. Ponadto mo\u017cesz spa\u0107 spokojnie, wiedz\u0105c, \u017ce nasza sk\u0142adana wanna prysznicowa nie zawiera BPA, co jest priorytetem dla Twojego zdrowia i bezpiecze\u0144stwa. <\/p>\n<p>Ulepsz swoje doznania podczas k\u0105pieli dzi\u0119ki doskona\u0142emu po\u0142\u0105czeniu wygody, komfortu i wszechstronno\u015bci. Podnie\u015b swoj\u0105 przestrze\u0144 dzi\u0119ki naszej sk\u0142adanej wannie prysznicowej ju\u017c dzi\u015b! <\/p>\n<ul>\n<li>Wanna ta mo\u017ce by\u0107 \u0142atwo umieszczona pod prysznicem lub s\u0142u\u017cy\u0107 jako alternatywa dla sta\u0142ej wanny. Dzi\u0119ki silikonowym elementom w wannie i aluminiowej ramie mo\u017cna regulowa\u0107 jej wysoko\u015b\u0107. Wewn\u0105trz wanny dost\u0119pne jest siedzisko z przyssawkami. Woda mo\u017ce by\u0107 \u0142atwo usuni\u0119ta dzi\u0119ki nasadce spustowej.<\/li>\n<li>wolny od BPA<\/li>\n<\/ul>\n<table border=\"1\">\n<tbody>\n<tr>\n<td>Podr\u0119cznik<\/td>\n<td><a href=\"https:\/\/www.bojungle.eu\/wp-content\/uploads\/2025\/05\/Manual-B400700.pdf\" target=\"_blank\" rel=\"noopener\">Kliknij tutaj<\/a><\/td>\n<\/tr>\n<\/tbody>\n<\/table>\n","protected":false},"excerpt":{"rendered":"<p>Do\u015bwiadcz niezr\u00f3wnanej wygody i komfortu naszej sk\u0142adanej wanny prysznicowej w stylowym kolorze szaro-bia\u0142ym! Odmie\u0144 swoj\u0105 rutyn\u0119 k\u0105pielow\u0105 dzi\u0119ki temu innowacyjnemu rozwi\u0105zaniu zaprojektowanemu tak, aby p\u0142ynnie zintegrowa\u0107 si\u0119 z przestrzeni\u0105 prysznicow\u0105 lub funkcjonowa\u0107 jako elastyczna alternatywa dla tradycyjnej wanny stacjonarnej. <\/p>\n<p>&nbsp;<\/p>\n","protected":false},"featured_media":66622,"comment_status":"closed","ping_status":"closed","template":"","meta":{"_lmt_disableupdate":"","_lmt_disable":""},"product_brand":[],"product_cat":[590,522],"product_tag":[],"woo-feed-brand":[],"class_list":{"0":"post-42977","1":"product","2":"type-product","3":"status-publish","4":"has-post-thumbnail","6":"product_cat-dziecko-w-kapieli","7":"product_cat-pielegnacja-skory","9":"first","10":"instock","11":"taxable","12":"shipping-taxable","13":"purchasable","14":"product-type-simple"},"_links":{"self":[{"href":"https:\/\/www.bojungle.eu\/pl\/wp-json\/wp\/v2\/product\/42977","targetHints":{"allow":["GET"]}}],"collection":[{"href":"https:\/\/www.bojungle.eu\/pl\/wp-json\/wp\/v2\/product"}],"about":[{"href":"https:\/\/www.bojungle.eu\/pl\/wp-json\/wp\/v2\/types\/product"}],"replies":[{"embeddable":true,"href":"https:\/\/www.bojungle.eu\/pl\/wp-json\/wp\/v2\/comments?post=42977"}],"version-history":[{"count":3,"href":"https:\/\/www.bojungle.eu\/pl\/wp-json\/wp\/v2\/product\/42977\/revisions"}],"predecessor-version":[{"id":79954,"href":"https:\/\/www.bojungle.eu\/pl\/wp-json\/wp\/v2\/product\/42977\/revisions\/79954"}],"wp:featuredmedia":[{"embeddable":true,"href":"https:\/\/www.bojungle.eu\/pl\/wp-json\/wp\/v2\/media\/66622"}],"wp:attachment":[{"href":"https:\/\/www.bojungle.eu\/pl\/wp-json\/wp\/v2\/media?parent=42977"}],"wp:term":[{"taxonomy":"product_brand","embeddable":true,"href":"https:\/\/www.bojungle.eu\/pl\/wp-json\/wp\/v2\/product_brand?post=42977"},{"taxonomy":"product_cat","embeddable":true,"href":"https:\/\/www.bojungle.eu\/pl\/wp-json\/wp\/v2\/product_cat?post=42977"},{"taxonomy":"product_tag","embeddable":true,"href":"https:\/\/www.bojungle.eu\/pl\/wp-json\/wp\/v2\/product_tag?post=42977"},{"taxonomy":"woo-feed-brand","embeddable":true,"href":"https:\/\/www.bojungle.eu\/pl\/wp-json\/wp\/v2\/woo-feed-brand?post=42977"}],"curies":[{"name":"wp","href":"https:\/\/api.w.org\/{rel}","templated":true}]}}