{"id":42988,"date":"2022-05-29T11:24:19","date_gmt":"2022-05-29T09:24:19","guid":{"rendered":"https:\/\/bojungle.eu\/shop\/product\/b-foldable-playard-light-grey\/"},"modified":"2025-06-17T15:01:25","modified_gmt":"2025-06-17T13:01:25","slug":"b-foldable-playard-light-grey","status":"publish","type":"product","link":"https:\/\/www.bojungle.eu\/pl\/produkt\/b-foldable-playard-light-grey\/","title":{"rendered":"B-Foldable Playard Light Grey"},"content":{"rendered":"<ul>\n<li>Szukasz lekkiego w\u00f3zka, kt\u00f3ry \u0142atwo zabra\u0107 na wycieczki i kt\u00f3ry mo\u017cesz roz\u0142o\u017cy\u0107 w ci\u0105gu kilku sekund? Nie szukaj dalej, nasz B-Foldable Playard zapewni bezpiecze\u0144stwo Twojemu dziecku lub maluchowi gdziekolwiek jeste\u015b.<\/li>\n<li>G\u0142\u00f3wne cechy:<\/li>\n<li>Przestronna konstrukcja (wymiary: 75 cm x 120 cm x 140 cm)<\/li>\n<li>Wodoodporne tkaniny i materia\u0142y, kt\u00f3re pozwalaj\u0105 na u\u017cytkowanie zar\u00f3wno w jak i na zewn\u0105trz<\/li>\n<li>Bardzo lekki (7,9 kg) stela\u017c, kt\u00f3ry sk\u0142ada si\u0119 i rozk\u0142ada w ci\u0105gu kilku sekund: idealny do u\u017cytku w podr\u00f3\u017cy!<\/li>\n<li>Bardzo kompaktowy po z\u0142o\u017ceniu (wymiary: 23 cm x 23 cm x 100 cm)<\/li>\n<li>W zestawie torba transportowa<\/li>\n<\/ul>\n<table border=\"1\">\n<tbody>\n<tr>\n<td>Podr\u0119cznik<\/td>\n<td><a href=\"https:\/\/www.bojungle.eu\/wp-content\/uploads\/2025\/06\/Playard.pdf\" target=\"_blank\" rel=\"noopener\">Kliknij tutaj<\/a><\/td>\n<\/tr>\n<\/tbody>\n<\/table>\n","protected":false},"excerpt":{"rendered":"<p>Szukasz lekkiego w\u00f3zka, kt\u00f3ry \u0142atwo zabra\u0107 na wycieczki i kt\u00f3ry mo\u017cesz roz\u0142o\u017cy\u0107 w ci\u0105gu kilku sekund? Nie szukaj dalej, nasz B-Foldable Playard zapewni bezpiecze\u0144stwo Twojemu dziecku lub maluchowi gdziekolwiek jeste\u015b.<\/p>\n","protected":false},"featured_media":75206,"comment_status":"closed","ping_status":"closed","template":"","meta":{"_lmt_disableupdate":"","_lmt_disable":""},"product_brand":[],"product_cat":[629,809],"product_tag":[],"woo-feed-brand":[],"class_list":{"0":"post-42988","1":"product","2":"type-product","3":"status-publish","4":"has-post-thumbnail","6":"product_cat-na-zewnatrz","7":"product_cat-w-ogrodzie","9":"first","10":"instock","11":"featured","12":"taxable","13":"shipping-taxable","14":"purchasable","15":"product-type-simple"},"_links":{"self":[{"href":"https:\/\/www.bojungle.eu\/pl\/wp-json\/wp\/v2\/product\/42988","targetHints":{"allow":["GET"]}}],"collection":[{"href":"https:\/\/www.bojungle.eu\/pl\/wp-json\/wp\/v2\/product"}],"about":[{"href":"https:\/\/www.bojungle.eu\/pl\/wp-json\/wp\/v2\/types\/product"}],"replies":[{"embeddable":true,"href":"https:\/\/www.bojungle.eu\/pl\/wp-json\/wp\/v2\/comments?post=42988"}],"version-history":[{"count":1,"href":"https:\/\/www.bojungle.eu\/pl\/wp-json\/wp\/v2\/product\/42988\/revisions"}],"predecessor-version":[{"id":80290,"href":"https:\/\/www.bojungle.eu\/pl\/wp-json\/wp\/v2\/product\/42988\/revisions\/80290"}],"wp:featuredmedia":[{"embeddable":true,"href":"https:\/\/www.bojungle.eu\/pl\/wp-json\/wp\/v2\/media\/75206"}],"wp:attachment":[{"href":"https:\/\/www.bojungle.eu\/pl\/wp-json\/wp\/v2\/media?parent=42988"}],"wp:term":[{"taxonomy":"product_brand","embeddable":true,"href":"https:\/\/www.bojungle.eu\/pl\/wp-json\/wp\/v2\/product_brand?post=42988"},{"taxonomy":"product_cat","embeddable":true,"href":"https:\/\/www.bojungle.eu\/pl\/wp-json\/wp\/v2\/product_cat?post=42988"},{"taxonomy":"product_tag","embeddable":true,"href":"https:\/\/www.bojungle.eu\/pl\/wp-json\/wp\/v2\/product_tag?post=42988"},{"taxonomy":"woo-feed-brand","embeddable":true,"href":"https:\/\/www.bojungle.eu\/pl\/wp-json\/wp\/v2\/woo-feed-brand?post=42988"}],"curies":[{"name":"wp","href":"https:\/\/api.w.org\/{rel}","templated":true}]}}