{"id":43023,"date":"2022-05-29T11:24:01","date_gmt":"2022-05-29T09:24:01","guid":{"rendered":"https:\/\/bojungle.eu\/shop\/product\/b-kubek-do-picia-cpla-biodegradowalny-szary\/"},"modified":"2022-05-29T11:24:01","modified_gmt":"2022-05-29T11:24:01","slug":"b-drinking-cup-cpla-biodegradowalny-grey","status":"publish","type":"product","link":"https:\/\/www.bojungle.eu\/pl\/produkt\/b-drinking-cup-cpla-biodegradowalny-grey\/","title":{"rendered":"B-Kubek do picia CPLA Biodegradowalny szary"},"content":{"rendered":"<div id=\"description\" class=\"tab-pane fade in active\" role=\"tabpanel\">\n<div class=\"product-description\">\n<p>CPLA jest wytwarzany z naturalnych ro\u015blin, a nie z ropy naftowej. Mo\u017ce to by\u0107 kukurydza, maniok, trzcina cukrowa, buraki cukrowe, pszenica, odpady rolnicze i ro\u015bliny nie\u017cywno\u015bciowe. Dlatego CPLA jest w 100% naturalny, co oznacza, \u017ce ma zero oleju, zero toksyczno\u015bci, zero metali ci\u0119\u017ckich. Co wi\u0119cej, mo\u017ce by\u0107 u\u017cywany w mikrofal\u00f3wce i zmywarce. Dlatego CPLA to najbezpieczniejszy wyb\u00f3r dla Twoich dzieci.<\/p>\n<p>&nbsp;<\/p>\n<\/div>\n<\/div>\n<div id=\"product-details\" class=\"tab-pane fade\" style=\"box-sizing: inherit; opacity: 1; transition: opacity 0.15s linear 0s; display: block; margin-bottom: 20px; color: #000000; font-family: Roboto, Arial, Helvetica, sans-serif; font-size: 13px; font-style: normal; font-variant-ligatures: normal; font-variant-caps: normal; font-weight: 400; letter-spacing: normal; orphans: 2; text-align: start; text-indent: 0px; text-transform: none; white-space: normal; widows: 2; word-spacing: 0px; -webkit-text-stroke-width: 0px; background-color: #ffffff; text-decoration-thickness: initial; text-decoration-style: initial; text-decoration-color: initial;\" role=\"tabpanel\" data-product=\"{\"id_shop_default\":\"1\",\"id_manufacturer\":\"1\",\"id_supplier\":\"2\",\"reference\":\"B552000\",\"is_virtual\":\"0\",\"delivery_in_stock\":\"\",\"delivery_out_stock\":\"\",\"id_category_default\":\"342\",\"on_sale\":\"0\",\"online_only\":\"1\",\"ecotax\":0,\"minimal_quantity\":\"1\",\"low_stock_threshold\":null,\"low_stock_alert\":\"0\",\"price\":\"\\u20ac10.74\",\"unity\":\"\",\"unit_price_ratio\":\"0.000000\",\"additional_shipping_cost\":\"0.000000\",\"customizable\":\"0\",\"text_fields\":\"0\",\"uploadable_files\":\"0\",\"redirect_type\":\"404\",\"id_type_redirected\":\"0\",\"available_for_order\":\"1\",\"available_date\":\"0000-00-00\",\"show_condition\":\"0\",\"condition\":\"new\",\"show_price\":\"1\",\"indexed\":\"1\",\"visibility\":\"both\",\"cache_default_attribute\":\"0\",\"advanced_stock_management\":\"0\",\"date_add\":\"2021-09-29 10:31:30\",\"date_upd\":\"2022-02-04 15:32:19\",\"pack_stock_type\":\"0\",\"meta_description\":\"Discover our B-Drinking Cup CPLA Biodegradable Grey from the product range: Feeding | Bo Jungle\",\"meta_keywords\":\"\",\"meta_title\":\"B-Drinking Cup CPLA Biodegradable Grey | Bo Jungle\",\"link_rewrite\":\"b-drinking-cup-cpla-biodegradable-grey\",\"name\":\"B-Drinking Cup CPLA Biodegradable Grey\",\"description\":\"&lt;encoded_tag_open \/&gt;p&lt;encoded_tag_closed \/&gt;CPLA is made from natural plants and not from oil. lt could include corn, cassava, sugar cane, sugar beets, wheat, agricultural wastes and non-food plants. Therefore, CPLA is 100% natural, which means it has zero oil, zero toxicity, zero heavy metal. Further-more, it can be used in microwave and dishwasher. Therefor CPLA is the safest choice for your kids.&lt;encoded_tag_open \/&gt;\\\/p&lt;encoded_tag_closed \/&gt;\\r\\n&lt;encoded_tag_open \/&gt;p&lt;encoded_tag_closed \/&gt;&lt;encoded_tag_open \/&gt;\\\/p&lt;encoded_tag_closed \/&gt;\",\"description_short\":\"&lt;encoded_tag_open \/&gt;p&lt;encoded_tag_closed \/&gt;B-Drinking Cup CPLA Biodegradable Grey&lt;encoded_tag_open \/&gt;\\\/p&lt;encoded_tag_closed \/&gt;\",\"available_now\":\"\",\"available_later\":\"\",\"id\":1045,\"id_product\":1045,\"out_of_stock\":0,\"new\":0,\"id_product_attribute\":\"0\",\"quantity_wanted\":1,\"extraContent\":[],\"allow_oosp\":true,\"category\":\"aan-tafel\",\"category_name\":\"At the table\",\"link\":\"https:\\\/\\\/bojungle.eu\\\/gb\\\/aan-tafel\\\/1045-b-drinking-cup-cpla-biodegradable-grey-1703735311005.html\",\"attribute_price\":0,\"price_tax_exc\":10.735537,\"price_without_reduction\":10.735537,\"reduction\":0,\"specific_prices\":[],\"quantity\":0,\"quantity_all_versions\":0,\"id_image\":\"gb-default\",\"features\":[],\"attachments\":[],\"virtual\":0,\"pack\":0,\"packItems\":[],\"nopackprice\":0,\"customization_required\":false,\"rate\":0,\"tax_name\":\"\",\"ecotax_rate\":0,\"unit_price\":\"\",\"customizations\":{\"fields\":[]},\"id_customization\":0,\"is_customizable\":false,\"show_quantities\":false,\"quantity_label\":\"Item\",\"quantity_discounts\":[],\"customer_group_discount\":0,\"images\":[{\"bySize\":{\"small_default\":{\"url\":\"https:\\\/\\\/bojungle.eu\\\/3119-small_default\\\/b-drinking-cup-cpla-biodegradable-grey.jpg\",\"width\":98,\"height\":98},\"cart_default\":{\"url\":\"https:\\\/\\\/bojungle.eu\\\/3119-cart_default\\\/b-drinking-cup-cpla-biodegradable-grey.jpg\",\"width\":125,\"height\":125},\"home_default\":{\"url\":\"https:\\\/\\\/bojungle.eu\\\/3119-home_default\\\/b-drinking-cup-cpla-biodegradable-grey.jpg\",\"width\":259,\"height\":259},\"medium_default\":{\"url\":\"https:\\\/\\\/bojungle.eu\\\/3119-medium_default\\\/b-drinking-cup-cpla-biodegradable-grey.jpg\",\"width\":452,\"height\":452},\"large_default\":{\"url\":\"https:\\\/\\\/bojungle.eu\\\/3119-large_default\\\/b-drinking-cup-cpla-biodegradable-grey.jpg\",\"width\":800,\"height\":800}},\"small\":{\"url\":\"https:\\\/\\\/bojungle.eu\\\/3119-small_default\\\/b-drinking-cup-cpla-biodegradable-grey.jpg\",\"width\":98,\"height\":98},\"medium\":{\"url\":\"https:\\\/\\\/bojungle.eu\\\/3119-home_default\\\/b-drinking-cup-cpla-biodegradable-grey.jpg\",\"width\":259,\"height\":259},\"large\":{\"url\":\"https:\\\/\\\/bojungle.eu\\\/3119-large_default\\\/b-drinking-cup-cpla-biodegradable-grey.jpg\",\"width\":800,\"height\":800},\"legend\":\"\",\"id_image\":\"3119\",\"cover\":null,\"position\":\"1\",\"associatedVariants\":[]},{\"bySize\":{\"small_default\":{\"url\":\"https:\\\/\\\/bojungle.eu\\\/3120-small_default\\\/b-drinking-cup-cpla-biodegradable-grey.jpg\",\"width\":98,\"height\":98},\"cart_default\":{\"url\":\"https:\\\/\\\/bojungle.eu\\\/3120-cart_default\\\/b-drinking-cup-cpla-biodegradable-grey.jpg\",\"width\":125,\"height\":125},\"home_default\":{\"url\":\"https:\\\/\\\/bojungle.eu\\\/3120-home_default\\\/b-drinking-cup-cpla-biodegradable-grey.jpg\",\"width\":259,\"height\":259},\"medium_default\":{\"url\":\"https:\\\/\\\/bojungle.eu\\\/3120-medium_default\\\/b-drinking-cup-cpla-biodegradable-grey.jpg\",\"width\":452,\"height\":452},\"large_default\":{\"url\":\"https:\\\/\\\/bojungle.eu\\\/3120-large_default\\\/b-drinking-cup-cpla-biodegradable-grey.jpg\",\"width\":800,\"height\":800}},\"small\":{\"url\":\"https:\\\/\\\/bojungle.eu\\\/3120-small_default\\\/b-drinking-cup-cpla-biodegradable-grey.jpg\",\"width\":98,\"height\":98},\"medium\":{\"url\":\"https:\\\/\\\/bojungle.eu\\\/3120-home_default\\\/b-drinking-cup-cpla-biodegradable-grey.jpg\",\"width\":259,\"height\":259},\"large\":{\"url\":\"https:\\\/\\\/bojungle.eu\\\/3120-large_default\\\/b-drinking-cup-cpla-biodegradable-grey.jpg\",\"width\":800,\"height\":800},\"legend\":\"\",\"id_image\":\"3120\",\"cover\":null,\"position\":\"2\",\"associatedVariants\":[]},{\"bySize\":{\"small_default\":{\"url\":\"https:\\\/\\\/bojungle.eu\\\/3121-small_default\\\/b-drinking-cup-cpla-biodegradable-grey.jpg\",\"width\":98,\"height\":98},\"cart_default\":{\"url\":\"https:\\\/\\\/bojungle.eu\\\/3121-cart_default\\\/b-drinking-cup-cpla-biodegradable-grey.jpg\",\"width\":125,\"height\":125},\"home_default\":{\"url\":\"https:\\\/\\\/bojungle.eu\\\/3121-home_default\\\/b-drinking-cup-cpla-biodegradable-grey.jpg\",\"width\":259,\"height\":259},\"medium_default\":{\"url\":\"https:\\\/\\\/bojungle.eu\\\/3121-medium_default\\\/b-drinking-cup-cpla-biodegradable-grey.jpg\",\"width\":452,\"height\":452},\"large_default\":{\"url\":\"https:\\\/\\\/bojungle.eu\\\/3121-large_default\\\/b-drinking-cup-cpla-biodegradable-grey.jpg\",\"width\":800,\"height\":800}},\"small\":{\"url\":\"https:\\\/\\\/bojungle.eu\\\/3121-small_default\\\/b-drinking-cup-cpla-biodegradable-grey.jpg\",\"width\":98,\"height\":98},\"medium\":{\"url\":\"https:\\\/\\\/bojungle.eu\\\/3121-home_default\\\/b-drinking-cup-cpla-biodegradable-grey.jpg\",\"width\":259,\"height\":259},\"large\":{\"url\":\"https:\\\/\\\/bojungle.eu\\\/3121-large_default\\\/b-drinking-cup-cpla-biodegradable-grey.jpg\",\"width\":800,\"height\":800},\"legend\":\"\",\"id_image\":\"3121\",\"cover\":null,\"position\":\"3\",\"associatedVariants\":[]},{\"bySize\":{\"small_default\":{\"url\":\"https:\\\/\\\/bojungle.eu\\\/3122-small_default\\\/b-drinking-cup-cpla-biodegradable-grey.jpg\",\"width\":98,\"height\":98},\"cart_default\":{\"url\":\"https:\\\/\\\/bojungle.eu\\\/3122-cart_default\\\/b-drinking-cup-cpla-biodegradable-grey.jpg\",\"width\":125,\"height\":125},\"home_default\":{\"url\":\"https:\\\/\\\/bojungle.eu\\\/3122-home_default\\\/b-drinking-cup-cpla-biodegradable-grey.jpg\",\"width\":259,\"height\":259},\"medium_default\":{\"url\":\"https:\\\/\\\/bojungle.eu\\\/3122-medium_default\\\/b-drinking-cup-cpla-biodegradable-grey.jpg\",\"width\":452,\"height\":452},\"large_default\":{\"url\":\"https:\\\/\\\/bojungle.eu\\\/3122-large_default\\\/b-drinking-cup-cpla-biodegradable-grey.jpg\",\"width\":800,\"height\":800}},\"small\":{\"url\":\"https:\\\/\\\/bojungle.eu\\\/3122-small_default\\\/b-drinking-cup-cpla-biodegradable-grey.jpg\",\"width\":98,\"height\":98},\"medium\":{\"url\":\"https:\\\/\\\/bojungle.eu\\\/3122-home_default\\\/b-drinking-cup-cpla-biodegradable-grey.jpg\",\"width\":259,\"height\":259},\"large\":{\"url\":\"https:\\\/\\\/bojungle.eu\\\/3122-large_default\\\/b-drinking-cup-cpla-biodegradable-grey.jpg\",\"width\":800,\"height\":800},\"legend\":\"\",\"id_image\":\"3122\",\"cover\":null,\"position\":\"4\",\"associatedVariants\":[]},{\"bySize\":{\"small_default\":{\"url\":\"https:\\\/\\\/bojungle.eu\\\/3353-small_default\\\/b-drinking-cup-cpla-biodegradable-grey.jpg\",\"width\":98,\"height\":98},\"cart_default\":{\"url\":\"https:\\\/\\\/bojungle.eu\\\/3353-cart_default\\\/b-drinking-cup-cpla-biodegradable-grey.jpg\",\"width\":125,\"height\":125},\"home_default\":{\"url\":\"https:\\\/\\\/bojungle.eu\\\/3353-home_default\\\/b-drinking-cup-cpla-biodegradable-grey.jpg\",\"width\":259,\"height\":259},\"medium_default\":{\"url\":\"https:\\\/\\\/bojungle.eu\\\/3353-medium_default\\\/b-drinking-cup-cpla-biodegradable-grey.jpg\",\"width\":452,\"height\":452},\"large_default\":{\"url\":\"https:\\\/\\\/bojungle.eu\\\/3353-large_default\\\/b-drinking-cup-cpla-biodegradable-grey.jpg\",\"width\":800,\"height\":800}},\"small\":{\"url\":\"https:\\\/\\\/bojungle.eu\\\/3353-small_default\\\/b-drinking-cup-cpla-biodegradable-grey.jpg\",\"width\":98,\"height\":98},\"medium\":{\"url\":\"https:\\\/\\\/bojungle.eu\\\/3353-home_default\\\/b-drinking-cup-cpla-biodegradable-grey.jpg\",\"width\":259,\"height\":259},\"large\":{\"url\":\"https:\\\/\\\/bojungle.eu\\\/3353-large_default\\\/b-drinking-cup-cpla-biodegradable-grey.jpg\",\"width\":800,\"height\":800},\"legend\":\"\",\"id_image\":\"3353\",\"cover\":\"1\",\"position\":\"5\",\"associatedVariants\":[]}],\"cover\":{\"bySize\":{\"small_default\":{\"url\":\"https:\\\/\\\/bojungle.eu\\\/3353-small_default\\\/b-drinking-cup-cpla-biodegradable-grey.jpg\",\"width\":98,\"height\":98},\"cart_default\":{\"url\":\"https:\\\/\\\/bojungle.eu\\\/3353-cart_default\\\/b-drinking-cup-cpla-biodegradable-grey.jpg\",\"width\":125,\"height\":125},\"home_default\":{\"url\":\"https:\\\/\\\/bojungle.eu\\\/3353-home_default\\\/b-drinking-cup-cpla-biodegradable-grey.jpg\",\"width\":259,\"height\":259},\"medium_default\":{\"url\":\"https:\\\/\\\/bojungle.eu\\\/3353-medium_default\\\/b-drinking-cup-cpla-biodegradable-grey.jpg\",\"width\":452,\"height\":452},\"large_default\":{\"url\":\"https:\\\/\\\/bojungle.eu\\\/3353-large_default\\\/b-drinking-cup-cpla-biodegradable-grey.jpg\",\"width\":800,\"height\":800}},\"small\":{\"url\":\"https:\\\/\\\/bojungle.eu\\\/3353-small_default\\\/b-drinking-cup-cpla-biodegradable-grey.jpg\",\"width\":98,\"height\":98},\"medium\":{\"url\":\"https:\\\/\\\/bojungle.eu\\\/3353-home_default\\\/b-drinking-cup-cpla-biodegradable-grey.jpg\",\"width\":259,\"height\":259},\"large\":{\"url\":\"https:\\\/\\\/bojungle.eu\\\/3353-large_default\\\/b-drinking-cup-cpla-biodegradable-grey.jpg\",\"width\":800,\"height\":800},\"legend\":\"\",\"id_image\":\"3353\",\"cover\":\"1\",\"position\":\"5\",\"associatedVariants\":[]},\"has_discount\":false,\"discount_type\":null,\"discount_percentage\":null,\"discount_percentage_absolute\":null,\"discount_amount\":null,\"discount_amount_to_display\":null,\"price_amount\":10.74,\"unit_price_full\":\"\",\"show_availability\":false,\"availability_message\":null,\"availability_date\":null,\"availability\":null}\"><\/div>\n","protected":false},"excerpt":{"rendered":"<div id=\"description\" class=\"tab-pane fade in active\" role=\"tabpanel\">\n<div class=\"product-description\">\n<p>CPLA jest wytwarzany z naturalnych ro\u015blin, a nie z ropy naftowej. Mo\u017ce to by\u0107 kukurydza, maniok, trzcina cukrowa, buraki cukrowe, pszenica, odpady rolnicze i ro\u015bliny nie\u017cywno\u015bciowe. Dlatego CPLA jest w 100% naturalny, co oznacza, \u017ce ma zero oleju, zero toksyczno\u015bci, zero metali ci\u0119\u017ckich. Co wi\u0119cej, mo\u017ce by\u0107 u\u017cywany w mikrofal\u00f3wce i zmywarce. Dlatego CPLA to najbezpieczniejszy wyb\u00f3r dla Twoich dzieci.<\/p>\n<p>&nbsp;<\/p>\n<\/div>\n<\/div>\n<div id=\"product-details\" class=\"tab-pane fade\" style=\"box-sizing: inherit; opacity: 1; transition: opacity 0.15s linear 0s; display: block; margin-bottom: 20px; color: #000000; font-family: Roboto, Arial, Helvetica, sans-serif; font-size: 13px; font-style: normal; font-variant-ligatures: normal; font-variant-caps: normal; font-weight: 400; letter-spacing: normal; orphans: 2; text-align: start; text-indent: 0px; text-transform: none; white-space: normal; widows: 2; word-spacing: 0px; -webkit-text-stroke-width: 0px; background-color: #ffffff; text-decoration-thickness: initial; text-decoration-style: initial; text-decoration-color: initial;\" role=\"tabpanel\" data-product=\"{\"id_shop_default\":\"1\",\"id_manufacturer\":\"1\",\"id_supplier\":\"2\",\"reference\":\"B552000\",\"is_virtual\":\"0\",\"delivery_in_stock\":\"\",\"delivery_out_stock\":\"\",\"id_category_default\":\"342\",\"on_sale\":\"0\",\"online_only\":\"1\",\"ecotax\":0,\"minimal_quantity\":\"1\",\"low_stock_threshold\":null,\"low_stock_alert\":\"0\",\"price\":\"\\u20ac10.74\",\"unity\":\"\",\"unit_price_ratio\":\"0.000000\",\"additional_shipping_cost\":\"0.000000\",\"customizable\":\"0\",\"text_fields\":\"0\",\"uploadable_files\":\"0\",\"redirect_type\":\"404\",\"id_type_redirected\":\"0\",\"available_for_order\":\"1\",\"available_date\":\"0000-00-00\",\"show_condition\":\"0\",\"condition\":\"new\",\"show_price\":\"1\",\"indexed\":\"1\",\"visibility\":\"both\",\"cache_default_attribute\":\"0\",\"advanced_stock_management\":\"0\",\"date_add\":\"2021-09-29 10:31:30\",\"date_upd\":\"2022-02-04 15:32:19\",\"pack_stock_type\":\"0\",\"meta_description\":\"Discover our B-Drinking Cup CPLA Biodegradable Grey from the product range: Feeding | Bo Jungle\",\"meta_keywords\":\"\",\"meta_title\":\"B-Drinking Cup CPLA Biodegradable Grey | Bo Jungle\",\"link_rewrite\":\"b-drinking-cup-cpla-biodegradable-grey\",\"name\":\"B-Drinking Cup CPLA Biodegradable Grey\",\"description\":\"&lt;encoded_tag_open \/&gt;p&lt;encoded_tag_closed \/&gt;CPLA is made from natural plants and not from oil. lt could include corn, cassava, sugar cane, sugar beets, wheat, agricultural wastes and non-food plants. Therefore, CPLA is 100% natural, which means it has zero oil, zero toxicity, zero heavy metal. Further-more, it can be used in microwave and dishwasher. Therefor CPLA is the safest choice for your kids.&lt;encoded_tag_open \/&gt;\\\/p&lt;encoded_tag_closed \/&gt;\\r\\n&lt;encoded_tag_open \/&gt;p&lt;encoded_tag_closed \/&gt;&lt;encoded_tag_open \/&gt;\\\/p&lt;encoded_tag_closed \/&gt;\",\"description_short\":\"&lt;encoded_tag_open \/&gt;p&lt;encoded_tag_closed \/&gt;B-Drinking Cup CPLA Biodegradable Grey&lt;encoded_tag_open \/&gt;\\\/p&lt;encoded_tag_closed \/&gt;\",\"available_now\":\"\",\"available_later\":\"\",\"id\":1045,\"id_product\":1045,\"out_of_stock\":0,\"new\":0,\"id_product_attribute\":\"0\",\"quantity_wanted\":1,\"extraContent\":[],\"allow_oosp\":true,\"category\":\"aan-tafel\",\"category_name\":\"At the table\",\"link\":\"https:\\\/\\\/bojungle.eu\\\/gb\\\/aan-tafel\\\/1045-b-drinking-cup-cpla-biodegradable-grey-1703735311005.html\",\"attribute_price\":0,\"price_tax_exc\":10.735537,\"price_without_reduction\":10.735537,\"reduction\":0,\"specific_prices\":[],\"quantity\":0,\"quantity_all_versions\":0,\"id_image\":\"gb-default\",\"features\":[],\"attachments\":[],\"virtual\":0,\"pack\":0,\"packItems\":[],\"nopackprice\":0,\"customization_required\":false,\"rate\":0,\"tax_name\":\"\",\"ecotax_rate\":0,\"unit_price\":\"\",\"customizations\":{\"fields\":[]},\"id_customization\":0,\"is_customizable\":false,\"show_quantities\":false,\"quantity_label\":\"Item\",\"quantity_discounts\":[],\"customer_group_discount\":0,\"images\":[{\"bySize\":{\"small_default\":{\"url\":\"https:\\\/\\\/bojungle.eu\\\/3119-small_default\\\/b-drinking-cup-cpla-biodegradable-grey.jpg\",\"width\":98,\"height\":98},\"cart_default\":{\"url\":\"https:\\\/\\\/bojungle.eu\\\/3119-cart_default\\\/b-drinking-cup-cpla-biodegradable-grey.jpg\",\"width\":125,\"height\":125},\"home_default\":{\"url\":\"https:\\\/\\\/bojungle.eu\\\/3119-home_default\\\/b-drinking-cup-cpla-biodegradable-grey.jpg\",\"width\":259,\"height\":259},\"medium_default\":{\"url\":\"https:\\\/\\\/bojungle.eu\\\/3119-medium_default\\\/b-drinking-cup-cpla-biodegradable-grey.jpg\",\"width\":452,\"height\":452},\"large_default\":{\"url\":\"https:\\\/\\\/bojungle.eu\\\/3119-large_default\\\/b-drinking-cup-cpla-biodegradable-grey.jpg\",\"width\":800,\"height\":800}},\"small\":{\"url\":\"https:\\\/\\\/bojungle.eu\\\/3119-small_default\\\/b-drinking-cup-cpla-biodegradable-grey.jpg\",\"width\":98,\"height\":98},\"medium\":{\"url\":\"https:\\\/\\\/bojungle.eu\\\/3119-home_default\\\/b-drinking-cup-cpla-biodegradable-grey.jpg\",\"width\":259,\"height\":259},\"large\":{\"url\":\"https:\\\/\\\/bojungle.eu\\\/3119-large_default\\\/b-drinking-cup-cpla-biodegradable-grey.jpg\",\"width\":800,\"height\":800},\"legend\":\"\",\"id_image\":\"3119\",\"cover\":null,\"position\":\"1\",\"associatedVariants\":[]},{\"bySize\":{\"small_default\":{\"url\":\"https:\\\/\\\/bojungle.eu\\\/3120-small_default\\\/b-drinking-cup-cpla-biodegradable-grey.jpg\",\"width\":98,\"height\":98},\"cart_default\":{\"url\":\"https:\\\/\\\/bojungle.eu\\\/3120-cart_default\\\/b-drinking-cup-cpla-biodegradable-grey.jpg\",\"width\":125,\"height\":125},\"home_default\":{\"url\":\"https:\\\/\\\/bojungle.eu\\\/3120-home_default\\\/b-drinking-cup-cpla-biodegradable-grey.jpg\",\"width\":259,\"height\":259},\"medium_default\":{\"url\":\"https:\\\/\\\/bojungle.eu\\\/3120-medium_default\\\/b-drinking-cup-cpla-biodegradable-grey.jpg\",\"width\":452,\"height\":452},\"large_default\":{\"url\":\"https:\\\/\\\/bojungle.eu\\\/3120-large_default\\\/b-drinking-cup-cpla-biodegradable-grey.jpg\",\"width\":800,\"height\":800}},\"small\":{\"url\":\"https:\\\/\\\/bojungle.eu\\\/3120-small_default\\\/b-drinking-cup-cpla-biodegradable-grey.jpg\",\"width\":98,\"height\":98},\"medium\":{\"url\":\"https:\\\/\\\/bojungle.eu\\\/3120-home_default\\\/b-drinking-cup-cpla-biodegradable-grey.jpg\",\"width\":259,\"height\":259},\"large\":{\"url\":\"https:\\\/\\\/bojungle.eu\\\/3120-large_default\\\/b-drinking-cup-cpla-biodegradable-grey.jpg\",\"width\":800,\"height\":800},\"legend\":\"\",\"id_image\":\"3120\",\"cover\":null,\"position\":\"2\",\"associatedVariants\":[]},{\"bySize\":{\"small_default\":{\"url\":\"https:\\\/\\\/bojungle.eu\\\/3121-small_default\\\/b-drinking-cup-cpla-biodegradable-grey.jpg\",\"width\":98,\"height\":98},\"cart_default\":{\"url\":\"https:\\\/\\\/bojungle.eu\\\/3121-cart_default\\\/b-drinking-cup-cpla-biodegradable-grey.jpg\",\"width\":125,\"height\":125},\"home_default\":{\"url\":\"https:\\\/\\\/bojungle.eu\\\/3121-home_default\\\/b-drinking-cup-cpla-biodegradable-grey.jpg\",\"width\":259,\"height\":259},\"medium_default\":{\"url\":\"https:\\\/\\\/bojungle.eu\\\/3121-medium_default\\\/b-drinking-cup-cpla-biodegradable-grey.jpg\",\"width\":452,\"height\":452},\"large_default\":{\"url\":\"https:\\\/\\\/bojungle.eu\\\/3121-large_default\\\/b-drinking-cup-cpla-biodegradable-grey.jpg\",\"width\":800,\"height\":800}},\"small\":{\"url\":\"https:\\\/\\\/bojungle.eu\\\/3121-small_default\\\/b-drinking-cup-cpla-biodegradable-grey.jpg\",\"width\":98,\"height\":98},\"medium\":{\"url\":\"https:\\\/\\\/bojungle.eu\\\/3121-home_default\\\/b-drinking-cup-cpla-biodegradable-grey.jpg\",\"width\":259,\"height\":259},\"large\":{\"url\":\"https:\\\/\\\/bojungle.eu\\\/3121-large_default\\\/b-drinking-cup-cpla-biodegradable-grey.jpg\",\"width\":800,\"height\":800},\"legend\":\"\",\"id_image\":\"3121\",\"cover\":null,\"position\":\"3\",\"associatedVariants\":[]},{\"bySize\":{\"small_default\":{\"url\":\"https:\\\/\\\/bojungle.eu\\\/3122-small_default\\\/b-drinking-cup-cpla-biodegradable-grey.jpg\",\"width\":98,\"height\":98},\"cart_default\":{\"url\":\"https:\\\/\\\/bojungle.eu\\\/3122-cart_default\\\/b-drinking-cup-cpla-biodegradable-grey.jpg\",\"width\":125,\"height\":125},\"home_default\":{\"url\":\"https:\\\/\\\/bojungle.eu\\\/3122-home_default\\\/b-drinking-cup-cpla-biodegradable-grey.jpg\",\"width\":259,\"height\":259},\"medium_default\":{\"url\":\"https:\\\/\\\/bojungle.eu\\\/3122-medium_default\\\/b-drinking-cup-cpla-biodegradable-grey.jpg\",\"width\":452,\"height\":452},\"large_default\":{\"url\":\"https:\\\/\\\/bojungle.eu\\\/3122-large_default\\\/b-drinking-cup-cpla-biodegradable-grey.jpg\",\"width\":800,\"height\":800}},\"small\":{\"url\":\"https:\\\/\\\/bojungle.eu\\\/3122-small_default\\\/b-drinking-cup-cpla-biodegradable-grey.jpg\",\"width\":98,\"height\":98},\"medium\":{\"url\":\"https:\\\/\\\/bojungle.eu\\\/3122-home_default\\\/b-drinking-cup-cpla-biodegradable-grey.jpg\",\"width\":259,\"height\":259},\"large\":{\"url\":\"https:\\\/\\\/bojungle.eu\\\/3122-large_default\\\/b-drinking-cup-cpla-biodegradable-grey.jpg\",\"width\":800,\"height\":800},\"legend\":\"\",\"id_image\":\"3122\",\"cover\":null,\"position\":\"4\",\"associatedVariants\":[]},{\"bySize\":{\"small_default\":{\"url\":\"https:\\\/\\\/bojungle.eu\\\/3353-small_default\\\/b-drinking-cup-cpla-biodegradable-grey.jpg\",\"width\":98,\"height\":98},\"cart_default\":{\"url\":\"https:\\\/\\\/bojungle.eu\\\/3353-cart_default\\\/b-drinking-cup-cpla-biodegradable-grey.jpg\",\"width\":125,\"height\":125},\"home_default\":{\"url\":\"https:\\\/\\\/bojungle.eu\\\/3353-home_default\\\/b-drinking-cup-cpla-biodegradable-grey.jpg\",\"width\":259,\"height\":259},\"medium_default\":{\"url\":\"https:\\\/\\\/bojungle.eu\\\/3353-medium_default\\\/b-drinking-cup-cpla-biodegradable-grey.jpg\",\"width\":452,\"height\":452},\"large_default\":{\"url\":\"https:\\\/\\\/bojungle.eu\\\/3353-large_default\\\/b-drinking-cup-cpla-biodegradable-grey.jpg\",\"width\":800,\"height\":800}},\"small\":{\"url\":\"https:\\\/\\\/bojungle.eu\\\/3353-small_default\\\/b-drinking-cup-cpla-biodegradable-grey.jpg\",\"width\":98,\"height\":98},\"medium\":{\"url\":\"https:\\\/\\\/bojungle.eu\\\/3353-home_default\\\/b-drinking-cup-cpla-biodegradable-grey.jpg\",\"width\":259,\"height\":259},\"large\":{\"url\":\"https:\\\/\\\/bojungle.eu\\\/3353-large_default\\\/b-drinking-cup-cpla-biodegradable-grey.jpg\",\"width\":800,\"height\":800},\"legend\":\"\",\"id_image\":\"3353\",\"cover\":\"1\",\"position\":\"5\",\"associatedVariants\":[]}],\"cover\":{\"bySize\":{\"small_default\":{\"url\":\"https:\\\/\\\/bojungle.eu\\\/3353-small_default\\\/b-drinking-cup-cpla-biodegradable-grey.jpg\",\"width\":98,\"height\":98},\"cart_default\":{\"url\":\"https:\\\/\\\/bojungle.eu\\\/3353-cart_default\\\/b-drinking-cup-cpla-biodegradable-grey.jpg\",\"width\":125,\"height\":125},\"home_default\":{\"url\":\"https:\\\/\\\/bojungle.eu\\\/3353-home_default\\\/b-drinking-cup-cpla-biodegradable-grey.jpg\",\"width\":259,\"height\":259},\"medium_default\":{\"url\":\"https:\\\/\\\/bojungle.eu\\\/3353-medium_default\\\/b-drinking-cup-cpla-biodegradable-grey.jpg\",\"width\":452,\"height\":452},\"large_default\":{\"url\":\"https:\\\/\\\/bojungle.eu\\\/3353-large_default\\\/b-drinking-cup-cpla-biodegradable-grey.jpg\",\"width\":800,\"height\":800}},\"small\":{\"url\":\"https:\\\/\\\/bojungle.eu\\\/3353-small_default\\\/b-drinking-cup-cpla-biodegradable-grey.jpg\",\"width\":98,\"height\":98},\"medium\":{\"url\":\"https:\\\/\\\/bojungle.eu\\\/3353-home_default\\\/b-drinking-cup-cpla-biodegradable-grey.jpg\",\"width\":259,\"height\":259},\"large\":{\"url\":\"https:\\\/\\\/bojungle.eu\\\/3353-large_default\\\/b-drinking-cup-cpla-biodegradable-grey.jpg\",\"width\":800,\"height\":800},\"legend\":\"\",\"id_image\":\"3353\",\"cover\":\"1\",\"position\":\"5\",\"associatedVariants\":[]},\"has_discount\":false,\"discount_type\":null,\"discount_percentage\":null,\"discount_percentage_absolute\":null,\"discount_amount\":null,\"discount_amount_to_display\":null,\"price_amount\":10.74,\"unit_price_full\":\"\",\"show_availability\":false,\"availability_message\":null,\"availability_date\":null,\"availability\":null}\"><\/div>\n","protected":false},"featured_media":70405,"comment_status":"closed","ping_status":"closed","template":"","meta":{"_lmt_disableupdate":"","_lmt_disable":""},"product_brand":[],"product_cat":[567,568,441],"product_tag":[],"woo-feed-brand":[],"class_list":{"0":"post-43023","1":"product","2":"type-product","3":"status-publish","4":"has-post-thumbnail","6":"product_cat-czas-na-kolacje","7":"product_cat-zakres-cpla","8":"product_cat-zywnosc-i-napoje","10":"first","11":"outofstock","12":"taxable","13":"shipping-taxable","14":"purchasable","15":"product-type-simple"},"_links":{"self":[{"href":"https:\/\/www.bojungle.eu\/pl\/wp-json\/wp\/v2\/product\/43023","targetHints":{"allow":["GET"]}}],"collection":[{"href":"https:\/\/www.bojungle.eu\/pl\/wp-json\/wp\/v2\/product"}],"about":[{"href":"https:\/\/www.bojungle.eu\/pl\/wp-json\/wp\/v2\/types\/product"}],"replies":[{"embeddable":true,"href":"https:\/\/www.bojungle.eu\/pl\/wp-json\/wp\/v2\/comments?post=43023"}],"version-history":[{"count":0,"href":"https:\/\/www.bojungle.eu\/pl\/wp-json\/wp\/v2\/product\/43023\/revisions"}],"wp:featuredmedia":[{"embeddable":true,"href":"https:\/\/www.bojungle.eu\/pl\/wp-json\/wp\/v2\/media\/70405"}],"wp:attachment":[{"href":"https:\/\/www.bojungle.eu\/pl\/wp-json\/wp\/v2\/media?parent=43023"}],"wp:term":[{"taxonomy":"product_brand","embeddable":true,"href":"https:\/\/www.bojungle.eu\/pl\/wp-json\/wp\/v2\/product_brand?post=43023"},{"taxonomy":"product_cat","embeddable":true,"href":"https:\/\/www.bojungle.eu\/pl\/wp-json\/wp\/v2\/product_cat?post=43023"},{"taxonomy":"product_tag","embeddable":true,"href":"https:\/\/www.bojungle.eu\/pl\/wp-json\/wp\/v2\/product_tag?post=43023"},{"taxonomy":"woo-feed-brand","embeddable":true,"href":"https:\/\/www.bojungle.eu\/pl\/wp-json\/wp\/v2\/woo-feed-brand?post=43023"}],"curies":[{"name":"wp","href":"https:\/\/api.w.org\/{rel}","templated":true}]}}