{"id":43077,"date":"2022-05-29T11:19:06","date_gmt":"2022-05-29T09:19:06","guid":{"rendered":"https:\/\/bojungle.eu\/shop\/product\/b-portable-swing-dolphy-wood-pure-white\/"},"modified":"2025-06-17T15:37:54","modified_gmt":"2025-06-17T13:37:54","slug":"b-portmonetka-swing-dolphy-drewno-biale","status":"publish","type":"product","link":"https:\/\/www.bojungle.eu\/pl\/produkt\/b-portmonetka-swing-dolphy-drewno-biale\/","title":{"rendered":"Przeno\u015bna hu\u015btawka Dolphy Wood Pure White"},"content":{"rendered":"<p>Odkryj przeno\u015bn\u0105 hu\u015btawk\u0119 Dolphy Wood Pure White, najlepsze po\u0142\u0105czenie komfortu, wygody i rozrywki dla Twojego malucha. Zaprojektowana z my\u015bl\u0105 o potrzebach rodzic\u00f3w i komforcie dzieci od noworodka do 9 kg, ta przeno\u015bna hu\u015btawka oferuje unikalne po\u0142\u0105czenie funkcji, kt\u00f3re sprawiaj\u0105, \u017ce jest to pozycja obowi\u0105zkowa w Twojej kolekcji akcesori\u00f3w dla dzieci.<\/p>\n<p><strong>Wszechstronne opcje zasilania<\/strong><br \/>\nNigdy nie b\u0105d\u017a przywi\u0105zany tylko do jednego miejsca! Przeno\u015bna hu\u015btawka Dolphy Wood Pure White dzia\u0142a p\u0142ynnie dzi\u0119ki dostarczonemu kablowi zasilaj\u0105cemu lub 4 bateriom C\/LR14 (brak w zestawie), dzi\u0119ki czemu Twoje dziecko mo\u017ce cieszy\u0107 si\u0119 koj\u0105c\u0105 hu\u015btawk\u0105 zar\u00f3wno w domu, jak i w podr\u00f3\u017cy.<\/p>\n<p><strong>Konfigurowalny komfort<\/strong><br \/>\nDzi\u0119ki oparciu regulowanemu w 2 pozycjach, hu\u015btawka z \u0142atwo\u015bci\u0105 dostosowuje si\u0119 do potrzeb dziecka, zapewniaj\u0105c mu idealne miejsce do relaksu lub obserwacji.<\/p>\n<p><strong>Intuicyjna funkcja timera<\/strong><br \/>\nWyposa\u017cona w funkcj\u0119 timera z ustawieniami na 15, 30, 45 lub 60 minut, przeno\u015bna hu\u015btawka Dolphy Wood Pure White pozwala dostosowa\u0107 czas hu\u015btania do nastroju i potrzeb dziecka, zapewniaj\u0105c mu ukojenie i rozrywk\u0119 w odpowiedniej ilo\u015bci.<\/p>\n<p><strong>R\u00f3\u017cne pr\u0119dko\u015bci hu\u015btania i melodie<\/strong><br \/>\nWybierz spo\u015br\u00f3d 5 r\u00f3\u017cnych pr\u0119dko\u015bci hu\u015btania, aby znale\u017a\u0107 idealny rytm dla swojego dziecka, i zwi\u0119ksz jego relaks i rozrywk\u0119 dzi\u0119ki 8 r\u00f3\u017cnym melodiom. To idealny spos\u00f3b na uspokojenie lub zaanga\u017cowanie malucha na wczesnych etapach jego rozwoju.<\/p>\n<p><strong>Najwy\u017cszy komfort i bezpiecze\u0144stwo<\/strong><br \/>\nWykonana z mi\u0119kkich, wysokiej jako\u015bci tkanin, kt\u00f3re mo\u017cna pra\u0107 w pralce dla \u0142atwej piel\u0119gnacji, a tak\u017ce z pluszowym zag\u0142\u00f3wkiem dla dodatkowego wsparcia, ta hu\u015btawka zapewnia dziecku komfort przez ca\u0142y czas. 5-punktowe pasy bezpiecze\u0144stwa zapewniaj\u0105 bezpiecze\u0144stwo maluchowi, zapewniaj\u0105c spok\u00f3j ducha. <\/p>\n<p><strong>Wci\u0105gaj\u0105ca i zabawna<\/strong><br \/>\n\u0141atwo od\u0142\u0105czany \u0142uk z dwiema zabawkami przyci\u0105ga uwag\u0119 dziecka i stymuluje jego rozwijaj\u0105ce si\u0119 zmys\u0142y, sprawiaj\u0105c, \u017ce czas sp\u0119dzony na hu\u015btawce jest zabawnym i edukacyjnym do\u015bwiadczeniem.<\/p>\n<p><strong>Wygodne przenoszenie<\/strong><br \/>\nZaprojektowany z my\u015bl\u0105 o zapracowanych rodzinach, Dolphy Wood Pure White ma \u0142atwo sk\u0142adan\u0105 konstrukcj\u0119, kt\u00f3ra u\u0142atwia przechowywanie i transport, zapewniaj\u0105c komfort domu, gdziekolwiek jeste\u015b.<\/p>\n<p>Przeno\u015bna hu\u015btawka Dolphy Wood Pure White to nie tylko hu\u015btawka; to przytulna, zabawna i bezpieczna przysta\u0144 dla Twojego dziecka. Stanowi idealne po\u0142\u0105czenie funkcjonalno\u015bci i zabawy, co czyni go niezb\u0119dnym dodatkiem do niezb\u0119dnych akcesori\u00f3w do piel\u0119gnacji dziecka.<\/p>\n<table border=\"1\">\n<tbody>\n<tr>\n<td>Podr\u0119cznik<\/td>\n<td><a href=\"https:\/\/www.bojungle.eu\/wp-content\/uploads\/2025\/06\/Handleiding-B-Dolphy-Portable-Swing.pdf\" target=\"_blank\" rel=\"noopener\">Kliknij tutaj<\/a><\/td>\n<\/tr>\n<\/tbody>\n<\/table>\n<p>&nbsp;<\/p>\n","protected":false},"excerpt":{"rendered":"<div class=\"elementor-element elementor-element-80cf67d elementor-widget elementor-widget-jet-single-excerpt\" data-id=\"80cf67d\" data-element_type=\"widget\" data-widget_type=\"jet-single-excerpt.default\">\n<div class=\"elementor-widget-container\">\n<div class=\"elementor-jet-single-excerpt jet-woo-builder\">\n<div class=\"woocommerce-product-details__short-description\">\n<div class=\"flex-1 overflow-hidden\">\n<div class=\"react-scroll-to-bottom--css-fpkau-79elbk h-full\">\n<div class=\"react-scroll-to-bottom--css-fpkau-1n7m0yu\">\n<div class=\"flex flex-col text-sm pb-9\">\n<div class=\"w-full text-token-text-primary\" data-testid=\"conversation-turn-8\">\n<div class=\"px-4 py-2 justify-center text-base md:gap-6 m-auto\">\n<div class=\"flex flex-1 text-base mx-auto gap-3 md:px-5 lg:px-1 xl:px-5 md:max-w-3xl lg:max-w-[40rem] xl:max-w-[48rem] group final-completion\">\n<div class=\"relative flex w-full flex-col agent-turn\">\n<div class=\"flex-col gap-1 md:gap-3\">\n<div class=\"flex flex-grow flex-col max-w-full\">\n<div class=\"min-h-[20px] text-message flex flex-col items-start gap-3 whitespace-pre-wrap break-words [.text-message+&amp;]:mt-5 overflow-x-auto\" data-message-author-role=\"assistant\" data-message-id=\"fbd77af2-e82b-4b38-a269-e92651bbb0c3\">\n<div class=\"markdown prose w-full break-words dark:prose-invert light\">\n<p>Przywitaj si\u0119 z przeno\u015bn\u0105 hu\u015btawk\u0105 Dolphy Wood Pure White: wygodny spos\u00f3b, aby zapewni\u0107 dziecku przytulno\u015b\u0107 i rado\u015b\u0107, gdziekolwiek si\u0119 udasz. Ma regulowane ustawienia, aby zapewni\u0107 dziecku wygod\u0119, r\u00f3\u017cne pr\u0119dko\u015bci ko\u0142ysania i odtwarza przyjemne melodie. Ponadto zapewnia maluchowi bezpiecze\u0144stwo dzi\u0119ki uprz\u0119\u017cy i zabawkom. A kiedy sko\u0144czysz, po prostu z\u0142\u00f3\u017c go, aby u\u0142atwi\u0107 przechowywanie lub podr\u00f3\u017cowanie. Doskona\u0142y dla dzieci o wadze do 9 kg i idealny dla zapracowanych rodzin!  <\/p>\n<\/div>\n<\/div>\n<\/div>\n<\/div>\n<\/div>\n<\/div>\n<\/div>\n<\/div>\n<\/div>\n<\/div>\n<\/div>\n<\/div>\n<\/div>\n<\/div>\n<\/div>\n<\/div>\n","protected":false},"featured_media":72187,"comment_status":"closed","ping_status":"closed","template":"","meta":{"_lmt_disableupdate":"","_lmt_disable":""},"product_brand":[],"product_cat":[539],"product_tag":[1302,1126,1300,1170,1128,1301],"woo-feed-brand":[],"class_list":{"0":"post-43077","1":"product","2":"type-product","3":"status-publish","4":"has-post-thumbnail","6":"product_cat-hustawki-i-bujaki","7":"product_tag-babyswing-pl","8":"product_tag-czysta-biel","9":"product_tag-dolphy-pl","10":"product_tag-dziecko","11":"product_tag-hustawka","12":"product_tag-portable-pl","14":"first","15":"instock","16":"featured","17":"taxable","18":"shipping-taxable","19":"purchasable","20":"product-type-simple"},"_links":{"self":[{"href":"https:\/\/www.bojungle.eu\/pl\/wp-json\/wp\/v2\/product\/43077","targetHints":{"allow":["GET"]}}],"collection":[{"href":"https:\/\/www.bojungle.eu\/pl\/wp-json\/wp\/v2\/product"}],"about":[{"href":"https:\/\/www.bojungle.eu\/pl\/wp-json\/wp\/v2\/types\/product"}],"replies":[{"embeddable":true,"href":"https:\/\/www.bojungle.eu\/pl\/wp-json\/wp\/v2\/comments?post=43077"}],"version-history":[{"count":2,"href":"https:\/\/www.bojungle.eu\/pl\/wp-json\/wp\/v2\/product\/43077\/revisions"}],"predecessor-version":[{"id":80308,"href":"https:\/\/www.bojungle.eu\/pl\/wp-json\/wp\/v2\/product\/43077\/revisions\/80308"}],"wp:featuredmedia":[{"embeddable":true,"href":"https:\/\/www.bojungle.eu\/pl\/wp-json\/wp\/v2\/media\/72187"}],"wp:attachment":[{"href":"https:\/\/www.bojungle.eu\/pl\/wp-json\/wp\/v2\/media?parent=43077"}],"wp:term":[{"taxonomy":"product_brand","embeddable":true,"href":"https:\/\/www.bojungle.eu\/pl\/wp-json\/wp\/v2\/product_brand?post=43077"},{"taxonomy":"product_cat","embeddable":true,"href":"https:\/\/www.bojungle.eu\/pl\/wp-json\/wp\/v2\/product_cat?post=43077"},{"taxonomy":"product_tag","embeddable":true,"href":"https:\/\/www.bojungle.eu\/pl\/wp-json\/wp\/v2\/product_tag?post=43077"},{"taxonomy":"woo-feed-brand","embeddable":true,"href":"https:\/\/www.bojungle.eu\/pl\/wp-json\/wp\/v2\/woo-feed-brand?post=43077"}],"curies":[{"name":"wp","href":"https:\/\/api.w.org\/{rel}","templated":true}]}}