{"id":43178,"date":"2022-05-29T11:14:26","date_gmt":"2022-05-29T09:14:26","guid":{"rendered":"https:\/\/bojungle.eu\/shop\/product\/b-cosy-pink-jersey\/"},"modified":"2024-08-21T16:20:58","modified_gmt":"2024-08-21T14:20:58","slug":"b-cosy-pink-jersey","status":"publish","type":"product","link":"https:\/\/www.bojungle.eu\/pl\/produkt\/b-cosy-pink-jersey\/","title":{"rendered":"B-Cosy Jersey Pink"},"content":{"rendered":"<p>Przedstawiamy ergonomiczn\u0105 poduszk\u0119 B-Cosy Jersey Pink, najlepsze rozwi\u0105zanie zapewniaj\u0105ce, \u017ce g\u0142\u00f3wka dziecka pozostaje dobrze zaokr\u0105glona i dobrze podparta od pierwszego dnia \u017cycia. Zaprojektowana z my\u015bl\u0105 o wygodzie i zdrowiu dziecka, ta wszechstronna poduszka jest idealna do u\u017cytku w w\u00f3zkach, fotelikach samochodowych, hu\u015btawkach, bujaczkach, \u0142\u00f3\u017ceczkach dzieci\u0119cych i \u0142\u00f3\u017ceczkach. <strong>Kluczowe cechy:<\/strong><\/p>\n<ul>\n<li><strong>Ergonomiczna konstrukcja:<\/strong> Specjalnie wyprofilowany, aby u\u0142o\u017cy\u0107 g\u0142\u00f3wk\u0119 dziecka i r\u00f3wnomiernie roz\u0142o\u017cy\u0107 nacisk, zapobiegaj\u0105c syndromowi p\u0142askiej g\u0142\u00f3wki.<\/li>\n<li><strong>U\u017cywany od urodzenia:<\/strong> Odpowiedni dla noworodk\u00f3w, zapewniaj\u0105c niezb\u0119dne wsparcie w tych kluczowych pierwszych miesi\u0105cach \u017cycia.<\/li>\n<li><strong>Mi\u0119kkie i oddychaj\u0105ce materia\u0142y:<\/strong> Wykonane z wysokiej jako\u015bci oddychaj\u0105cych materia\u0142\u00f3w, kt\u00f3re zapewniaj\u0105 dziecku ch\u0142\u00f3d i wygod\u0119 niezale\u017cnie od pory roku.<\/li>\n<li><strong>Wszechstronne zastosowanie: <\/strong> pasuje do w\u00f3zk\u00f3w dzieci\u0119cych, fotelik\u00f3w samochodowych, hu\u015btawek, le\u017caczk\u00f3w, \u0142\u00f3\u017ceczek dzieci\u0119cych i \u0142\u00f3\u017ceczek, dzi\u0119ki czemu jest wygodnym wyborem dla zapracowanych rodzic\u00f3w w podr\u00f3\u017cy.<\/li>\n<li><strong>\u0141atwo\u015b\u0107 czyszczenia: <\/strong> Materia\u0142y, z kt\u00f3rych wykonana jest poduszka, s\u0105 nie tylko delikatne dla sk\u00f3ry dziecka, ale tak\u017ce \u0142atwe do prania, dzi\u0119ki czemu pozostaj\u0105 \u015bwie\u017ce i higieniczne.<\/li>\n<\/ul>\n<p> Zapewnij swojemu dziecku najlepszy start dzi\u0119ki ergonomicznej poduszce B-Cosy Jersey Pink, w kt\u00f3rej wygoda \u0142\u0105czy si\u0119 z praktyczno\u015bci\u0105. Niezb\u0119dny dla ka\u017cdego rodzica dbaj\u0105cego o dobre samopoczucie i szcz\u0119\u015bcie swojego dziecka.<\/p>\n","protected":false},"excerpt":{"rendered":"<p>Ergonomiczna poduszka B-Cosy Jersey Pink sprawia, \u017ce g\u0142\u00f3wka dziecka pozostaje pi\u0119knie okr\u0105g\u0142a. Odpowiednia od urodzenia poduszka zapewnia niezb\u0119dne wsparcie dzi\u0119ki ergonomicznej konstrukcji. Wykonany z mi\u0119kkich, oddychaj\u0105cych materia\u0142\u00f3w, zapewnia dziecku wygod\u0119 w w\u00f3zkach, fotelikach samochodowych, hu\u015btawkach, le\u017caczkach i \u0142\u00f3\u017ceczkach. \u0141atwy w czyszczeniu i idealny dla rodzic\u00f3w w podr\u00f3\u017cy, jest niezb\u0119dny dla dobrego samopoczucia dziecka. &nbsp;<\/p>\n","protected":false},"featured_media":76055,"comment_status":"closed","ping_status":"closed","template":"","meta":{"_lmt_disableupdate":"","_lmt_disable":""},"product_brand":[],"product_cat":[629,804,524],"product_tag":[],"woo-feed-brand":[],"class_list":{"0":"post-43178","1":"product","2":"type-product","3":"status-publish","4":"has-post-thumbnail","6":"product_cat-na-zewnatrz","7":"product_cat-poduszki","8":"product_cat-sen","10":"first","11":"instock","12":"taxable","13":"shipping-taxable","14":"purchasable","15":"product-type-simple"},"_links":{"self":[{"href":"https:\/\/www.bojungle.eu\/pl\/wp-json\/wp\/v2\/product\/43178","targetHints":{"allow":["GET"]}}],"collection":[{"href":"https:\/\/www.bojungle.eu\/pl\/wp-json\/wp\/v2\/product"}],"about":[{"href":"https:\/\/www.bojungle.eu\/pl\/wp-json\/wp\/v2\/types\/product"}],"replies":[{"embeddable":true,"href":"https:\/\/www.bojungle.eu\/pl\/wp-json\/wp\/v2\/comments?post=43178"}],"version-history":[{"count":1,"href":"https:\/\/www.bojungle.eu\/pl\/wp-json\/wp\/v2\/product\/43178\/revisions"}],"predecessor-version":[{"id":76095,"href":"https:\/\/www.bojungle.eu\/pl\/wp-json\/wp\/v2\/product\/43178\/revisions\/76095"}],"wp:featuredmedia":[{"embeddable":true,"href":"https:\/\/www.bojungle.eu\/pl\/wp-json\/wp\/v2\/media\/76055"}],"wp:attachment":[{"href":"https:\/\/www.bojungle.eu\/pl\/wp-json\/wp\/v2\/media?parent=43178"}],"wp:term":[{"taxonomy":"product_brand","embeddable":true,"href":"https:\/\/www.bojungle.eu\/pl\/wp-json\/wp\/v2\/product_brand?post=43178"},{"taxonomy":"product_cat","embeddable":true,"href":"https:\/\/www.bojungle.eu\/pl\/wp-json\/wp\/v2\/product_cat?post=43178"},{"taxonomy":"product_tag","embeddable":true,"href":"https:\/\/www.bojungle.eu\/pl\/wp-json\/wp\/v2\/product_tag?post=43178"},{"taxonomy":"woo-feed-brand","embeddable":true,"href":"https:\/\/www.bojungle.eu\/pl\/wp-json\/wp\/v2\/woo-feed-brand?post=43178"}],"curies":[{"name":"wp","href":"https:\/\/api.w.org\/{rel}","templated":true}]}}