{"id":43209,"date":"2022-05-29T11:14:16","date_gmt":"2022-05-29T09:14:16","guid":{"rendered":"https:\/\/bojungle.eu\/shop\/product\/b-cosy-grey\/"},"modified":"2024-07-05T09:10:44","modified_gmt":"2024-07-05T07:10:44","slug":"b-cosy-grey","status":"publish","type":"product","link":"https:\/\/www.bojungle.eu\/pl\/produkt\/b-cosy-grey\/","title":{"rendered":"B-Cosy Grey"},"content":{"rendered":"<p>Przedstawiamy ergonomiczn\u0105 poduszk\u0119 B-Cosy Grey, najlepsze rozwi\u0105zanie zapewniaj\u0105ce, \u017ce g\u0142\u00f3wka dziecka pozostaje pi\u0119knie okr\u0105g\u0142a i dobrze podparta od pierwszego dnia \u017cycia. Zaprojektowana z my\u015bl\u0105 o wygodzie i zdrowiu dziecka, ta wszechstronna poduszka jest idealna do u\u017cytku w w\u00f3zkach, fotelikach samochodowych, hu\u015btawkach, bujaczkach, \u0142\u00f3\u017ceczkach dzieci\u0119cych i \u0142\u00f3\u017ceczkach.<\/p>\n<p><strong>Kluczowe cechy:<\/strong><\/p>\n<ul>\n<li><strong>Ergonomiczna konstrukcja:<\/strong> Specjalnie wyprofilowany, aby u\u0142o\u017cy\u0107 g\u0142\u00f3wk\u0119 dziecka i r\u00f3wnomiernie roz\u0142o\u017cy\u0107 nacisk, zapobiegaj\u0105c syndromowi p\u0142askiej g\u0142\u00f3wki.<\/li>\n<li><strong>U\u017cywany od urodzenia:<\/strong> Odpowiedni dla noworodk\u00f3w, zapewniaj\u0105c niezb\u0119dne wsparcie w tych kluczowych pierwszych miesi\u0105cach \u017cycia.<\/li>\n<li><strong>Mi\u0119kkie i oddychaj\u0105ce materia\u0142y:<\/strong> Wykonane z wysokiej jako\u015bci oddychaj\u0105cych materia\u0142\u00f3w, kt\u00f3re zapewniaj\u0105 dziecku ch\u0142\u00f3d i wygod\u0119 niezale\u017cnie od pory roku.<\/li>\n<li><strong>Wszechstronne zastosowanie: <\/strong> pasuje do w\u00f3zk\u00f3w dzieci\u0119cych, fotelik\u00f3w samochodowych, hu\u015btawek, le\u017caczk\u00f3w, \u0142\u00f3\u017ceczek dzieci\u0119cych i \u0142\u00f3\u017ceczek, dzi\u0119ki czemu jest wygodnym wyborem dla zapracowanych rodzic\u00f3w w podr\u00f3\u017cy.<\/li>\n<li><strong>\u0141atwo\u015b\u0107 czyszczenia: <\/strong> Materia\u0142y, z kt\u00f3rych wykonana jest poduszka, s\u0105 nie tylko delikatne dla sk\u00f3ry dziecka, ale tak\u017ce \u0142atwe do prania, dzi\u0119ki czemu pozostaj\u0105 \u015bwie\u017ce i higieniczne.<\/li>\n<\/ul>\n<p>Zapewnij swojemu dziecku najlepszy start dzi\u0119ki ergonomicznej poduszce B-Cosy Grey, w kt\u00f3rej wygoda \u0142\u0105czy si\u0119 z praktyczno\u015bci\u0105. Niezb\u0119dny dla ka\u017cdego rodzica dbaj\u0105cego o dobre samopoczucie i szcz\u0119\u015bcie swojego dziecka.<\/p>\n","protected":false},"excerpt":{"rendered":"<div class=\"elementor-element elementor-element-80cf67d elementor-widget elementor-widget-jet-single-excerpt\" data-id=\"80cf67d\" data-element_type=\"widget\" data-widget_type=\"jet-single-excerpt.default\">\n<div class=\"elementor-widget-container\">\n<div class=\"elementor-jet-single-excerpt jet-woo-builder\">\n<div class=\"woocommerce-product-details__short-description\">\n<div class=\"flex flex-grow flex-col max-w-full\">\n<div class=\"min-h-[20px] text-message flex flex-col items-start whitespace-pre-wrap break-words [.text-message+&amp;]:mt-5 juice:w-full juice:items-end overflow-x-auto gap-2\" dir=\"auto\" data-message-author-role=\"assistant\" data-message-id=\"cf4d27f0-e94a-46af-ad1f-544928a89c38\">\n<div class=\"flex w-full flex-col gap-1 juice:empty:hidden juice:first:pt-[3px]\">\n<div class=\"markdown prose w-full break-words dark:prose-invert light\">\n<p>Ergonomiczna poduszka B-Cosy Grey sprawi, \u017ce g\u0142\u00f3wka dziecka pozostanie idealnie okr\u0105g\u0142a. Odpowiednia od urodzenia poduszka zapewnia niezb\u0119dne wsparcie dzi\u0119ki ergonomicznej konstrukcji. Wykonany z mi\u0119kkich, oddychaj\u0105cych materia\u0142\u00f3w, zapewnia dziecku wygod\u0119 w w\u00f3zkach, fotelikach samochodowych, hu\u015btawkach, le\u017caczkach i \u0142\u00f3\u017ceczkach. \u0141atwy w czyszczeniu i idealny dla rodzic\u00f3w w podr\u00f3\u017cy, jest niezb\u0119dny dla dobrego samopoczucia dziecka.<\/p>\n<\/div>\n<\/div>\n<\/div>\n<\/div>\n<\/div>\n<\/div>\n<\/div>\n<\/div>\n","protected":false},"featured_media":75888,"comment_status":"closed","ping_status":"closed","template":"","meta":{"_lmt_disableupdate":"","_lmt_disable":""},"product_brand":[],"product_cat":[629,804,524],"product_tag":[],"woo-feed-brand":[],"class_list":{"0":"post-43209","1":"product","2":"type-product","3":"status-publish","4":"has-post-thumbnail","6":"product_cat-na-zewnatrz","7":"product_cat-poduszki","8":"product_cat-sen","10":"first","11":"instock","12":"taxable","13":"shipping-taxable","14":"purchasable","15":"product-type-simple"},"_links":{"self":[{"href":"https:\/\/www.bojungle.eu\/pl\/wp-json\/wp\/v2\/product\/43209","targetHints":{"allow":["GET"]}}],"collection":[{"href":"https:\/\/www.bojungle.eu\/pl\/wp-json\/wp\/v2\/product"}],"about":[{"href":"https:\/\/www.bojungle.eu\/pl\/wp-json\/wp\/v2\/types\/product"}],"replies":[{"embeddable":true,"href":"https:\/\/www.bojungle.eu\/pl\/wp-json\/wp\/v2\/comments?post=43209"}],"version-history":[{"count":1,"href":"https:\/\/www.bojungle.eu\/pl\/wp-json\/wp\/v2\/product\/43209\/revisions"}],"predecessor-version":[{"id":75914,"href":"https:\/\/www.bojungle.eu\/pl\/wp-json\/wp\/v2\/product\/43209\/revisions\/75914"}],"wp:featuredmedia":[{"embeddable":true,"href":"https:\/\/www.bojungle.eu\/pl\/wp-json\/wp\/v2\/media\/75888"}],"wp:attachment":[{"href":"https:\/\/www.bojungle.eu\/pl\/wp-json\/wp\/v2\/media?parent=43209"}],"wp:term":[{"taxonomy":"product_brand","embeddable":true,"href":"https:\/\/www.bojungle.eu\/pl\/wp-json\/wp\/v2\/product_brand?post=43209"},{"taxonomy":"product_cat","embeddable":true,"href":"https:\/\/www.bojungle.eu\/pl\/wp-json\/wp\/v2\/product_cat?post=43209"},{"taxonomy":"product_tag","embeddable":true,"href":"https:\/\/www.bojungle.eu\/pl\/wp-json\/wp\/v2\/product_tag?post=43209"},{"taxonomy":"woo-feed-brand","embeddable":true,"href":"https:\/\/www.bojungle.eu\/pl\/wp-json\/wp\/v2\/woo-feed-brand?post=43209"}],"curies":[{"name":"wp","href":"https:\/\/api.w.org\/{rel}","templated":true}]}}