{"id":43246,"date":"2022-05-29T11:13:27","date_gmt":"2022-05-29T09:13:27","guid":{"rendered":"https:\/\/bojungle.eu\/shop\/product\/kierownica-samochodu-b\/"},"modified":"2025-02-12T16:22:57","modified_gmt":"2025-02-12T15:22:57","slug":"b-samochod-kolo-sterujace","status":"publish","type":"product","link":"https:\/\/www.bojungle.eu\/pl\/produkt\/b-samochod-kolo-sterujace\/","title":{"rendered":"Car Steering Wheel"},"content":{"rendered":"<p data-start=\"0\" data-end=\"201\">Przedstawiamy kierownic\u0119 samochodow\u0105 &#8211; najlepsze interaktywne do\u015bwiadczenie jazdy dla dzieci! Ta zabawna i wci\u0105gaj\u0105ca kierownica jest pe\u0142na funkcji, kt\u00f3re zapewni\u0105 maluchom rozrywk\u0119 w podr\u00f3\u017cy. <\/p>\n<p data-start=\"203\" data-end=\"220\"><strong data-start=\"203\" data-end=\"220\">Kluczowe cechy:<\/strong><\/p>\n<ul data-start=\"222\" data-end=\"909\">\n<li data-start=\"222\" data-end=\"391\">\n<p data-start=\"224\" data-end=\"391\"><strong data-start=\"224\" data-end=\"273\">Kierownica z wbudowanymi efektami d\u017awi\u0119kowymi:<\/strong> Obracaj kierownic\u0105 i ciesz si\u0119 realistycznymi d\u017awi\u0119kami silnika, klakson\u00f3w samochodowych i zabawnymi odg\u0142osami jazdy, kt\u00f3re o\u017cywi\u0105 przygod\u0119.<\/p>\n<\/li>\n<li data-start=\"395\" data-end=\"543\">\n<p data-start=\"397\" data-end=\"543\"><strong data-start=\"397\" data-end=\"437\">Klakson z muzyk\u0105 i efektami \u015bwietlnymi: <\/strong>Naci\u015bnij klakson i zobacz, jak \u015bwieci si\u0119 w \u017cywych kolorach, odtwarzaj\u0105c chwytliw\u0105 melodi\u0119 dla dodatkowej ekscytacji.<\/p>\n<\/li>\n<li data-start=\"547\" data-end=\"728\">\n<p data-start=\"549\" data-end=\"728\"><strong data-start=\"549\" data-end=\"595\">Obracaj\u0105ce si\u0119 o 360\u00b0 ko\u0142o z\u0119bate z efektami d\u017awi\u0119kowymi: <\/strong>W pe\u0142ni obracaj\u0105ce si\u0119 ko\u0142o z\u0119bate pozwala dzieciom poczu\u0107 si\u0119, jakby naprawd\u0119 siedzia\u0142y za kierownic\u0105, wraz z ekscytuj\u0105cymi efektami d\u017awi\u0119kowymi podczas obracania.<\/p>\n<\/li>\n<li data-start=\"730\" data-end=\"909\">\n<p data-start=\"732\" data-end=\"909\"><strong data-start=\"732\" data-end=\"751\">Wisz\u0105ce zaciski: <\/strong>\u0141atwo mocuje si\u0119 do zag\u0142\u00f3wka samochodu lub kojca, zapewniaj\u0105c bezpieczne dopasowanie, podczas gdy dziecko cieszy si\u0119 nieko\u0144cz\u0105c\u0105 si\u0119 zabaw\u0105, czy to podczas jazdy samochodem, czy podczas zabawy.<\/p>\n<\/li>\n<\/ul>\n<p data-start=\"911\" data-end=\"1113\" data-is-last-node=\"\">Idealna dla ma\u0142ych kierowc\u00f3w, kt\u00f3rzy uwielbiaj\u0105 na\u015bladowa\u0107 doros\u0142ych, kierownica B-Car jest niezb\u0119dnym elementem fotelika samochodowego lub kojca dla dziecka. Zmie\u0144 ka\u017cd\u0105 podr\u00f3\u017c w przygod\u0119 z d\u017awi\u0119kiem, muzyk\u0105 i \u015bwiat\u0142ami! <\/p>\n","protected":false},"excerpt":{"rendered":"<p>Kierownica samochodowa to interaktywna zabawka zaprojektowana z my\u015bl\u0105 o zabawie i rozrywce! Dzi\u0119ki zintegrowanym efektom d\u017awi\u0119kowym, klaksonowi samochodowemu z muzyk\u0105 i \u015bwiat\u0142ami, obracaj\u0105cemu si\u0119 o 360 \u00b0 ko\u0142u z\u0119batemu i wisz\u0105cym zaciskom do \u0142atwego przymocowania do zag\u0142\u00f3wk\u00f3w samochodowych lub kojc\u00f3w, zapewnia emocje zwi\u0105zane z prowadzeniem samochodu w foteliku samochodowym.  <\/p>\n<p>&nbsp;<\/p>\n","protected":false},"featured_media":71447,"comment_status":"closed","ping_status":"closed","template":"","meta":{"_lmt_disableupdate":"","_lmt_disable":""},"product_brand":[],"product_cat":[491,474,614,613],"product_tag":[],"woo-feed-brand":[],"class_list":{"0":"post-43246","1":"product","2":"type-product","3":"status-publish","4":"has-post-thumbnail","6":"product_cat-kolorowe-zabawki","7":"product_cat-playtime-pl","8":"product_cat-zabawki-muzyczne","9":"product_cat-zabawki-ruchowe","11":"first","12":"instock","13":"taxable","14":"shipping-taxable","15":"purchasable","16":"product-type-simple"},"_links":{"self":[{"href":"https:\/\/www.bojungle.eu\/pl\/wp-json\/wp\/v2\/product\/43246","targetHints":{"allow":["GET"]}}],"collection":[{"href":"https:\/\/www.bojungle.eu\/pl\/wp-json\/wp\/v2\/product"}],"about":[{"href":"https:\/\/www.bojungle.eu\/pl\/wp-json\/wp\/v2\/types\/product"}],"replies":[{"embeddable":true,"href":"https:\/\/www.bojungle.eu\/pl\/wp-json\/wp\/v2\/comments?post=43246"}],"version-history":[{"count":1,"href":"https:\/\/www.bojungle.eu\/pl\/wp-json\/wp\/v2\/product\/43246\/revisions"}],"predecessor-version":[{"id":79072,"href":"https:\/\/www.bojungle.eu\/pl\/wp-json\/wp\/v2\/product\/43246\/revisions\/79072"}],"wp:featuredmedia":[{"embeddable":true,"href":"https:\/\/www.bojungle.eu\/pl\/wp-json\/wp\/v2\/media\/71447"}],"wp:attachment":[{"href":"https:\/\/www.bojungle.eu\/pl\/wp-json\/wp\/v2\/media?parent=43246"}],"wp:term":[{"taxonomy":"product_brand","embeddable":true,"href":"https:\/\/www.bojungle.eu\/pl\/wp-json\/wp\/v2\/product_brand?post=43246"},{"taxonomy":"product_cat","embeddable":true,"href":"https:\/\/www.bojungle.eu\/pl\/wp-json\/wp\/v2\/product_cat?post=43246"},{"taxonomy":"product_tag","embeddable":true,"href":"https:\/\/www.bojungle.eu\/pl\/wp-json\/wp\/v2\/product_tag?post=43246"},{"taxonomy":"woo-feed-brand","embeddable":true,"href":"https:\/\/www.bojungle.eu\/pl\/wp-json\/wp\/v2\/woo-feed-brand?post=43246"}],"curies":[{"name":"wp","href":"https:\/\/api.w.org\/{rel}","templated":true}]}}