{"id":43265,"date":"2022-05-29T11:21:04","date_gmt":"2022-05-29T09:21:04","guid":{"rendered":"https:\/\/bojungle.eu\/shop\/product\/b-dose-blue-whale\/"},"modified":"2022-05-29T11:21:04","modified_gmt":"2022-05-29T11:21:04","slug":"b-dose-blue-whale","status":"publish","type":"product","link":"https:\/\/www.bojungle.eu\/pl\/produkt\/b-dose-blue-whale\/","title":{"rendered":"B-Dose Blue Whale"},"content":{"rendered":"<ul>\n<li>Dozownik mleka w proszku dla niemowl\u0105t z indywidualn\u0105 wylewk\u0105 dla ka\u017cdej komory<\/li>\n<li>\u0141atwy do zabrania na wycieczki<\/li>\n<li>Zamyka si\u0119 w 100% hermetycznie<\/li>\n<li>3 oddzielne komory, ka\u017cda z nich ma sw\u00f3j w\u0142asny dzi\u00f3bek do wylewania<\/li>\n<li>Mo\u017cliwo\u015b\u0107 sterylizacji<\/li>\n<\/ul>\n","protected":false},"excerpt":{"rendered":"<p>Dozownik mleka w proszku dla niemowl\u0105t z indywidualn\u0105 wylewk\u0105 dla ka\u017cdej komory<\/p>\n","protected":false},"featured_media":72944,"comment_status":"closed","ping_status":"closed","template":"","meta":{"_lmt_disableupdate":"","_lmt_disable":""},"product_brand":[],"product_cat":[444,441],"product_tag":[],"woo-feed-brand":[],"class_list":{"0":"post-43265","1":"product","2":"type-product","3":"status-publish","4":"has-post-thumbnail","6":"product_cat-przygotowanie-posilkow","7":"product_cat-zywnosc-i-napoje","9":"first","10":"instock","11":"taxable","12":"shipping-taxable","13":"purchasable","14":"product-type-simple"},"_links":{"self":[{"href":"https:\/\/www.bojungle.eu\/pl\/wp-json\/wp\/v2\/product\/43265","targetHints":{"allow":["GET"]}}],"collection":[{"href":"https:\/\/www.bojungle.eu\/pl\/wp-json\/wp\/v2\/product"}],"about":[{"href":"https:\/\/www.bojungle.eu\/pl\/wp-json\/wp\/v2\/types\/product"}],"replies":[{"embeddable":true,"href":"https:\/\/www.bojungle.eu\/pl\/wp-json\/wp\/v2\/comments?post=43265"}],"version-history":[{"count":0,"href":"https:\/\/www.bojungle.eu\/pl\/wp-json\/wp\/v2\/product\/43265\/revisions"}],"wp:featuredmedia":[{"embeddable":true,"href":"https:\/\/www.bojungle.eu\/pl\/wp-json\/wp\/v2\/media\/72944"}],"wp:attachment":[{"href":"https:\/\/www.bojungle.eu\/pl\/wp-json\/wp\/v2\/media?parent=43265"}],"wp:term":[{"taxonomy":"product_brand","embeddable":true,"href":"https:\/\/www.bojungle.eu\/pl\/wp-json\/wp\/v2\/product_brand?post=43265"},{"taxonomy":"product_cat","embeddable":true,"href":"https:\/\/www.bojungle.eu\/pl\/wp-json\/wp\/v2\/product_cat?post=43265"},{"taxonomy":"product_tag","embeddable":true,"href":"https:\/\/www.bojungle.eu\/pl\/wp-json\/wp\/v2\/product_tag?post=43265"},{"taxonomy":"woo-feed-brand","embeddable":true,"href":"https:\/\/www.bojungle.eu\/pl\/wp-json\/wp\/v2\/woo-feed-brand?post=43265"}],"curies":[{"name":"wp","href":"https:\/\/api.w.org\/{rel}","templated":true}]}}