{"id":43267,"date":"2022-05-29T11:12:50","date_gmt":"2022-05-29T09:12:50","guid":{"rendered":"https:\/\/bojungle.eu\/shop\/product\/b-car-home-mirror-tambo-the-monkey\/"},"modified":"2022-05-29T11:12:50","modified_gmt":"2022-05-29T11:12:50","slug":"b-car-home-mirrortambo-the-monkey","status":"publish","type":"product","link":"https:\/\/www.bojungle.eu\/pl\/produkt\/b-car-home-mirrortambo-the-monkey\/","title":{"rendered":"B-Car &amp; Home Mirror Tambo the Monkey"},"content":{"rendered":"<ul>\n<li>Idealne rozwi\u0105zanie dla rodzic\u00f3w, kt\u00f3rzy chc\u0105 zapewni\u0107 dziecku rozrywk\u0119 podczas d\u0142ugich podr\u00f3\u017cy. On lub ona b\u0119d\u0105 uwielbia\u0107 odkrywa\u0107 siebie w lustrze!<\/li>\n<li>Lusterko mo\u017ce by\u0107 przymocowane do zag\u0142\u00f3wka w samochodzie, ale mo\u017cna je r\u00f3wnie\u017c przymocowa\u0107 do kojca lub nawet \u0142\u00f3\u017ceczka dzieci\u0119cego<\/li>\n<li>Zawiera p\u0119tle do mocowania dodatkowych zabawek.<\/li>\n<\/ul>\n","protected":false},"excerpt":{"rendered":"<p>Idealne rozwi\u0105zanie dla rodzic\u00f3w, kt\u00f3rzy chc\u0105 zapewni\u0107 dziecku rozrywk\u0119 podczas d\u0142ugich podr\u00f3\u017cy. On lub ona b\u0119d\u0105 uwielbia\u0107 odkrywa\u0107 siebie w lustrze!<\/p>\n","protected":false},"featured_media":68571,"comment_status":"closed","ping_status":"closed","template":"","meta":{"_lmt_disableupdate":"","_lmt_disable":""},"product_brand":[],"product_cat":[630,629,474,1344],"product_tag":[],"woo-feed-brand":[],"class_list":{"0":"post-43267","1":"product","2":"type-product","3":"status-publish","4":"has-post-thumbnail","6":"product_cat-akcesoria-zewnetrzne","7":"product_cat-na-zewnatrz","8":"product_cat-playtime-pl","9":"product_cat-sprzedaz-pl","11":"first","12":"instock","13":"sale","14":"taxable","15":"shipping-taxable","16":"purchasable","17":"product-type-simple"},"_links":{"self":[{"href":"https:\/\/www.bojungle.eu\/pl\/wp-json\/wp\/v2\/product\/43267","targetHints":{"allow":["GET"]}}],"collection":[{"href":"https:\/\/www.bojungle.eu\/pl\/wp-json\/wp\/v2\/product"}],"about":[{"href":"https:\/\/www.bojungle.eu\/pl\/wp-json\/wp\/v2\/types\/product"}],"replies":[{"embeddable":true,"href":"https:\/\/www.bojungle.eu\/pl\/wp-json\/wp\/v2\/comments?post=43267"}],"version-history":[{"count":0,"href":"https:\/\/www.bojungle.eu\/pl\/wp-json\/wp\/v2\/product\/43267\/revisions"}],"wp:featuredmedia":[{"embeddable":true,"href":"https:\/\/www.bojungle.eu\/pl\/wp-json\/wp\/v2\/media\/68571"}],"wp:attachment":[{"href":"https:\/\/www.bojungle.eu\/pl\/wp-json\/wp\/v2\/media?parent=43267"}],"wp:term":[{"taxonomy":"product_brand","embeddable":true,"href":"https:\/\/www.bojungle.eu\/pl\/wp-json\/wp\/v2\/product_brand?post=43267"},{"taxonomy":"product_cat","embeddable":true,"href":"https:\/\/www.bojungle.eu\/pl\/wp-json\/wp\/v2\/product_cat?post=43267"},{"taxonomy":"product_tag","embeddable":true,"href":"https:\/\/www.bojungle.eu\/pl\/wp-json\/wp\/v2\/product_tag?post=43267"},{"taxonomy":"woo-feed-brand","embeddable":true,"href":"https:\/\/www.bojungle.eu\/pl\/wp-json\/wp\/v2\/woo-feed-brand?post=43267"}],"curies":[{"name":"wp","href":"https:\/\/api.w.org\/{rel}","templated":true}]}}