{"id":43381,"date":"2022-05-29T11:10:25","date_gmt":"2022-05-29T09:10:25","guid":{"rendered":"https:\/\/bojungle.eu\/shop\/product\/b-bowlls-glass-white-grey-pink-3szt\/"},"modified":"2025-04-09T13:43:48","modified_gmt":"2025-04-09T11:43:48","slug":"b-miski-szklane-bialo-szaro-rozowe-3szt","status":"publish","type":"product","link":"https:\/\/www.bojungle.eu\/pl\/produkt\/b-miski-szklane-bialo-szaro-rozowe-3szt\/","title":{"rendered":"B-Bowlls Glass White-Grey-Pink (3szt)"},"content":{"rendered":"<p class=\"\" data-start=\"143\" data-end=\"427\">Zaprojektowany z my\u015bl\u0105 o Twoim maluchu, ten zestaw 3 pojemnik\u00f3w do przechowywania \u017cywno\u015bci dla niemowl\u0105t oferuje bezpieczne, praktyczne i przyjazne dla \u015brodowiska rozwi\u0105zanie do przechowywania domowych przecier\u00f3w, przek\u0105sek i posi\u0142k\u00f3w. Wykonane z wysokiej jako\u015bci szk\u0142a borokrzemowego, s\u0105 wytrzyma\u0142e, odporne na temperatur\u0119 i idealne dla zapracowanych rodzic\u00f3w. <\/p>\n<p class=\"\" data-start=\"429\" data-end=\"455\"><strong data-start=\"429\" data-end=\"455\">Dlaczego rodzice je kochaj\u0105:<\/strong><\/p>\n<ul data-start=\"456\" data-end=\"959\">\n<li class=\"\" data-start=\"456\" data-end=\"549\">\n<p class=\"\" data-start=\"458\" data-end=\"549\"><strong data-start=\"458\" data-end=\"489\">100% szczelno\u015bci i hermetyczno\u015bci: <\/strong>Zachowaj \u015bwie\u017co\u015b\u0107 \u017cywno\u015bci bez ba\u0142aganu dzi\u0119ki bezpiecznemu, hermetycznemu uszczelnieniu.<\/p>\n<\/li>\n<li class=\"\" data-start=\"550\" data-end=\"663\">\n<p class=\"\" data-start=\"552\" data-end=\"663\"><strong data-start=\"552\" data-end=\"576\">Materia\u0142y bezpieczne dla dziecka: <\/strong>Szk\u0142o borokrzemowe jest nietoksyczne, odporne na zapachy i wolne od szkodliwych chemikali\u00f3w.<\/p>\n<\/li>\n<li class=\"\" data-start=\"664\" data-end=\"848\">\n<p class=\"\" data-start=\"666\" data-end=\"685\"><strong data-start=\"666\" data-end=\"684\">Wszechstronne zastosowanie<\/strong><\/p>\n<\/li>\n<li class=\"\" data-start=\"849\" data-end=\"959\">\n<p class=\"\" data-start=\"851\" data-end=\"959\"><strong data-start=\"851\" data-end=\"868\">Idealny rozmiar: <\/strong>Ka\u017cdy pojemnik ma pojemno\u015b\u0107 360 ml &#8211; idealny do przygotowywania posi\u0142k\u00f3w dla niemowl\u0105t lub przechowywania posi\u0142k\u00f3w dla ma\u0142ych dzieci.<\/p>\n<\/li>\n<\/ul>\n<p class=\"\" data-start=\"961\" data-end=\"1100\">Od zamra\u017cania ma\u0142ych porcji po odgrzewanie resztek, te pojemniki s\u0105 idealnym towarzyszem na ka\u017cdym etapie podr\u00f3\u017cy dziecka.<\/p>\n","protected":false},"excerpt":{"rendered":"<article class=\"text-token-text-primary w-full\" dir=\"auto\" data-testid=\"conversation-turn-6\" data-scroll-anchor=\"true\">\n<div class=\"text-base my-auto mx-auto py-5 [--thread-content-margin:--spacing(4)] @[37rem]:[--thread-content-margin:--spacing(6)] @[70rem]:[--thread-content-margin:--spacing(12)] px-(--thread-content-margin)\">\n<div class=\"[--thread-content-max-width:32rem] @[34rem]:[--thread-content-max-width:40rem] @[64rem]:[--thread-content-max-width:48rem] mx-auto flex max-w-(--thread-content-max-width) flex-1 text-base gap-4 md:gap-5 lg:gap-6 group\/turn-messages focus-visible:outline-hidden\" tabindex=\"-1\">\n<div class=\"group\/conversation-turn relative flex w-full min-w-0 flex-col agent-turn\">\n<div class=\"relative flex-col gap-1 md:gap-3\">\n<div class=\"flex max-w-full flex-col grow\">\n<div class=\"min-h-8 text-message relative flex w-full flex-col items-end gap-2 text-start break-words whitespace-normal [.text-message+&amp;]:mt-5\" dir=\"auto\" data-message-author-role=\"assistant\" data-message-id=\"96df15f7-760b-43ea-9a88-c295badfdb09\" data-message-model-slug=\"gpt-4o\">\n<div class=\"flex w-full flex-col gap-1 empty:hidden first:pt-[3px]\">\n<div class=\"markdown prose dark:prose-invert w-full break-words light\">\n<p class=\"\" data-start=\"98\" data-end=\"420\">Zachowaj \u015bwie\u017co\u015b\u0107 i bezpiecze\u0144stwo posi\u0142k\u00f3w dla dziecka dzi\u0119ki tym pojemnikom ze szk\u0142a borokrzemowego. W 100% szczelne i hermetyczne, s\u0105 idealne do przechowywania, zamra\u017cania, odgrzewania i serwowania domowego jedzenia dla niemowl\u0105t. Mo\u017cna je stosowa\u0107 w kuchence mikrofalowej, piekarniku (do 600\u00b0C, bez pokrywki), zamra\u017carce i my\u0107 w zmywarce. \u0141atwe do sterylizacji &#8211; stworzone dla zapracowanych, dbaj\u0105cych o zdrowie rodzic\u00f3w.   <\/p>\n<\/div>\n<\/div>\n<\/div>\n<\/div>\n<\/div>\n<div class=\"absolute\">\n<div class=\"flex items-center justify-center\"><\/div>\n<\/div>\n<\/div>\n<\/div>\n<\/div>\n<\/article>\n<div class=\"pointer-events-none h-px w-px\" aria-hidden=\"true\" data-edge=\"true\"><\/div>\n","protected":false},"featured_media":69835,"comment_status":"closed","ping_status":"closed","template":"","meta":{"_lmt_disableupdate":"","_lmt_disable":""},"product_brand":[],"product_cat":[444,441],"product_tag":[],"woo-feed-brand":[],"class_list":{"0":"post-43381","1":"product","2":"type-product","3":"status-publish","4":"has-post-thumbnail","6":"product_cat-przygotowanie-posilkow","7":"product_cat-zywnosc-i-napoje","9":"first","10":"instock","11":"taxable","12":"shipping-taxable","13":"purchasable","14":"product-type-simple"},"_links":{"self":[{"href":"https:\/\/www.bojungle.eu\/pl\/wp-json\/wp\/v2\/product\/43381","targetHints":{"allow":["GET"]}}],"collection":[{"href":"https:\/\/www.bojungle.eu\/pl\/wp-json\/wp\/v2\/product"}],"about":[{"href":"https:\/\/www.bojungle.eu\/pl\/wp-json\/wp\/v2\/types\/product"}],"replies":[{"embeddable":true,"href":"https:\/\/www.bojungle.eu\/pl\/wp-json\/wp\/v2\/comments?post=43381"}],"version-history":[{"count":1,"href":"https:\/\/www.bojungle.eu\/pl\/wp-json\/wp\/v2\/product\/43381\/revisions"}],"predecessor-version":[{"id":79563,"href":"https:\/\/www.bojungle.eu\/pl\/wp-json\/wp\/v2\/product\/43381\/revisions\/79563"}],"wp:featuredmedia":[{"embeddable":true,"href":"https:\/\/www.bojungle.eu\/pl\/wp-json\/wp\/v2\/media\/69835"}],"wp:attachment":[{"href":"https:\/\/www.bojungle.eu\/pl\/wp-json\/wp\/v2\/media?parent=43381"}],"wp:term":[{"taxonomy":"product_brand","embeddable":true,"href":"https:\/\/www.bojungle.eu\/pl\/wp-json\/wp\/v2\/product_brand?post=43381"},{"taxonomy":"product_cat","embeddable":true,"href":"https:\/\/www.bojungle.eu\/pl\/wp-json\/wp\/v2\/product_cat?post=43381"},{"taxonomy":"product_tag","embeddable":true,"href":"https:\/\/www.bojungle.eu\/pl\/wp-json\/wp\/v2\/product_tag?post=43381"},{"taxonomy":"woo-feed-brand","embeddable":true,"href":"https:\/\/www.bojungle.eu\/pl\/wp-json\/wp\/v2\/woo-feed-brand?post=43381"}],"curies":[{"name":"wp","href":"https:\/\/api.w.org\/{rel}","templated":true}]}}