{"id":43385,"date":"2022-05-29T11:10:38","date_gmt":"2022-05-29T09:10:38","guid":{"rendered":"https:\/\/bojungle.eu\/shop\/product\/b-bowlls-300ml-6-szt-grey-white-turquoise\/"},"modified":"2022-05-29T11:10:38","modified_gmt":"2022-05-29T11:10:38","slug":"b-bowls-300ml-6-pcs-grey-white-turquoise","status":"publish","type":"product","link":"https:\/\/www.bojungle.eu\/pl\/produkt\/b-bowls-300ml-6-pcs-grey-white-turquoise\/","title":{"rendered":"B-Bowlls 300ml (6 szt) (Grey &#8211; White &#8211; Turquoise)"},"content":{"rendered":"<ul>\n<li>6 pojemnik\u00f3w do przechowywania \u017cywno\u015bci<\/li>\n<li>Zamkn\u0105\u0107 w 100% hermetycznie<\/li>\n<li>Mo\u017cna u\u017cywa\u0107 w kuchence mikrofalowej (zdj\u0105\u0107 pokryw\u0119), zamra\u017carce i lod\u00f3wce<\/li>\n<li>Mo\u017cliwo\u015b\u0107 mycia w zmywarce<\/li>\n<li>Mo\u017cliwo\u015b\u0107 sterylizacji (sterylizacja na zimno)<\/li>\n<li>Zawarto\u015b\u0107: 300 ml<\/li>\n<li>Zestaw 300 ml: 2 x Turkusowy &#8211; 2 x Taupe &#8211; 2 x Bia\u0142y<\/li>\n<\/ul>\n","protected":false},"excerpt":{"rendered":"<p>6 pojemnik\u00f3w do przechowywania \u017cywno\u015bci<\/p>\n","protected":false},"featured_media":72643,"comment_status":"closed","ping_status":"closed","template":"","meta":{"_lmt_disableupdate":"","_lmt_disable":""},"product_brand":[],"product_cat":[444,441],"product_tag":[],"woo-feed-brand":[],"class_list":{"0":"post-43385","1":"product","2":"type-product","3":"status-publish","4":"has-post-thumbnail","6":"product_cat-przygotowanie-posilkow","7":"product_cat-zywnosc-i-napoje","9":"first","10":"instock","11":"taxable","12":"shipping-taxable","13":"purchasable","14":"product-type-simple"},"_links":{"self":[{"href":"https:\/\/www.bojungle.eu\/pl\/wp-json\/wp\/v2\/product\/43385","targetHints":{"allow":["GET"]}}],"collection":[{"href":"https:\/\/www.bojungle.eu\/pl\/wp-json\/wp\/v2\/product"}],"about":[{"href":"https:\/\/www.bojungle.eu\/pl\/wp-json\/wp\/v2\/types\/product"}],"replies":[{"embeddable":true,"href":"https:\/\/www.bojungle.eu\/pl\/wp-json\/wp\/v2\/comments?post=43385"}],"version-history":[{"count":0,"href":"https:\/\/www.bojungle.eu\/pl\/wp-json\/wp\/v2\/product\/43385\/revisions"}],"wp:featuredmedia":[{"embeddable":true,"href":"https:\/\/www.bojungle.eu\/pl\/wp-json\/wp\/v2\/media\/72643"}],"wp:attachment":[{"href":"https:\/\/www.bojungle.eu\/pl\/wp-json\/wp\/v2\/media?parent=43385"}],"wp:term":[{"taxonomy":"product_brand","embeddable":true,"href":"https:\/\/www.bojungle.eu\/pl\/wp-json\/wp\/v2\/product_brand?post=43385"},{"taxonomy":"product_cat","embeddable":true,"href":"https:\/\/www.bojungle.eu\/pl\/wp-json\/wp\/v2\/product_cat?post=43385"},{"taxonomy":"product_tag","embeddable":true,"href":"https:\/\/www.bojungle.eu\/pl\/wp-json\/wp\/v2\/product_tag?post=43385"},{"taxonomy":"woo-feed-brand","embeddable":true,"href":"https:\/\/www.bojungle.eu\/pl\/wp-json\/wp\/v2\/woo-feed-brand?post=43385"}],"curies":[{"name":"wp","href":"https:\/\/api.w.org\/{rel}","templated":true}]}}