{"id":43398,"date":"2022-05-29T11:06:38","date_gmt":"2022-05-29T09:06:38","guid":{"rendered":"https:\/\/bojungle.eu\/shop\/product\/b-bottle-warmer-superfast-digital-car-and-home-grey\/"},"modified":"2024-02-06T16:35:44","modified_gmt":"2024-02-06T15:35:44","slug":"b-bottle-warmer-flower-grey","status":"publish","type":"product","link":"https:\/\/www.bojungle.eu\/pl\/produkt\/b-bottle-warmer-flower-grey\/","title":{"rendered":"B-Podgrzewacz do butelek Kwiat"},"content":{"rendered":"<p>Podgrzewacz do butelek Flower to \u0142atwy w u\u017cyciu parowy podgrzewacz do butelek , kt\u00f3ry mo\u017ce by\u0107 u\u017cywany do podgrzewania butelek i s\u0142oiczk\u00f3w z jedzeniem Twojego dziecka<\/p>\n<ul>\n<li>Podgrzanie butelki o pojemno\u015bci 240 ml zajmuje tylko 3 minuty i 30 sekund<\/li>\n<li>Wizualny i d\u017awi\u0119kowy alarm wskazuje, kiedy butelka jest gor\u0105ca<\/li>\n<li> Zatrzymuje si\u0119 automatycznie<\/li>\n<li>Akcesoria w zestawie: pier\u015bcie\u0144 adaptacyjny do mniejszych butelek, uchwyt na s\u0142oiczek lub butelk\u0119, miarka i szczypce.<\/li>\n<\/ul>\n","protected":false},"excerpt":{"rendered":"<p>Odkryj podgrzewacz do butelek Flower, najlepsze rozwi\u0105zanie do bezproblemowego podgrzewania butelek i s\u0142oik\u00f3w z jedzeniem Twojego dziecka. Ten przyjazny dla u\u017cytkownika podgrzewacz do butelek parowych zapewnia szybkie i wydajne podgrzewanie, zajmuj\u0105c zaledwie 3 minuty i 30 sekund dla butelki o pojemno\u015bci 240 ml. Wyposa\u017cony zar\u00f3wno w alarmy wizualne, jak i d\u017awi\u0119kowe, otrzymasz powiadomienie, gdy Twoja butelka osi\u0105gnie idealn\u0105 temperatur\u0119. Dodatkowo funkcja automatycznego wy\u0142\u0105czania zapewnia dodatkowe bezpiecze\u0144stwo i spok\u00f3j ducha. W komplecie z niezb\u0119dnymi akcesoriami, takimi jak pier\u015bcie\u0144 adaptacyjny do mniejszych butelek, uchwyt na s\u0142oiki lub butelki, miarka i szczypce, podgrzewacz do butelek Flower zapewnia wygod\u0119 w codziennej piel\u0119gnacji dziecka. Utrzymuj posi\u0142ki swojego malucha w cieple i gotowo\u015bci z \u0142atwo\u015bci\u0105 dzi\u0119ki podgrzewaczowi do butelek Flower.<\/p>\n<p>&nbsp;<\/p>\n","protected":false},"featured_media":65229,"comment_status":"closed","ping_status":"closed","template":"","meta":{"_lmt_disableupdate":"","_lmt_disable":""},"product_brand":[],"product_cat":[444,441],"product_tag":[],"woo-feed-brand":[],"class_list":{"0":"post-43398","1":"product","2":"type-product","3":"status-publish","4":"has-post-thumbnail","6":"product_cat-przygotowanie-posilkow","7":"product_cat-zywnosc-i-napoje","9":"first","10":"instock","11":"taxable","12":"shipping-taxable","13":"purchasable","14":"product-type-simple"},"_links":{"self":[{"href":"https:\/\/www.bojungle.eu\/pl\/wp-json\/wp\/v2\/product\/43398","targetHints":{"allow":["GET"]}}],"collection":[{"href":"https:\/\/www.bojungle.eu\/pl\/wp-json\/wp\/v2\/product"}],"about":[{"href":"https:\/\/www.bojungle.eu\/pl\/wp-json\/wp\/v2\/types\/product"}],"replies":[{"embeddable":true,"href":"https:\/\/www.bojungle.eu\/pl\/wp-json\/wp\/v2\/comments?post=43398"}],"version-history":[{"count":1,"href":"https:\/\/www.bojungle.eu\/pl\/wp-json\/wp\/v2\/product\/43398\/revisions"}],"predecessor-version":[{"id":65258,"href":"https:\/\/www.bojungle.eu\/pl\/wp-json\/wp\/v2\/product\/43398\/revisions\/65258"}],"wp:featuredmedia":[{"embeddable":true,"href":"https:\/\/www.bojungle.eu\/pl\/wp-json\/wp\/v2\/media\/65229"}],"wp:attachment":[{"href":"https:\/\/www.bojungle.eu\/pl\/wp-json\/wp\/v2\/media?parent=43398"}],"wp:term":[{"taxonomy":"product_brand","embeddable":true,"href":"https:\/\/www.bojungle.eu\/pl\/wp-json\/wp\/v2\/product_brand?post=43398"},{"taxonomy":"product_cat","embeddable":true,"href":"https:\/\/www.bojungle.eu\/pl\/wp-json\/wp\/v2\/product_cat?post=43398"},{"taxonomy":"product_tag","embeddable":true,"href":"https:\/\/www.bojungle.eu\/pl\/wp-json\/wp\/v2\/product_tag?post=43398"},{"taxonomy":"woo-feed-brand","embeddable":true,"href":"https:\/\/www.bojungle.eu\/pl\/wp-json\/wp\/v2\/woo-feed-brand?post=43398"}],"curies":[{"name":"wp","href":"https:\/\/api.w.org\/{rel}","templated":true}]}}