{"id":43410,"date":"2022-05-29T11:07:35","date_gmt":"2022-05-29T09:07:35","guid":{"rendered":"https:\/\/bojungle.eu\/shop\/product\/b-bottle-warmer-superfast-digital-home-grey\/"},"modified":"2024-01-11T15:55:09","modified_gmt":"2024-01-11T14:55:09","slug":"b-bottle-warmer-superfast-digital-home-grey","status":"publish","type":"product","link":"https:\/\/www.bojungle.eu\/pl\/produkt\/b-bottle-warmer-superfast-digital-home-grey\/","title":{"rendered":"B-Bottle Warmer Superfast Digital Home (Grey)"},"content":{"rendered":"<ul>\n<li>Najwi\u0119kszy i najszybszy podgrzewacz do butelek na rynku<\/li>\n<li>1 min 30 na podgrzanie butelki 240 ml<\/li>\n<li>2 minuty na podgrzanie s\u0142oiczka z jedzeniem dla niemowl\u0105t<\/li>\n<li>\u015arednica wewn\u0119trzna 8,5 cm<\/li>\n<li>Czas ogrzewania konfigurowany z odst\u0119pem 10 sekund<\/li>\n<li>Wskazuje pozosta\u0142y czas ogrzewania<\/li>\n<li>Pier\u015bcie\u0144 adaptacyjny do ma\u0142ych butelek<\/li>\n<li>Zatrzymuje si\u0119 automatycznie, alarm wizualny i d\u017awi\u0119kowy<\/li>\n<li>Miarka do wody<\/li>\n<li>220V &#8211; 500 Watt<\/li>\n<\/ul>\n","protected":false},"excerpt":{"rendered":"<p>Najwi\u0119kszy i najszybszy podgrzewacz do butelek na rynku<\/p>\n","protected":false},"featured_media":53000,"comment_status":"closed","ping_status":"closed","template":"","meta":{"_lmt_disableupdate":"","_lmt_disable":""},"product_brand":[],"product_cat":[444,441],"product_tag":[],"woo-feed-brand":[],"class_list":{"0":"post-43410","1":"product","2":"type-product","3":"status-publish","4":"has-post-thumbnail","6":"product_cat-przygotowanie-posilkow","7":"product_cat-zywnosc-i-napoje","9":"first","10":"outofstock","11":"taxable","12":"shipping-taxable","13":"purchasable","14":"product-type-simple"},"_links":{"self":[{"href":"https:\/\/www.bojungle.eu\/pl\/wp-json\/wp\/v2\/product\/43410","targetHints":{"allow":["GET"]}}],"collection":[{"href":"https:\/\/www.bojungle.eu\/pl\/wp-json\/wp\/v2\/product"}],"about":[{"href":"https:\/\/www.bojungle.eu\/pl\/wp-json\/wp\/v2\/types\/product"}],"replies":[{"embeddable":true,"href":"https:\/\/www.bojungle.eu\/pl\/wp-json\/wp\/v2\/comments?post=43410"}],"version-history":[{"count":1,"href":"https:\/\/www.bojungle.eu\/pl\/wp-json\/wp\/v2\/product\/43410\/revisions"}],"predecessor-version":[{"id":64229,"href":"https:\/\/www.bojungle.eu\/pl\/wp-json\/wp\/v2\/product\/43410\/revisions\/64229"}],"wp:featuredmedia":[{"embeddable":true,"href":"https:\/\/www.bojungle.eu\/pl\/wp-json\/wp\/v2\/media\/53000"}],"wp:attachment":[{"href":"https:\/\/www.bojungle.eu\/pl\/wp-json\/wp\/v2\/media?parent=43410"}],"wp:term":[{"taxonomy":"product_brand","embeddable":true,"href":"https:\/\/www.bojungle.eu\/pl\/wp-json\/wp\/v2\/product_brand?post=43410"},{"taxonomy":"product_cat","embeddable":true,"href":"https:\/\/www.bojungle.eu\/pl\/wp-json\/wp\/v2\/product_cat?post=43410"},{"taxonomy":"product_tag","embeddable":true,"href":"https:\/\/www.bojungle.eu\/pl\/wp-json\/wp\/v2\/product_tag?post=43410"},{"taxonomy":"woo-feed-brand","embeddable":true,"href":"https:\/\/www.bojungle.eu\/pl\/wp-json\/wp\/v2\/woo-feed-brand?post=43410"}],"curies":[{"name":"wp","href":"https:\/\/api.w.org\/{rel}","templated":true}]}}