{"id":43427,"date":"2022-05-29T11:04:31","date_gmt":"2022-05-29T09:04:31","guid":{"rendered":"https:\/\/bojungle.eu\/shop\/product\/b-stojak-na-butelki-kwiat\/"},"modified":"2022-05-29T11:04:31","modified_gmt":"2022-05-29T11:04:31","slug":"b-butelka-stojak-kwiatek","status":"publish","type":"product","link":"https:\/\/www.bojungle.eu\/pl\/produkt\/b-butelka-stojak-kwiatek\/","title":{"rendered":"B &#8211; stojak na butelki &#8211; kwiat"},"content":{"rendered":"<ul>\n<li>Stojak na butelki w jednym kawa\u0142ku, \u0142atwy w u\u017cyciu<\/li>\n<li>Mo\u017cliwo\u015b\u0107 roz\u0142o\u017cenia w pozycji &#8222;kwiatka&#8221; do suszenia butelek, smoczk\u00f3w i pier\u015bcieni do butelek<\/li>\n<li>Na 12 butelek, smoczk\u00f3w i pier\u015bcieni do butelek<\/li>\n<li>Wykonane z polipropylenu, wolne od BPA<\/li>\n<li>Mo\u017cliwo\u015b\u0107 mycia w zmywarce<\/li>\n<li>Wymiary (po z\u0142o\u017ceniu) : 27 x 9 cm<\/li>\n<li>Wymiary (otwarte) : 30,8 cm x 17,85 cm<\/li>\n<\/ul>\n","protected":false},"excerpt":{"rendered":"<p>Stojak na butelki w jednym kawa\u0142ku, \u0142atwy w u\u017cyciu<\/p>\n","protected":false},"featured_media":69825,"comment_status":"closed","ping_status":"closed","template":"","meta":{"_lmt_disableupdate":"","_lmt_disable":""},"product_brand":[],"product_cat":[444,1344,441],"product_tag":[],"woo-feed-brand":[],"class_list":{"0":"post-43427","1":"product","2":"type-product","3":"status-publish","4":"has-post-thumbnail","6":"product_cat-przygotowanie-posilkow","7":"product_cat-sprzedaz-pl","8":"product_cat-zywnosc-i-napoje","10":"first","11":"instock","12":"sale","13":"taxable","14":"shipping-taxable","15":"purchasable","16":"product-type-simple"},"_links":{"self":[{"href":"https:\/\/www.bojungle.eu\/pl\/wp-json\/wp\/v2\/product\/43427","targetHints":{"allow":["GET"]}}],"collection":[{"href":"https:\/\/www.bojungle.eu\/pl\/wp-json\/wp\/v2\/product"}],"about":[{"href":"https:\/\/www.bojungle.eu\/pl\/wp-json\/wp\/v2\/types\/product"}],"replies":[{"embeddable":true,"href":"https:\/\/www.bojungle.eu\/pl\/wp-json\/wp\/v2\/comments?post=43427"}],"version-history":[{"count":0,"href":"https:\/\/www.bojungle.eu\/pl\/wp-json\/wp\/v2\/product\/43427\/revisions"}],"wp:featuredmedia":[{"embeddable":true,"href":"https:\/\/www.bojungle.eu\/pl\/wp-json\/wp\/v2\/media\/69825"}],"wp:attachment":[{"href":"https:\/\/www.bojungle.eu\/pl\/wp-json\/wp\/v2\/media?parent=43427"}],"wp:term":[{"taxonomy":"product_brand","embeddable":true,"href":"https:\/\/www.bojungle.eu\/pl\/wp-json\/wp\/v2\/product_brand?post=43427"},{"taxonomy":"product_cat","embeddable":true,"href":"https:\/\/www.bojungle.eu\/pl\/wp-json\/wp\/v2\/product_cat?post=43427"},{"taxonomy":"product_tag","embeddable":true,"href":"https:\/\/www.bojungle.eu\/pl\/wp-json\/wp\/v2\/product_tag?post=43427"},{"taxonomy":"woo-feed-brand","embeddable":true,"href":"https:\/\/www.bojungle.eu\/pl\/wp-json\/wp\/v2\/woo-feed-brand?post=43427"}],"curies":[{"name":"wp","href":"https:\/\/api.w.org\/{rel}","templated":true}]}}