{"id":43438,"date":"2022-05-29T11:06:15","date_gmt":"2022-05-29T09:06:15","guid":{"rendered":"https:\/\/bojungle.eu\/shop\/product\/b-bottle-warmer-superfast-digital-car-and-home-grey\/"},"modified":"2024-01-11T16:05:30","modified_gmt":"2024-01-11T15:05:30","slug":"b-butelka-grzejnik-superszybki-cyfrowy-samochod-i-dom-szary","status":"publish","type":"product","link":"https:\/\/www.bojungle.eu\/pl\/produkt\/b-butelka-grzejnik-superszybki-cyfrowy-samochod-i-dom-szary\/","title":{"rendered":"B-Bottle Warmer Superfast Digital Car and Home (Grey)"},"content":{"rendered":"<ul>\n<li>Najwi\u0119kszy i najszybszy podgrzewacz do butelek na rynku<\/li>\n<li>Zawiera adapter umo\u017cliwiaj\u0105cy \u0142adowanie w samochodzie<\/li>\n<li>\u00b1 1 min 30 do podgrzania butelki 240 ml<\/li>\n<li>\u00b1 2 minuty na podgrzanie s\u0142oiczka z jedzeniem dla niemowl\u0105t<\/li>\n<li>\u015arednica wewn\u0119trzna 8,5 cm<\/li>\n<li>Czas ogrzewania konfigurowany z odst\u0119pem 10 sekund<\/li>\n<li>Wskazuje pozosta\u0142y czas ogrzewania<\/li>\n<li>Pier\u015bcie\u0144 adaptacyjny do ma\u0142ych butelek<\/li>\n<li>Zatrzymuje si\u0119 automatycznie, alarm wizualny i d\u017awi\u0119kowy<\/li>\n<li>Miarka do wody<\/li>\n<li>220V &#8211; 500 Watt<\/li>\n<\/ul>\n","protected":false},"excerpt":{"rendered":"<p>Ten \u0142atwy w u\u017cyciu parowy podgrzewacz do butelek mo\u017ce by\u0107 u\u017cywany do podgrzewania butelek i s\u0142oiczk\u00f3w z jedzeniem dla dziecka. Dzi\u0119ki do\u0142\u0105czonemu adapterowi jest to r\u00f3wnie\u017c mo\u017cliwe w samochodzie.<\/p>\n","protected":false},"featured_media":72543,"comment_status":"closed","ping_status":"closed","template":"","meta":{"_lmt_disableupdate":"","_lmt_disable":""},"product_brand":[],"product_cat":[444,441],"product_tag":[],"woo-feed-brand":[],"class_list":{"0":"post-43438","1":"product","2":"type-product","3":"status-publish","4":"has-post-thumbnail","6":"product_cat-przygotowanie-posilkow","7":"product_cat-zywnosc-i-napoje","9":"first","10":"outofstock","11":"taxable","12":"shipping-taxable","13":"purchasable","14":"product-type-simple"},"_links":{"self":[{"href":"https:\/\/www.bojungle.eu\/pl\/wp-json\/wp\/v2\/product\/43438","targetHints":{"allow":["GET"]}}],"collection":[{"href":"https:\/\/www.bojungle.eu\/pl\/wp-json\/wp\/v2\/product"}],"about":[{"href":"https:\/\/www.bojungle.eu\/pl\/wp-json\/wp\/v2\/types\/product"}],"replies":[{"embeddable":true,"href":"https:\/\/www.bojungle.eu\/pl\/wp-json\/wp\/v2\/comments?post=43438"}],"version-history":[{"count":1,"href":"https:\/\/www.bojungle.eu\/pl\/wp-json\/wp\/v2\/product\/43438\/revisions"}],"predecessor-version":[{"id":64238,"href":"https:\/\/www.bojungle.eu\/pl\/wp-json\/wp\/v2\/product\/43438\/revisions\/64238"}],"wp:featuredmedia":[{"embeddable":true,"href":"https:\/\/www.bojungle.eu\/pl\/wp-json\/wp\/v2\/media\/72543"}],"wp:attachment":[{"href":"https:\/\/www.bojungle.eu\/pl\/wp-json\/wp\/v2\/media?parent=43438"}],"wp:term":[{"taxonomy":"product_brand","embeddable":true,"href":"https:\/\/www.bojungle.eu\/pl\/wp-json\/wp\/v2\/product_brand?post=43438"},{"taxonomy":"product_cat","embeddable":true,"href":"https:\/\/www.bojungle.eu\/pl\/wp-json\/wp\/v2\/product_cat?post=43438"},{"taxonomy":"product_tag","embeddable":true,"href":"https:\/\/www.bojungle.eu\/pl\/wp-json\/wp\/v2\/product_tag?post=43438"},{"taxonomy":"woo-feed-brand","embeddable":true,"href":"https:\/\/www.bojungle.eu\/pl\/wp-json\/wp\/v2\/woo-feed-brand?post=43438"}],"curies":[{"name":"wp","href":"https:\/\/api.w.org\/{rel}","templated":true}]}}