{"id":43446,"date":"2022-05-29T11:03:34","date_gmt":"2022-05-29T09:03:34","guid":{"rendered":"https:\/\/bojungle.eu\/shop\/product\/b-booster-seat-pink\/"},"modified":"2022-05-29T11:03:34","modified_gmt":"2022-05-29T11:03:34","slug":"b-booster-seat-pink","status":"publish","type":"product","link":"https:\/\/www.bojungle.eu\/pl\/produkt\/b-booster-seat-pink\/","title":{"rendered":"B-Booster Seat Pink"},"content":{"rendered":"<ul>\n<li>Zapewnij dziecku rozrywk\u0119 podczas jedzenia!<\/li>\n<li>Wyjmowana taca, kt\u00f3r\u0105 mo\u017cna my\u0107 w zmywarce<\/li>\n<li>Wyjmowany wk\u0142ad do tacy, \u0142atwy do czyszczenia<\/li>\n<li>\u0141atwo mocuje si\u0119 do wi\u0119kszo\u015bci krzese\u0142 dla doros\u0142ych<\/li>\n<li>\u0141atwy do zabrania na wycieczki<\/li>\n<li>Ro\u015bnie razem z dzieckiem: n\u00f3\u017cki mo\u017cna \u0142atwo regulowa\u0107 na 3 r\u00f3\u017cnych wysoko\u015bciach<\/li>\n<li>Stopy antypo\u015blizgowe<\/li>\n<li>3-punktowe szelki bezpiecze\u0144stwa<\/li>\n<li>2 wci\u0105gaj\u0105ce zabawki, kt\u00f3re zapewni\u0105 dziecku rozrywk\u0119<\/li>\n<li>Dost\u0119pny w 3 kolorach<\/li>\n<li>Zalecane 0-3 lat<\/li>\n<\/ul>\n","protected":false},"excerpt":{"rendered":"<p>Zapewnij dziecku rozrywk\u0119 podczas jedzenia!<\/p>\n","protected":false},"featured_media":75386,"comment_status":"closed","ping_status":"closed","template":"","meta":{"_lmt_disableupdate":"","_lmt_disable":""},"product_brand":[],"product_cat":[1344,653,441],"product_tag":[],"woo-feed-brand":[],"class_list":{"0":"post-43446","1":"product","2":"type-product","3":"status-publish","4":"has-post-thumbnail","6":"product_cat-sprzedaz-pl","7":"product_cat-wysokie-krzesla-i-foteliki-dla-dzieci","8":"product_cat-zywnosc-i-napoje","10":"first","11":"instock","12":"sale","13":"taxable","14":"shipping-taxable","15":"purchasable","16":"product-type-simple"},"_links":{"self":[{"href":"https:\/\/www.bojungle.eu\/pl\/wp-json\/wp\/v2\/product\/43446","targetHints":{"allow":["GET"]}}],"collection":[{"href":"https:\/\/www.bojungle.eu\/pl\/wp-json\/wp\/v2\/product"}],"about":[{"href":"https:\/\/www.bojungle.eu\/pl\/wp-json\/wp\/v2\/types\/product"}],"replies":[{"embeddable":true,"href":"https:\/\/www.bojungle.eu\/pl\/wp-json\/wp\/v2\/comments?post=43446"}],"version-history":[{"count":0,"href":"https:\/\/www.bojungle.eu\/pl\/wp-json\/wp\/v2\/product\/43446\/revisions"}],"wp:featuredmedia":[{"embeddable":true,"href":"https:\/\/www.bojungle.eu\/pl\/wp-json\/wp\/v2\/media\/75386"}],"wp:attachment":[{"href":"https:\/\/www.bojungle.eu\/pl\/wp-json\/wp\/v2\/media?parent=43446"}],"wp:term":[{"taxonomy":"product_brand","embeddable":true,"href":"https:\/\/www.bojungle.eu\/pl\/wp-json\/wp\/v2\/product_brand?post=43446"},{"taxonomy":"product_cat","embeddable":true,"href":"https:\/\/www.bojungle.eu\/pl\/wp-json\/wp\/v2\/product_cat?post=43446"},{"taxonomy":"product_tag","embeddable":true,"href":"https:\/\/www.bojungle.eu\/pl\/wp-json\/wp\/v2\/product_tag?post=43446"},{"taxonomy":"woo-feed-brand","embeddable":true,"href":"https:\/\/www.bojungle.eu\/pl\/wp-json\/wp\/v2\/woo-feed-brand?post=43446"}],"curies":[{"name":"wp","href":"https:\/\/api.w.org\/{rel}","templated":true}]}}