{"id":43472,"date":"2022-05-29T11:01:29","date_gmt":"2022-05-29T09:01:29","guid":{"rendered":"https:\/\/bojungle.eu\/shop\/product\/b-bike-jumpy-grey\/"},"modified":"2025-08-06T13:49:40","modified_gmt":"2025-08-06T11:49:40","slug":"b-bike-jumpy-grey","status":"publish","type":"product","link":"https:\/\/www.bojungle.eu\/pl\/produkt\/b-bike-jumpy-grey\/","title":{"rendered":"B-Bike Jumpy Grey"},"content":{"rendered":"<ul>\n<li>Hip i trendy<\/li>\n<li>Efekt jaskrawego \u015bwiat\u0142a<\/li>\n<li>\u017bywa muzyka<\/li>\n<li>\u0141atwy demonta\u017c<\/li>\n<li>Symulacyjny przyrz\u0105d samochodowy<\/li>\n<li>Obszerne, wygodne siedzisko<\/li>\n<li>Muzyka dynamiczna<\/li>\n<li>Koordynacja cia\u0142a<\/li>\n<li>Zdolno\u015b\u0107 dotykowa<\/li>\n<li>Stylowe zabawki je\u017cd\u017c\u0105ce wyposa\u017cone s\u0105 w wiele specjalnych funkcji, kt\u00f3re sprawi\u0105, \u017ce czas zabawy dziecka b\u0119dzie radosny i pe\u0142en wra\u017ce\u0144!<\/li>\n<\/ul>\n<table border=\"1\">\n<tbody>\n<tr>\n<td>Podr\u0119cznik<\/td>\n<td><a href=\"https:\/\/www.bojungle.eu\/wp-content\/uploads\/2025\/08\/Handleiding-Bike.pdf\">Kliknij tutaj<\/a><\/td>\n<\/tr>\n<\/tbody>\n<\/table>\n","protected":false},"excerpt":{"rendered":"<p>Stylowe zabawki je\u017cd\u017c\u0105ce wyposa\u017cone s\u0105 w wiele specjalnych funkcji, kt\u00f3re sprawi\u0105, \u017ce czas zabawy dziecka b\u0119dzie radosny i pe\u0142en wra\u017ce\u0144!<\/p>\n","protected":false},"featured_media":73430,"comment_status":"closed","ping_status":"closed","template":"","meta":{"_lmt_disableupdate":"","_lmt_disable":""},"product_brand":[],"product_cat":[474,614,613],"product_tag":[],"woo-feed-brand":[],"class_list":{"0":"post-43472","1":"product","2":"type-product","3":"status-publish","4":"has-post-thumbnail","6":"product_cat-playtime-pl","7":"product_cat-zabawki-muzyczne","8":"product_cat-zabawki-ruchowe","10":"first","11":"instock","12":"taxable","13":"shipping-taxable","14":"purchasable","15":"product-type-simple"},"_links":{"self":[{"href":"https:\/\/www.bojungle.eu\/pl\/wp-json\/wp\/v2\/product\/43472","targetHints":{"allow":["GET"]}}],"collection":[{"href":"https:\/\/www.bojungle.eu\/pl\/wp-json\/wp\/v2\/product"}],"about":[{"href":"https:\/\/www.bojungle.eu\/pl\/wp-json\/wp\/v2\/types\/product"}],"replies":[{"embeddable":true,"href":"https:\/\/www.bojungle.eu\/pl\/wp-json\/wp\/v2\/comments?post=43472"}],"version-history":[{"count":1,"href":"https:\/\/www.bojungle.eu\/pl\/wp-json\/wp\/v2\/product\/43472\/revisions"}],"predecessor-version":[{"id":80796,"href":"https:\/\/www.bojungle.eu\/pl\/wp-json\/wp\/v2\/product\/43472\/revisions\/80796"}],"wp:featuredmedia":[{"embeddable":true,"href":"https:\/\/www.bojungle.eu\/pl\/wp-json\/wp\/v2\/media\/73430"}],"wp:attachment":[{"href":"https:\/\/www.bojungle.eu\/pl\/wp-json\/wp\/v2\/media?parent=43472"}],"wp:term":[{"taxonomy":"product_brand","embeddable":true,"href":"https:\/\/www.bojungle.eu\/pl\/wp-json\/wp\/v2\/product_brand?post=43472"},{"taxonomy":"product_cat","embeddable":true,"href":"https:\/\/www.bojungle.eu\/pl\/wp-json\/wp\/v2\/product_cat?post=43472"},{"taxonomy":"product_tag","embeddable":true,"href":"https:\/\/www.bojungle.eu\/pl\/wp-json\/wp\/v2\/product_tag?post=43472"},{"taxonomy":"woo-feed-brand","embeddable":true,"href":"https:\/\/www.bojungle.eu\/pl\/wp-json\/wp\/v2\/woo-feed-brand?post=43472"}],"curies":[{"name":"wp","href":"https:\/\/api.w.org\/{rel}","templated":true}]}}