{"id":43495,"date":"2022-05-29T10:49:32","date_gmt":"2022-05-29T08:49:32","guid":{"rendered":"https:\/\/bojungle.eu\/shop\/product\/b-bib-ecological-sponge-rabbit-grey\/"},"modified":"2022-05-29T10:49:32","modified_gmt":"2022-05-29T10:49:32","slug":"b-bib-ekologiczna-gabka-szara","status":"publish","type":"product","link":"https:\/\/www.bojungle.eu\/pl\/produkt\/b-bib-ekologiczna-gabka-szara\/","title":{"rendered":"B-Bib Ecological Sponge Rabbit Grey"},"content":{"rendered":"<ul>\n<li>Koniec z plamami na ubraniach! Nasze \u015bliniaki frotte z zamkni\u0119ciem na zatrzaski s\u0105 wykonane w 100% z bawe\u0142ny organicznej. S\u0105 mi\u0119kkie, dobrze si\u0119 wch\u0142aniaj\u0105 i s\u0105 niezwykle urocze! Co\u015b dla ka\u017cdego!<\/li>\n<li>Wymiary: 26,5 x 49,5 cm<\/li>\n<li>Bawe\u0142na: 100% Biotcotton 450 GSM<\/li>\n<\/ul>\n","protected":false},"excerpt":{"rendered":"<p>Koniec z plamami na ubraniach! Nasze \u015bliniaki frotte z zamkni\u0119ciem na zatrzaski s\u0105 wykonane w 100% z bawe\u0142ny organicznej. S\u0105 mi\u0119kkie, dobrze wch\u0142aniaj\u0105 i s\u0105 niezwykle urocze! Co\u015b dla ka\u017cdego!<\/p>\n","protected":false},"featured_media":72784,"comment_status":"closed","ping_status":"closed","template":"","meta":{"_lmt_disableupdate":"","_lmt_disable":""},"product_brand":[],"product_cat":[567,441],"product_tag":[],"woo-feed-brand":[],"class_list":{"0":"post-43495","1":"product","2":"type-product","3":"status-publish","4":"has-post-thumbnail","6":"product_cat-czas-na-kolacje","7":"product_cat-zywnosc-i-napoje","9":"first","10":"instock","11":"taxable","12":"shipping-taxable","13":"purchasable","14":"product-type-simple"},"_links":{"self":[{"href":"https:\/\/www.bojungle.eu\/pl\/wp-json\/wp\/v2\/product\/43495","targetHints":{"allow":["GET"]}}],"collection":[{"href":"https:\/\/www.bojungle.eu\/pl\/wp-json\/wp\/v2\/product"}],"about":[{"href":"https:\/\/www.bojungle.eu\/pl\/wp-json\/wp\/v2\/types\/product"}],"replies":[{"embeddable":true,"href":"https:\/\/www.bojungle.eu\/pl\/wp-json\/wp\/v2\/comments?post=43495"}],"version-history":[{"count":0,"href":"https:\/\/www.bojungle.eu\/pl\/wp-json\/wp\/v2\/product\/43495\/revisions"}],"wp:featuredmedia":[{"embeddable":true,"href":"https:\/\/www.bojungle.eu\/pl\/wp-json\/wp\/v2\/media\/72784"}],"wp:attachment":[{"href":"https:\/\/www.bojungle.eu\/pl\/wp-json\/wp\/v2\/media?parent=43495"}],"wp:term":[{"taxonomy":"product_brand","embeddable":true,"href":"https:\/\/www.bojungle.eu\/pl\/wp-json\/wp\/v2\/product_brand?post=43495"},{"taxonomy":"product_cat","embeddable":true,"href":"https:\/\/www.bojungle.eu\/pl\/wp-json\/wp\/v2\/product_cat?post=43495"},{"taxonomy":"product_tag","embeddable":true,"href":"https:\/\/www.bojungle.eu\/pl\/wp-json\/wp\/v2\/product_tag?post=43495"},{"taxonomy":"woo-feed-brand","embeddable":true,"href":"https:\/\/www.bojungle.eu\/pl\/wp-json\/wp\/v2\/woo-feed-brand?post=43495"}],"curies":[{"name":"wp","href":"https:\/\/api.w.org\/{rel}","templated":true}]}}