{"id":43564,"date":"2022-05-29T10:41:59","date_gmt":"2022-05-29T08:41:59","guid":{"rendered":"https:\/\/bojungle.eu\/shop\/product\/szara-barierka\/"},"modified":"2025-05-14T16:04:09","modified_gmt":"2025-05-14T14:04:09","slug":"barierka-szara","status":"publish","type":"product","link":"https:\/\/www.bojungle.eu\/pl\/produkt\/barierka-szara\/","title":{"rendered":"Szara barierka"},"content":{"rendered":"<p>Nasza barierka do \u0142\u00f3\u017cka Grey to idealne po\u0142\u0105czenie bezpiecze\u0144stwa i wyrafinowania, aby zapewni\u0107 maluchowi bezpiecze\u0144stwo podczas snu! Wykonana z najwy\u017csz\u0105 staranno\u015bci\u0105 i dba\u0142o\u015bci\u0105 o szczeg\u00f3\u0142y, ta barierka do \u0142\u00f3\u017cka zosta\u0142a zaprojektowana tak, aby uzupe\u0142nia\u0107 wystr\u00f3j ka\u017cdej sypialni dzi\u0119ki delikatnym, neutralnym odcieniom szaro\u015bci. <\/p>\n<p>Bezpiecze\u0144stwo \u0142\u0105czy si\u0119 ze stylem dzi\u0119ki naszemu zabawnemu wzornictwu z subtelnymi, ale uroczymi akcentami, kt\u00f3re dodaj\u0105 odrobin\u0119 kaprysu do przestrzeni sypialnej Twojego dziecka. Niezale\u017cnie od tego, czy chodzi o bajki na dobranoc, czy zabaw\u0119 z wyobra\u017ani\u0105, mo\u017cesz mie\u0107 pewno\u015b\u0107, \u017ce Twoje dziecko jest przytulne i bezpieczne. <\/p>\n<p>Wygoda jest kluczowa, dlatego nasze barierki Bedrail Grey mo\u017cna \u0142atwo z\u0142o\u017cy\u0107, co u\u0142atwia przechowywanie i transport. Ponadto tkaniny mo\u017cna zdejmowa\u0107 i pra\u0107. Zbudowana z my\u015bl\u0105 o trwa\u0142o\u015bci, nasza barierka do \u0142\u00f3\u017cka ma solidn\u0105 ram\u0119, kt\u00f3ra zapewnia niezawodne wsparcie, zapewniaj\u0105c spok\u00f3j ducha, gdy maluch \u015bpi spokojnie przez ca\u0142\u0105 noc. <\/p>\n<p>Dzi\u0119ki wymiarom 120 cm d\u0142ugo\u015bci x 50 cm wysoko\u015bci, jest to idealny rozmiar, aby idealnie dopasowa\u0107 si\u0119 do konfiguracji \u0142\u00f3\u017cka dziecka. <\/p>\n<p>Zapewnij dziecku bezpiecze\u0144stwo w dobrym stylu dzi\u0119ki naszej barierce Bedrail Grey \u2013 poniewa\u017c dobry sen zaczyna si\u0119 od spokoju ducha.<\/p>\n<ul>\n<li>Zapewnij dziecku bezpiecze\u0144stwo w dobrym stylu!<\/li>\n<li>Delikatne, neutralne kolory<\/li>\n<li>Zabawne wzornictwo<\/li>\n<li>\u0141atwe do z\u0142o\u017cenia<\/li>\n<li>Zdejmowane, nadaj\u0105ce si\u0119 do prania w pralce luksusowe tkaniny<\/li>\n<li>Mocna rama<\/li>\n<\/ul>\n<p>&nbsp;<\/p>\n<table border=\"1\">\n<tbody>\n<tr>\n<td>Podr\u0119cznik<\/td>\n<td><a href=\"https:\/\/www.bojungle.eu\/wp-content\/uploads\/2025\/05\/B-Bedrail-Manual.pdf\" target=\"_blank\" rel=\"noopener\">Kliknij tutaj<\/a><\/td>\n<\/tr>\n<\/tbody>\n<\/table>\n","protected":false},"excerpt":{"rendered":"<div class=\"w-full text-token-text-primary\" data-testid=\"conversation-turn-5\">\n<div class=\"px-4 py-2 justify-center text-base md:gap-6 m-auto\">\n<div class=\"flex flex-1 text-base mx-auto gap-3 md:px-5 lg:px-1 xl:px-5 md:max-w-3xl lg:max-w-[40rem] xl:max-w-[48rem] group final-completion\">\n<div class=\"relative flex w-full flex-col agent-turn\">\n<div class=\"flex-col gap-1 md:gap-3\">\n<div class=\"flex flex-grow flex-col max-w-full\">\n<div class=\"min-h-[20px] text-message flex flex-col items-start gap-3 whitespace-pre-wrap break-words [.text-message+&amp;]:mt-5 overflow-x-auto\" data-message-author-role=\"assistant\" data-message-id=\"53f57814-90c3-4128-9578-79dd45938ba9\">\n<div class=\"markdown prose w-full break-words dark:prose-invert light\">\n<p>Bedrail Grey to idealne po\u0142\u0105czenie bezpiecze\u0144stwa i stylu dla miejsca do spania Twojego malucha. Dzi\u0119ki delikatnym, neutralnym kolorom i zabawnemu wzornictwu jest zar\u00f3wno uroczy, jak i praktyczny. \u0141atwo sk\u0142adany do przechowywania, wyposa\u017cony w zdejmowane, nadaj\u0105ce si\u0119 do prania w pralce luksusowe tkaniny i zbudowany z solidnej ramy zapewniaj\u0105cej niezawodne wsparcie. Zapewnij swojemu dziecku bezpiecze\u0144stwo i wygod\u0119 w dobrym stylu!   <\/p>\n<\/div>\n<\/div>\n<\/div>\n<div class=\"mt-1 flex justify-start gap-3 empty:hidden\">\n<div class=\"text-gray-400 flex self-end lg:self-center justify-center lg:justify-start mt-0 -ml-1 h-7 visible\">\n<p>&nbsp;<\/p>\n<div class=\"flex items-center gap-1.5 text-xs\"><\/div>\n<div class=\"flex\"><\/div>\n<\/div>\n<\/div>\n<\/div>\n<\/div>\n<\/div>\n<\/div>\n<\/div>\n<div class=\"mx-auto\">\n<div>\n<div class=\"mx-auto mt-2 inline-flex rounded-xl border border-gray-100 dark:border-gray-700\"><\/div>\n<\/div>\n<\/div>\n","protected":false},"featured_media":66842,"comment_status":"closed","ping_status":"closed","template":"","meta":{"_lmt_disableupdate":"","_lmt_disable":""},"product_brand":[],"product_cat":[524],"product_tag":[],"woo-feed-brand":[],"class_list":{"0":"post-43564","1":"product","2":"type-product","3":"status-publish","4":"has-post-thumbnail","6":"product_cat-sen","8":"first","9":"instock","10":"taxable","11":"shipping-taxable","12":"purchasable","13":"product-type-simple"},"_links":{"self":[{"href":"https:\/\/www.bojungle.eu\/pl\/wp-json\/wp\/v2\/product\/43564","targetHints":{"allow":["GET"]}}],"collection":[{"href":"https:\/\/www.bojungle.eu\/pl\/wp-json\/wp\/v2\/product"}],"about":[{"href":"https:\/\/www.bojungle.eu\/pl\/wp-json\/wp\/v2\/types\/product"}],"replies":[{"embeddable":true,"href":"https:\/\/www.bojungle.eu\/pl\/wp-json\/wp\/v2\/comments?post=43564"}],"version-history":[{"count":2,"href":"https:\/\/www.bojungle.eu\/pl\/wp-json\/wp\/v2\/product\/43564\/revisions"}],"predecessor-version":[{"id":79716,"href":"https:\/\/www.bojungle.eu\/pl\/wp-json\/wp\/v2\/product\/43564\/revisions\/79716"}],"wp:featuredmedia":[{"embeddable":true,"href":"https:\/\/www.bojungle.eu\/pl\/wp-json\/wp\/v2\/media\/66842"}],"wp:attachment":[{"href":"https:\/\/www.bojungle.eu\/pl\/wp-json\/wp\/v2\/media?parent=43564"}],"wp:term":[{"taxonomy":"product_brand","embeddable":true,"href":"https:\/\/www.bojungle.eu\/pl\/wp-json\/wp\/v2\/product_brand?post=43564"},{"taxonomy":"product_cat","embeddable":true,"href":"https:\/\/www.bojungle.eu\/pl\/wp-json\/wp\/v2\/product_cat?post=43564"},{"taxonomy":"product_tag","embeddable":true,"href":"https:\/\/www.bojungle.eu\/pl\/wp-json\/wp\/v2\/product_tag?post=43564"},{"taxonomy":"woo-feed-brand","embeddable":true,"href":"https:\/\/www.bojungle.eu\/pl\/wp-json\/wp\/v2\/woo-feed-brand?post=43564"}],"curies":[{"name":"wp","href":"https:\/\/api.w.org\/{rel}","templated":true}]}}